{"id":17527,"date":"2024-03-01T17:16:04","date_gmt":"2024-03-01T16:16:04","guid":{"rendered":"https:\/\/cyberoo.com\/choose-your-blog\/"},"modified":"2025-02-28T15:59:50","modified_gmt":"2025-02-28T14:59:50","slug":"wybierz-swoj-blog-o-cyberbezpieczenstwie","status":"publish","type":"page","link":"https:\/\/cyberoo.com\/pl\/wybierz-swoj-blog-o-cyberbezpieczenstwie\/","title":{"rendered":"Wybierz sw\u00f3j blog o cyberbezpiecze\u0144stwie"},"content":{"rendered":"[vc_row type=&#8221;in_container&#8221; full_screen_row_position=&#8221;middle&#8221; column_margin=&#8221;default&#8221; column_direction=&#8221;default&#8221; column_direction_tablet=&#8221;default&#8221; column_direction_phone=&#8221;default&#8221; scene_position=&#8221;center&#8221; left_margin=&#8221;10%&#8221; constrain_group_8=&#8221;yes&#8221; right_margin=&#8221;10%&#8221; text_color=&#8221;dark&#8221; text_align=&#8221;left&#8221; row_border_radius=&#8221;none&#8221; row_border_radius_applies=&#8221;bg&#8221; overflow=&#8221;visible&#8221; overlay_strength=&#8221;0.3&#8243; gradient_direction=&#8221;left_to_right&#8221; shape_divider_position=&#8221;bottom&#8221; bg_image_animation=&#8221;none&#8221; gradient_type=&#8221;default&#8221; shape_type=&#8221;&#8221;][vc_column column_padding=&#8221;no-extra-padding&#8221; column_padding_tablet=&#8221;inherit&#8221; column_padding_phone=&#8221;inherit&#8221; column_padding_position=&#8221;all&#8221; column_element_direction_desktop=&#8221;default&#8221; column_element_spacing=&#8221;default&#8221; desktop_text_alignment=&#8221;default&#8221; tablet_text_alignment=&#8221;default&#8221; phone_text_alignment=&#8221;default&#8221; background_color_opacity=&#8221;1&#8243; background_hover_color_opacity=&#8221;1&#8243; column_backdrop_filter=&#8221;none&#8221; column_shadow=&#8221;none&#8221; column_border_radius=&#8221;none&#8221; column_link_target=&#8221;_self&#8221; column_position=&#8221;default&#8221; gradient_direction=&#8221;left_to_right&#8221; overlay_strength=&#8221;0.3&#8243; width=&#8221;1\/1&#8243; tablet_width_inherit=&#8221;default&#8221; animation_type=&#8221;default&#8221; bg_image_animation=&#8221;none&#8221; border_type=&#8221;simple&#8221; column_border_width=&#8221;none&#8221; column_border_style=&#8221;solid&#8221;][split_line_heading animation_type=&#8221;default&#8221;]\n<h1 style=\"font-size: 50px;\">Wybierz sw\u00f3j blog o cyberbezpiecze\u0144stwie<\/h1>\n[\/split_line_heading][vc_row_inner column_margin=&#8221;default&#8221; column_direction=&#8221;default&#8221; column_direction_tablet=&#8221;default&#8221; column_direction_phone=&#8221;default&#8221; text_align=&#8221;left&#8221; row_position=&#8221;default&#8221; row_position_tablet=&#8221;inherit&#8221; row_position_phone=&#8221;inherit&#8221; overflow=&#8221;visible&#8221; pointer_events=&#8221;all&#8221;][vc_column_inner right_padding_desktop=&#8221;20px&#8221; right_padding_tablet=&#8221;0&#8243; right_padding_phone=&#8221;0&#8243; column_element_direction_desktop=&#8221;default&#8221; column_element_spacing=&#8221;default&#8221; desktop_text_alignment=&#8221;default&#8221; tablet_text_alignment=&#8221;default&#8221; phone_text_alignment=&#8221;default&#8221; background_color_opacity=&#8221;1&#8243; background_hover_color_opacity=&#8221;1&#8243; column_backdrop_filter=&#8221;none&#8221; column_shadow=&#8221;none&#8221; column_border_radius=&#8221;none&#8221; column_link_target=&#8221;_blank&#8221; overflow=&#8221;visible&#8221; gradient_direction=&#8221;left_to_right&#8221; overlay_strength=&#8221;0.3&#8243; width=&#8221;1\/2&#8243; tablet_width_inherit=&#8221;default&#8221; animation_type=&#8221;default&#8221; bg_image_animation=&#8221;none&#8221; border_type=&#8221;simple&#8221; column_border_width=&#8221;none&#8221; column_border_style=&#8221;solid&#8221; column_padding_type=&#8221;advanced&#8221; gradient_type=&#8221;default&#8221; column_link=&#8221;https:\/\/blog.cyberoo.com\/en\/&#8221;][divider line_type=&#8221;No Line&#8221; custom_height=&#8221;20px&#8221;][nectar_video_player_self_hosted video_webm=&#8221;https:\/\/content.cyberoo.com\/hubfs\/CYBEROO-azienda-1.webm&#8221; video_mp4=&#8221;https:\/\/blog.cyberoo.com\/pl&#8221; player_functionality=&#8221;default&#8221; hide_controls=&#8221;yes&#8221; loop=&#8221;yes&#8221; autoplay=&#8221;yes&#8221; video_loading=&#8221;default&#8221; border_radius=&#8221;none&#8221; box_shadow=&#8221;none&#8221; advanced_gradient_display_type=&#8221;linear&#8221;][divider line_type=&#8221;No Line&#8221; custom_height=&#8221;20px&#8221;][vc_column_text]\n<h3 style=\"text-align: left;\">Cyber Blog<\/h3>\n[\/vc_column_text][divider line_type=&#8221;No Line&#8221; custom_height=&#8221;20px&#8221;][vc_column_text]Dowiedz si\u0119 wszystkiego, co musisz wiedzie\u0107 o cyberbezpiecze\u0144stwie i jak najlepiej chroni\u0107 swoj\u0105 firm\u0119.[\/vc_column_text][nectar_cta btn_style=&#8221;material&#8221; heading_tag=&#8221;p&#8221; link_type=&#8221;new_tab&#8221; alignment=&#8221;left&#8221; alignment_tablet=&#8221;default&#8221; alignment_phone=&#8221;default&#8221; display=&#8221;block&#8221; display_tablet=&#8221;inherit&#8221; display_phone=&#8221;inherit&#8221; text=&#8221;READ THE CYBER BLOG&#8221; url=&#8221;https:\/\/blog.cyberoo.com\/pl&#8221;][\/vc_column_inner][vc_column_inner left_padding_desktop=&#8221;20px&#8221; left_padding_tablet=&#8221;0&#8243; left_padding_phone=&#8221;0&#8243; column_element_direction_desktop=&#8221;default&#8221; column_element_spacing=&#8221;default&#8221; desktop_text_alignment=&#8221;default&#8221; tablet_text_alignment=&#8221;default&#8221; phone_text_alignment=&#8221;default&#8221; background_color_opacity=&#8221;1&#8243; background_hover_color_opacity=&#8221;1&#8243; column_backdrop_filter=&#8221;none&#8221; column_shadow=&#8221;none&#8221; column_border_radius=&#8221;none&#8221; column_link_target=&#8221;_blank&#8221; overflow=&#8221;visible&#8221; gradient_direction=&#8221;left_to_right&#8221; overlay_strength=&#8221;0.3&#8243; width=&#8221;1\/2&#8243; tablet_width_inherit=&#8221;default&#8221; animation_type=&#8221;default&#8221; bg_image_animation=&#8221;none&#8221; border_type=&#8221;simple&#8221; column_border_width=&#8221;none&#8221; column_border_style=&#8221;solid&#8221; column_padding_type=&#8221;advanced&#8221; gradient_type=&#8221;default&#8221; column_link=&#8221;https:\/\/cert.cyberoo.com\/en\/&#8221;][divider line_type=&#8221;No Line&#8221; custom_height=&#8221;20px&#8221; custom_height_phone=&#8221;45px&#8221;][nectar_video_player_self_hosted video_webm=&#8221;https:\/\/cert.cyberoo.com\/wp-content\/themes\/cyberoo-child\/video\/cyberoo-blog-video.webm&#8221; player_functionality=&#8221;default&#8221; hide_controls=&#8221;yes&#8221; loop=&#8221;yes&#8221; autoplay=&#8221;yes&#8221; video_loading=&#8221;default&#8221; border_radius=&#8221;none&#8221; box_shadow=&#8221;none&#8221; advanced_gradient_display_type=&#8221;linear&#8221;][divider line_type=&#8221;No Line&#8221; custom_height=&#8221;20px&#8221;][vc_column_text]\n<h3 style=\"text-align: left;\">Tech Blog<\/h3>\n[\/vc_column_text][divider line_type=&#8221;No Line&#8221; custom_height=&#8221;20px&#8221;][vc_column_text]Eksperckie spojrzenie na cyberincydenty, pojawiaj\u0105ce si\u0119 trendy i najlepsze praktyki w cyfrowym \u015bwiecie.[\/vc_column_text][nectar_cta btn_style=&#8221;material&#8221; heading_tag=&#8221;p&#8221; link_type=&#8221;new_tab&#8221; alignment=&#8221;left&#8221; alignment_tablet=&#8221;default&#8221; alignment_phone=&#8221;default&#8221; display=&#8221;block&#8221; display_tablet=&#8221;inherit&#8221; display_phone=&#8221;inherit&#8221; text=&#8221;READ THE TECH BLOG (PO ANGIELSKU)&#8221; url=&#8221;https:\/\/cert.cyberoo.com\/en\/&#8221;][\/vc_column_inner][\/vc_row_inner][vc_row_inner disable_element=&#8221;yes&#8221; column_margin=&#8221;default&#8221; column_direction=&#8221;default&#8221; column_direction_tablet=&#8221;default&#8221; column_direction_phone=&#8221;default&#8221; text_align=&#8221;left&#8221; row_position=&#8221;default&#8221; row_position_tablet=&#8221;inherit&#8221; row_position_phone=&#8221;inherit&#8221; overflow=&#8221;visible&#8221; pointer_events=&#8221;all&#8221;][vc_column_inner right_padding_desktop=&#8221;20px&#8221; right_padding_tablet=&#8221;0&#8243; right_padding_phone=&#8221;0&#8243; column_element_direction_desktop=&#8221;default&#8221; column_element_spacing=&#8221;default&#8221; desktop_text_alignment=&#8221;default&#8221; tablet_text_alignment=&#8221;default&#8221; phone_text_alignment=&#8221;default&#8221; background_color_opacity=&#8221;1&#8243; background_hover_color_opacity=&#8221;1&#8243; column_backdrop_filter=&#8221;none&#8221; column_shadow=&#8221;none&#8221; column_border_radius=&#8221;none&#8221; column_link_target=&#8221;_blank&#8221; overflow=&#8221;visible&#8221; gradient_direction=&#8221;left_to_right&#8221; overlay_strength=&#8221;0.3&#8243; width=&#8221;1\/2&#8243; tablet_width_inherit=&#8221;default&#8221; animation_type=&#8221;default&#8221; bg_image_animation=&#8221;none&#8221; border_type=&#8221;simple&#8221; column_border_width=&#8221;none&#8221; column_border_style=&#8221;solid&#8221; column_padding_type=&#8221;advanced&#8221; gradient_type=&#8221;default&#8221;][divider line_type=&#8221;No Line&#8221; custom_height=&#8221;20px&#8221;][image_with_animation image_url=&#8221;16543&#8243; image_size=&#8221;full&#8221; animation_type=&#8221;entrance&#8221; animation=&#8221;None&#8221; animation_movement_type=&#8221;transform_y&#8221; hover_animation=&#8221;none&#8221; alignment=&#8221;&#8221; img_link_target=&#8221;_blank&#8221; border_radius=&#8221;none&#8221; box_shadow=&#8221;none&#8221; image_loading=&#8221;default&#8221; max_width=&#8221;100%&#8221; max_width_mobile=&#8221;default&#8221; img_link=&#8221;https:\/\/blog.cyberoo.com\/en\/&#8221;][divider line_type=&#8221;No Line&#8221; custom_height=&#8221;20px&#8221;][vc_column_text]\n<h3 style=\"text-align: left;\">Cyber Blog<\/h3>\n[\/vc_column_text][divider line_type=&#8221;No Line&#8221; custom_height=&#8221;20px&#8221;][vc_column_text]Find out everything you need to know about Cyber Security and how best to protect your company.[\/vc_column_text][nectar_cta btn_style=&#8221;material&#8221; heading_tag=&#8221;p&#8221; link_type=&#8221;new_tab&#8221; alignment=&#8221;left&#8221; alignment_tablet=&#8221;default&#8221; alignment_phone=&#8221;default&#8221; display=&#8221;block&#8221; display_tablet=&#8221;inherit&#8221; display_phone=&#8221;inherit&#8221; text=&#8221;READ THE CYBER BLOG&#8221; url=&#8221;https:\/\/blog.cyberoo.com\/en\/&#8221;][\/vc_column_inner][vc_column_inner left_padding_desktop=&#8221;20px&#8221; left_padding_tablet=&#8221;0&#8243; left_padding_phone=&#8221;0&#8243; column_element_direction_desktop=&#8221;default&#8221; column_element_spacing=&#8221;default&#8221; desktop_text_alignment=&#8221;default&#8221; tablet_text_alignment=&#8221;default&#8221; phone_text_alignment=&#8221;default&#8221; background_color_opacity=&#8221;1&#8243; background_hover_color_opacity=&#8221;1&#8243; column_backdrop_filter=&#8221;none&#8221; column_shadow=&#8221;none&#8221; column_border_radius=&#8221;none&#8221; column_link_target=&#8221;_blank&#8221; overflow=&#8221;visible&#8221; gradient_direction=&#8221;left_to_right&#8221; overlay_strength=&#8221;0.3&#8243; width=&#8221;1\/2&#8243; tablet_width_inherit=&#8221;default&#8221; animation_type=&#8221;default&#8221; bg_image_animation=&#8221;none&#8221; border_type=&#8221;simple&#8221; column_border_width=&#8221;none&#8221; column_border_style=&#8221;solid&#8221; column_padding_type=&#8221;advanced&#8221; gradient_type=&#8221;default&#8221;][divider line_type=&#8221;No Line&#8221; custom_height=&#8221;20px&#8221; custom_height_phone=&#8221;45px&#8221;][image_with_animation image_url=&#8221;16548&#8243; image_size=&#8221;full&#8221; animation_type=&#8221;entrance&#8221; animation=&#8221;None&#8221; animation_movement_type=&#8221;transform_y&#8221; hover_animation=&#8221;none&#8221; alignment=&#8221;&#8221; img_link_target=&#8221;_blank&#8221; border_radius=&#8221;none&#8221; box_shadow=&#8221;none&#8221; image_loading=&#8221;default&#8221; max_width=&#8221;100%&#8221; max_width_mobile=&#8221;default&#8221; img_link=&#8221;https:\/\/cert.cyberoo.com\/en\/&#8221;][divider line_type=&#8221;No Line&#8221; custom_height=&#8221;20px&#8221;][vc_column_text]\n<h3 style=\"text-align: left;\">Tech Blog<\/h3>\n[\/vc_column_text][divider line_type=&#8221;No Line&#8221; custom_height=&#8221;20px&#8221;][vc_column_text]An expert look at cyber incidents, emerging trends and best practices in the digital world.[\/vc_column_text][nectar_cta btn_style=&#8221;material&#8221; heading_tag=&#8221;p&#8221; link_type=&#8221;new_tab&#8221; alignment=&#8221;left&#8221; alignment_tablet=&#8221;default&#8221; alignment_phone=&#8221;default&#8221; display=&#8221;block&#8221; display_tablet=&#8221;inherit&#8221; display_phone=&#8221;inherit&#8221; text=&#8221;READ THE TECH BLOG&#8221; url=&#8221;https:\/\/cert.cyberoo.com\/en\/&#8221;][\/vc_column_inner][\/vc_row_inner][divider line_type=&#8221;No Line&#8221; custom_height=&#8221;100px&#8221;][\/vc_column][\/vc_row]\n","protected":false},"excerpt":{"rendered":"<p>[vc_row type=&#8221;in_container&#8221; full_screen_row_position=&#8221;middle&#8221; column_margin=&#8221;default&#8221; column_direction=&#8221;default&#8221; column_direction_tablet=&#8221;default&#8221; column_direction_phone=&#8221;default&#8221; scene_position=&#8221;center&#8221; left_margin=&#8221;10%&#8221; constrain_group_8=&#8221;yes&#8221; right_margin=&#8221;10%&#8221; text_color=&#8221;dark&#8221; text_align=&#8221;left&#8221; row_border_radius=&#8221;none&#8221; row_border_radius_applies=&#8221;bg&#8221; overflow=&#8221;visible&#8221; overlay_strength=&#8221;0.3&#8243; gradient_direction=&#8221;left_to_right&#8221; shape_divider_position=&#8221;bottom&#8221; bg_image_animation=&#8221;none&#8221; gradient_type=&#8221;default&#8221; shape_type=&#8221;&#8221;][vc_column column_padding=&#8221;no-extra-padding&#8221; column_padding_tablet=&#8221;inherit&#8221; column_padding_phone=&#8221;inherit&#8221; column_padding_position=&#8221;all&#8221; column_element_direction_desktop=&#8221;default&#8221; column_element_spacing=&#8221;default&#8221; desktop_text_alignment=&#8221;default&#8221; tablet_text_alignment=&#8221;default&#8221;&#8230;<\/p>\n","protected":false},"author":2,"featured_media":0,"parent":0,"menu_order":0,"comment_status":"closed","ping_status":"closed","template":"","meta":{"inline_featured_image":false,"footnotes":""},"class_list":["post-17527","page","type-page","status-publish"],"yoast_head":"<!-- This site is optimized with the Yoast SEO plugin v26.4 - https:\/\/yoast.com\/wordpress\/plugins\/seo\/ -->\n<title>Wybierz sw\u00f3j blog o cyberbezpiecze\u0144stwie | Cybeoo<\/title>\n<meta name=\"description\" content=\"Zag\u0142\u0119b si\u0119 w cyberincydenty, trendy i najlepsze praktyki w \u015bwiecie cyfrowym. Eksperckie spojrzenie na temat.\" \/>\n<meta name=\"robots\" content=\"index, follow, max-snippet:-1, max-image-preview:large, max-video-preview:-1\" \/>\n<link rel=\"canonical\" href=\"https:\/\/cyberoo.com\/pl\/wybierz-swoj-blog-o-cyberbezpieczenstwie\/\" \/>\n<meta property=\"og:locale\" content=\"pl_PL\" \/>\n<meta property=\"og:type\" content=\"article\" \/>\n<meta property=\"og:title\" content=\"Wybierz sw\u00f3j blog o cyberbezpiecze\u0144stwie | Cybeoo\" \/>\n<meta property=\"og:description\" content=\"Zag\u0142\u0119b si\u0119 w cyberincydenty, trendy i najlepsze praktyki w \u015bwiecie cyfrowym. Eksperckie spojrzenie na temat.\" \/>\n<meta property=\"og:url\" content=\"https:\/\/cyberoo.com\/pl\/wybierz-swoj-blog-o-cyberbezpieczenstwie\/\" \/>\n<meta property=\"og:site_name\" content=\"Cyberoo\" \/>\n<meta property=\"article:modified_time\" content=\"2025-02-28T14:59:50+00:00\" \/>\n<meta name=\"twitter:card\" content=\"summary_large_image\" \/>\n<meta name=\"twitter:site\" content=\"@CYBEROO_ITALIA\" \/>\n<meta name=\"twitter:label1\" content=\"Szacowany czas czytania\" \/>\n\t<meta name=\"twitter:data1\" content=\"3 minuty\" \/>\n<script type=\"application\/ld+json\" class=\"yoast-schema-graph\">{\"@context\":\"https:\/\/schema.org\",\"@graph\":[{\"@type\":\"WebPage\",\"@id\":\"https:\/\/cyberoo.com\/pl\/wybierz-swoj-blog-o-cyberbezpieczenstwie\/\",\"url\":\"https:\/\/cyberoo.com\/pl\/wybierz-swoj-blog-o-cyberbezpieczenstwie\/\",\"name\":\"Wybierz sw\u00f3j blog o cyberbezpiecze\u0144stwie | Cybeoo\",\"isPartOf\":{\"@id\":\"https:\/\/cyberoo.com\/pl\/#website\"},\"datePublished\":\"2024-03-01T16:16:04+00:00\",\"dateModified\":\"2025-02-28T14:59:50+00:00\",\"description\":\"Zag\u0142\u0119b si\u0119 w cyberincydenty, trendy i najlepsze praktyki w \u015bwiecie cyfrowym. Eksperckie spojrzenie na temat.\",\"breadcrumb\":{\"@id\":\"https:\/\/cyberoo.com\/pl\/wybierz-swoj-blog-o-cyberbezpieczenstwie\/#breadcrumb\"},\"inLanguage\":\"pl-PL\",\"potentialAction\":[{\"@type\":\"ReadAction\",\"target\":[\"https:\/\/cyberoo.com\/pl\/wybierz-swoj-blog-o-cyberbezpieczenstwie\/\"]}]},{\"@type\":\"BreadcrumbList\",\"@id\":\"https:\/\/cyberoo.com\/pl\/wybierz-swoj-blog-o-cyberbezpieczenstwie\/#breadcrumb\",\"itemListElement\":[{\"@type\":\"ListItem\",\"position\":1,\"name\":\"Home\",\"item\":\"https:\/\/cyberoo.com\/pl\/\"},{\"@type\":\"ListItem\",\"position\":2,\"name\":\"Wybierz sw\u00f3j blog o cyberbezpiecze\u0144stwie\"}]},{\"@type\":\"WebSite\",\"@id\":\"https:\/\/cyberoo.com\/pl\/#website\",\"url\":\"https:\/\/cyberoo.com\/pl\/\",\"name\":\"Cyberoo\",\"description\":\"Superheroes are always ready for action\",\"publisher\":{\"@id\":\"https:\/\/cyberoo.com\/pl\/#organization\"},\"potentialAction\":[{\"@type\":\"SearchAction\",\"target\":{\"@type\":\"EntryPoint\",\"urlTemplate\":\"https:\/\/cyberoo.com\/pl\/?s={search_term_string}\"},\"query-input\":{\"@type\":\"PropertyValueSpecification\",\"valueRequired\":true,\"valueName\":\"search_term_string\"}}],\"inLanguage\":\"pl-PL\"},{\"@type\":\"Organization\",\"@id\":\"https:\/\/cyberoo.com\/pl\/#organization\",\"name\":\"Cyberoo\",\"url\":\"https:\/\/cyberoo.com\/pl\/\",\"logo\":{\"@type\":\"ImageObject\",\"inLanguage\":\"pl-PL\",\"@id\":\"https:\/\/cyberoo.com\/pl\/#\/schema\/logo\/image\/\",\"url\":\"https:\/\/cyberoo.com\/wp-content\/uploads\/2023\/01\/CYBEROO-logo-dark.svg\",\"contentUrl\":\"https:\/\/cyberoo.com\/wp-content\/uploads\/2023\/01\/CYBEROO-logo-dark.svg\",\"width\":258,\"height\":38,\"caption\":\"Cyberoo\"},\"image\":{\"@id\":\"https:\/\/cyberoo.com\/pl\/#\/schema\/logo\/image\/\"},\"sameAs\":[\"https:\/\/x.com\/CYBEROO_ITALIA\",\"https:\/\/it.linkedin.com\/company\/cyberoo-italia\",\"https:\/\/www.youtube.com\/channel\/UC7AwVDG9Ngdwohk_zPd25xQ\"]}]}<\/script>\n<!-- \/ Yoast SEO plugin. -->","yoast_head_json":{"title":"Wybierz sw\u00f3j blog o cyberbezpiecze\u0144stwie | Cybeoo","description":"Zag\u0142\u0119b si\u0119 w cyberincydenty, trendy i najlepsze praktyki w \u015bwiecie cyfrowym. Eksperckie spojrzenie na temat.","robots":{"index":"index","follow":"follow","max-snippet":"max-snippet:-1","max-image-preview":"max-image-preview:large","max-video-preview":"max-video-preview:-1"},"canonical":"https:\/\/cyberoo.com\/pl\/wybierz-swoj-blog-o-cyberbezpieczenstwie\/","og_locale":"pl_PL","og_type":"article","og_title":"Wybierz sw\u00f3j blog o cyberbezpiecze\u0144stwie | Cybeoo","og_description":"Zag\u0142\u0119b si\u0119 w cyberincydenty, trendy i najlepsze praktyki w \u015bwiecie cyfrowym. Eksperckie spojrzenie na temat.","og_url":"https:\/\/cyberoo.com\/pl\/wybierz-swoj-blog-o-cyberbezpieczenstwie\/","og_site_name":"Cyberoo","article_modified_time":"2025-02-28T14:59:50+00:00","twitter_card":"summary_large_image","twitter_site":"@CYBEROO_ITALIA","twitter_misc":{"Szacowany czas czytania":"3 minuty"},"schema":{"@context":"https:\/\/schema.org","@graph":[{"@type":"WebPage","@id":"https:\/\/cyberoo.com\/pl\/wybierz-swoj-blog-o-cyberbezpieczenstwie\/","url":"https:\/\/cyberoo.com\/pl\/wybierz-swoj-blog-o-cyberbezpieczenstwie\/","name":"Wybierz sw\u00f3j blog o cyberbezpiecze\u0144stwie | Cybeoo","isPartOf":{"@id":"https:\/\/cyberoo.com\/pl\/#website"},"datePublished":"2024-03-01T16:16:04+00:00","dateModified":"2025-02-28T14:59:50+00:00","description":"Zag\u0142\u0119b si\u0119 w cyberincydenty, trendy i najlepsze praktyki w \u015bwiecie cyfrowym. Eksperckie spojrzenie na temat.","breadcrumb":{"@id":"https:\/\/cyberoo.com\/pl\/wybierz-swoj-blog-o-cyberbezpieczenstwie\/#breadcrumb"},"inLanguage":"pl-PL","potentialAction":[{"@type":"ReadAction","target":["https:\/\/cyberoo.com\/pl\/wybierz-swoj-blog-o-cyberbezpieczenstwie\/"]}]},{"@type":"BreadcrumbList","@id":"https:\/\/cyberoo.com\/pl\/wybierz-swoj-blog-o-cyberbezpieczenstwie\/#breadcrumb","itemListElement":[{"@type":"ListItem","position":1,"name":"Home","item":"https:\/\/cyberoo.com\/pl\/"},{"@type":"ListItem","position":2,"name":"Wybierz sw\u00f3j blog o cyberbezpiecze\u0144stwie"}]},{"@type":"WebSite","@id":"https:\/\/cyberoo.com\/pl\/#website","url":"https:\/\/cyberoo.com\/pl\/","name":"Cyberoo","description":"Superheroes are always ready for action","publisher":{"@id":"https:\/\/cyberoo.com\/pl\/#organization"},"potentialAction":[{"@type":"SearchAction","target":{"@type":"EntryPoint","urlTemplate":"https:\/\/cyberoo.com\/pl\/?s={search_term_string}"},"query-input":{"@type":"PropertyValueSpecification","valueRequired":true,"valueName":"search_term_string"}}],"inLanguage":"pl-PL"},{"@type":"Organization","@id":"https:\/\/cyberoo.com\/pl\/#organization","name":"Cyberoo","url":"https:\/\/cyberoo.com\/pl\/","logo":{"@type":"ImageObject","inLanguage":"pl-PL","@id":"https:\/\/cyberoo.com\/pl\/#\/schema\/logo\/image\/","url":"https:\/\/cyberoo.com\/wp-content\/uploads\/2023\/01\/CYBEROO-logo-dark.svg","contentUrl":"https:\/\/cyberoo.com\/wp-content\/uploads\/2023\/01\/CYBEROO-logo-dark.svg","width":258,"height":38,"caption":"Cyberoo"},"image":{"@id":"https:\/\/cyberoo.com\/pl\/#\/schema\/logo\/image\/"},"sameAs":["https:\/\/x.com\/CYBEROO_ITALIA","https:\/\/it.linkedin.com\/company\/cyberoo-italia","https:\/\/www.youtube.com\/channel\/UC7AwVDG9Ngdwohk_zPd25xQ"]}]}},"_links":{"self":[{"href":"https:\/\/cyberoo.com\/pl\/wp-json\/wp\/v2\/pages\/17527","targetHints":{"allow":["GET"]}}],"collection":[{"href":"https:\/\/cyberoo.com\/pl\/wp-json\/wp\/v2\/pages"}],"about":[{"href":"https:\/\/cyberoo.com\/pl\/wp-json\/wp\/v2\/types\/page"}],"author":[{"embeddable":true,"href":"https:\/\/cyberoo.com\/pl\/wp-json\/wp\/v2\/users\/2"}],"replies":[{"embeddable":true,"href":"https:\/\/cyberoo.com\/pl\/wp-json\/wp\/v2\/comments?post=17527"}],"version-history":[{"count":7,"href":"https:\/\/cyberoo.com\/pl\/wp-json\/wp\/v2\/pages\/17527\/revisions"}],"predecessor-version":[{"id":21354,"href":"https:\/\/cyberoo.com\/pl\/wp-json\/wp\/v2\/pages\/17527\/revisions\/21354"}],"wp:attachment":[{"href":"https:\/\/cyberoo.com\/pl\/wp-json\/wp\/v2\/media?parent=17527"}],"curies":[{"name":"wp","href":"https:\/\/api.w.org\/{rel}","templated":true}]}}