{"id":16983,"date":"2023-05-18T14:56:11","date_gmt":"2023-05-18T12:56:11","guid":{"rendered":"https:\/\/cyberoo.com\/privacy-policy\/"},"modified":"2024-12-23T17:10:12","modified_gmt":"2024-12-23T16:10:12","slug":"privacy-policy","status":"publish","type":"page","link":"https:\/\/cyberoo.com\/pl\/privacy-policy\/","title":{"rendered":"Polityka prywatno\u015bci"},"content":{"rendered":"[vc_row type=&#8221;in_container&#8221; full_screen_row_position=&#8221;middle&#8221; column_margin=&#8221;default&#8221; column_direction=&#8221;default&#8221; column_direction_tablet=&#8221;default&#8221; column_direction_phone=&#8221;default&#8221; scene_position=&#8221;center&#8221; text_color=&#8221;dark&#8221; text_align=&#8221;left&#8221; row_border_radius=&#8221;none&#8221; row_border_radius_applies=&#8221;bg&#8221; overflow=&#8221;visible&#8221; overlay_strength=&#8221;0.3&#8243; gradient_direction=&#8221;left_to_right&#8221; shape_divider_position=&#8221;bottom&#8221; bg_image_animation=&#8221;none&#8221;][vc_column column_padding=&#8221;no-extra-padding&#8221; column_padding_tablet=&#8221;inherit&#8221; column_padding_phone=&#8221;inherit&#8221; column_padding_position=&#8221;all&#8221; column_element_direction_desktop=&#8221;default&#8221; column_element_spacing=&#8221;default&#8221; desktop_text_alignment=&#8221;default&#8221; tablet_text_alignment=&#8221;default&#8221; phone_text_alignment=&#8221;default&#8221; background_color_opacity=&#8221;1&#8243; background_hover_color_opacity=&#8221;1&#8243; column_backdrop_filter=&#8221;none&#8221; column_shadow=&#8221;none&#8221; column_border_radius=&#8221;none&#8221; column_link_target=&#8221;_self&#8221; column_position=&#8221;default&#8221; gradient_direction=&#8221;left_to_right&#8221; overlay_strength=&#8221;0.3&#8243; width=&#8221;1\/1&#8243; tablet_width_inherit=&#8221;default&#8221; animation_type=&#8221;default&#8221; bg_image_animation=&#8221;none&#8221; border_type=&#8221;simple&#8221; column_border_width=&#8221;none&#8221; column_border_style=&#8221;solid&#8221;][divider line_type=&#8221;No Line&#8221; custom_height=&#8221;40&#8243;][split_line_heading animation_type=&#8221;line-reveal-by-space&#8221; font_style=&#8221;h1&#8243; line_reveal_by_space_text_effect=&#8221;default&#8221; content_alignment=&#8221;default&#8221; mobile_content_alignment=&#8221;inherit&#8221; link_target=&#8221;_self&#8221; text_content=&#8221;Polityka prywatno\u015bci&#8221;][\/split_line_heading][divider line_type=&#8221;No Line&#8221; custom_height=&#8221;20&#8243; custom_height_tablet=&#8221;0&#8243; custom_height_phone=&#8221;0&#8243;][vc_column_text]\n<p><strong>W tej sekcji mo\u017cna zapozna\u0107 si\u0119 z ca\u0142\u0105 nasz\u0105 Polityk\u0105 prywatno\u015bci<\/strong><\/p>\n[\/vc_column_text][divider line_type=&#8221;No Line&#8221; custom_height=&#8221;40&#8243;][\/vc_column][\/vc_row][vc_row type=&#8221;in_container&#8221; full_screen_row_position=&#8221;middle&#8221; column_margin=&#8221;default&#8221; column_direction=&#8221;default&#8221; column_direction_tablet=&#8221;default&#8221; column_direction_phone=&#8221;default&#8221; scene_position=&#8221;center&#8221; text_color=&#8221;dark&#8221; text_align=&#8221;left&#8221; row_border_radius=&#8221;none&#8221; row_border_radius_applies=&#8221;bg&#8221; overflow=&#8221;visible&#8221; overlay_strength=&#8221;0.3&#8243; gradient_direction=&#8221;left_to_right&#8221; shape_divider_position=&#8221;bottom&#8221; bg_image_animation=&#8221;none&#8221;][vc_column column_padding=&#8221;no-extra-padding&#8221; column_padding_tablet=&#8221;inherit&#8221; column_padding_phone=&#8221;inherit&#8221; column_padding_position=&#8221;all&#8221; column_element_direction_desktop=&#8221;default&#8221; column_element_spacing=&#8221;default&#8221; desktop_text_alignment=&#8221;default&#8221; tablet_text_alignment=&#8221;default&#8221; phone_text_alignment=&#8221;default&#8221; background_color_opacity=&#8221;1&#8243; background_hover_color_opacity=&#8221;1&#8243; column_backdrop_filter=&#8221;none&#8221; column_shadow=&#8221;none&#8221; column_border_radius=&#8221;none&#8221; column_link_target=&#8221;_self&#8221; column_position=&#8221;default&#8221; gradient_direction=&#8221;left_to_right&#8221; overlay_strength=&#8221;0.3&#8243; width=&#8221;1\/1&#8243; tablet_width_inherit=&#8221;default&#8221; animation_type=&#8221;default&#8221; bg_image_animation=&#8221;none&#8221; border_type=&#8221;simple&#8221; column_border_width=&#8221;none&#8221; column_border_style=&#8221;solid&#8221;][nectar_cta btn_style=&#8221;material&#8221; heading_tag=&#8221;p&#8221; link_type=&#8221;new_tab&#8221; alignment=&#8221;left&#8221; alignment_tablet=&#8221;default&#8221; alignment_phone=&#8221;default&#8221; display=&#8221;block&#8221; display_tablet=&#8221;inherit&#8221; display_phone=&#8221;inherit&#8221; link_text=&#8221;Informacje dla osoby korzystaj\u0105ce z portalu www.cyberoo.com&#8221; url=&#8221;https:\/\/cyberoo.com\/wp-content\/uploads\/2024\/04\/9703_51_449440_2687801_osoby-korzystajace-z-portalu-www.cyberoo.com_.pdf&#8221;][divider line_type=&#8221;Full Width Line&#8221; line_thickness=&#8221;1&#8243; divider_color=&#8221;extra-color-1&#8243; divider_opacity=&#8221;45&#8243; custom_height=&#8221;40&#8243;][nectar_cta btn_style=&#8221;material&#8221; heading_tag=&#8221;p&#8221; link_type=&#8221;new_tab&#8221; alignment=&#8221;left&#8221; alignment_tablet=&#8221;default&#8221; alignment_phone=&#8221;default&#8221; display=&#8221;block&#8221; display_tablet=&#8221;inherit&#8221; display_phone=&#8221;inherit&#8221; link_text=&#8221;Informacje dla klienci i ich osoby do kontaktu&#8221; url=&#8221;https:\/\/cyberoo.com\/wp-content\/uploads\/2024\/04\/9703_51_317215_2687810_klienci-i-ich-osoby-do-kontaktu.pdf&#8221;][divider line_type=&#8221;Full Width Line&#8221; line_thickness=&#8221;1&#8243; divider_color=&#8221;extra-color-1&#8243; divider_opacity=&#8221;45&#8243; custom_height=&#8221;40&#8243;][nectar_cta btn_style=&#8221;material&#8221; heading_tag=&#8221;p&#8221; link_type=&#8221;new_tab&#8221; alignment=&#8221;left&#8221; alignment_tablet=&#8221;default&#8221; alignment_phone=&#8221;default&#8221; display=&#8221;block&#8221; display_tablet=&#8221;inherit&#8221; display_phone=&#8221;inherit&#8221; link_text=&#8221;Informacje dla dostawcy i ich osoby do kontaktu&#8221; url=&#8221;https:\/\/cyberoo.com\/wp-content\/uploads\/2024\/04\/9703_51_317217_2687808_dostawcy-i-ich-osoby-do-kontaktu.pdf&#8221;][divider line_type=&#8221;Full Width Line&#8221; line_thickness=&#8221;1&#8243; divider_color=&#8221;extra-color-1&#8243; divider_opacity=&#8221;45&#8243; custom_height=&#8221;40&#8243;][nectar_cta btn_style=&#8221;material&#8221; heading_tag=&#8221;p&#8221; link_type=&#8221;new_tab&#8221; alignment=&#8221;left&#8221; alignment_tablet=&#8221;default&#8221; alignment_phone=&#8221;default&#8221; display=&#8221;block&#8221; display_tablet=&#8221;inherit&#8221; display_phone=&#8221;inherit&#8221; link_text=&#8221;Informacje dla kandydaci brani pod uwag\u0119 w celu nawi\u0105zania stosunku pracy&#8221; url=&#8221;https:\/\/cyberoo.com\/wp-content\/uploads\/2024\/04\/9703_51_317214_2687811_kandydaci-brani-pod-uwage-w-celu-nawiazania-stosunku-pracy.pdf&#8221;][divider line_type=&#8221;Full Width Line&#8221; line_thickness=&#8221;1&#8243; divider_color=&#8221;extra-color-1&#8243; divider_opacity=&#8221;45&#8243; custom_height=&#8221;40&#8243;][nectar_cta btn_style=&#8221;material&#8221; heading_tag=&#8221;p&#8221; link_type=&#8221;new_tab&#8221; alignment=&#8221;left&#8221; alignment_tablet=&#8221;default&#8221; alignment_phone=&#8221;default&#8221; display=&#8221;block&#8221; display_tablet=&#8221;inherit&#8221; display_phone=&#8221;inherit&#8221; link_text=&#8221;Informacje dla Osoby, kt\u00f3rych dane dotycz\u0105, wchodz\u0105ce na teren firmy&#8221; url=&#8221;https:\/\/cyberoo.com\/wp-content\/uploads\/2024\/04\/9703_51_426120_2687803_Osoby-ktorych-dane-dotycza-wchodzace-na-teren-firmy.pdf&#8221;][divider line_type=&#8221;Full Width Line&#8221; line_thickness=&#8221;1&#8243; divider_color=&#8221;extra-color-1&#8243; divider_opacity=&#8221;45&#8243; custom_height=&#8221;40&#8243;][divider line_type=&#8221;No Line&#8221; custom_height=&#8221;120&#8243; custom_height_tablet=&#8221;80&#8243; custom_height_phone=&#8221;60&#8243;][\/vc_column][\/vc_row]\n","protected":false},"excerpt":{"rendered":"<p>[vc_row type=&#8221;in_container&#8221; full_screen_row_position=&#8221;middle&#8221; column_margin=&#8221;default&#8221; column_direction=&#8221;default&#8221; column_direction_tablet=&#8221;default&#8221; column_direction_phone=&#8221;default&#8221; scene_position=&#8221;center&#8221; text_color=&#8221;dark&#8221; text_align=&#8221;left&#8221; row_border_radius=&#8221;none&#8221; row_border_radius_applies=&#8221;bg&#8221; overflow=&#8221;visible&#8221; overlay_strength=&#8221;0.3&#8243; gradient_direction=&#8221;left_to_right&#8221; shape_divider_position=&#8221;bottom&#8221; bg_image_animation=&#8221;none&#8221;][vc_column column_padding=&#8221;no-extra-padding&#8221; column_padding_tablet=&#8221;inherit&#8221; column_padding_phone=&#8221;inherit&#8221; column_padding_position=&#8221;all&#8221; column_element_direction_desktop=&#8221;default&#8221; column_element_spacing=&#8221;default&#8221; desktop_text_alignment=&#8221;default&#8221; tablet_text_alignment=&#8221;default&#8221; phone_text_alignment=&#8221;default&#8221; background_color_opacity=&#8221;1&#8243; background_hover_color_opacity=&#8221;1&#8243; column_backdrop_filter=&#8221;none&#8221; column_shadow=&#8221;none&#8221;&#8230;<\/p>\n","protected":false},"author":2,"featured_media":0,"parent":0,"menu_order":0,"comment_status":"closed","ping_status":"closed","template":"","meta":{"inline_featured_image":false,"footnotes":""},"class_list":["post-16983","page","type-page","status-publish"],"yoast_head":"<!-- This site is optimized with the Yoast SEO plugin v26.4 - https:\/\/yoast.com\/wordpress\/plugins\/seo\/ -->\n<title>Polityka prywatno\u015bci | Cyberoo<\/title>\n<meta name=\"description\" content=\"Dowiedz si\u0119, jak chronimy Twoj\u0105 prywatno\u015b\u0107: zapoznaj si\u0119 z naszymi zasadami dotycz\u0105cymi danych i bezpiecze\u0144stwa na naszej stronie.\" \/>\n<meta name=\"robots\" content=\"index, follow, max-snippet:-1, max-image-preview:large, max-video-preview:-1\" \/>\n<link rel=\"canonical\" href=\"https:\/\/cyberoo.com\/pl\/privacy-policy\/\" \/>\n<meta property=\"og:locale\" content=\"pl_PL\" \/>\n<meta property=\"og:type\" content=\"article\" \/>\n<meta property=\"og:title\" content=\"Polityka prywatno\u015bci | Cyberoo\" \/>\n<meta property=\"og:description\" content=\"Dowiedz si\u0119, jak chronimy Twoj\u0105 prywatno\u015b\u0107: zapoznaj si\u0119 z naszymi zasadami dotycz\u0105cymi danych i bezpiecze\u0144stwa na naszej stronie.\" \/>\n<meta property=\"og:url\" content=\"https:\/\/cyberoo.com\/pl\/privacy-policy\/\" \/>\n<meta property=\"og:site_name\" content=\"Cyberoo\" \/>\n<meta property=\"article:modified_time\" content=\"2024-12-23T16:10:12+00:00\" \/>\n<meta name=\"twitter:card\" content=\"summary_large_image\" \/>\n<meta name=\"twitter:site\" content=\"@CYBEROO_ITALIA\" \/>\n<meta name=\"twitter:label1\" content=\"Szacowany czas czytania\" \/>\n\t<meta name=\"twitter:data1\" content=\"2 minuty\" \/>\n<script type=\"application\/ld+json\" class=\"yoast-schema-graph\">{\"@context\":\"https:\/\/schema.org\",\"@graph\":[{\"@type\":\"WebPage\",\"@id\":\"https:\/\/cyberoo.com\/pl\/privacy-policy\/\",\"url\":\"https:\/\/cyberoo.com\/pl\/privacy-policy\/\",\"name\":\"Polityka prywatno\u015bci | Cyberoo\",\"isPartOf\":{\"@id\":\"https:\/\/cyberoo.com\/pl\/#website\"},\"datePublished\":\"2023-05-18T12:56:11+00:00\",\"dateModified\":\"2024-12-23T16:10:12+00:00\",\"description\":\"Dowiedz si\u0119, jak chronimy Twoj\u0105 prywatno\u015b\u0107: zapoznaj si\u0119 z naszymi zasadami dotycz\u0105cymi danych i bezpiecze\u0144stwa na naszej stronie.\",\"breadcrumb\":{\"@id\":\"https:\/\/cyberoo.com\/pl\/privacy-policy\/#breadcrumb\"},\"inLanguage\":\"pl-PL\",\"potentialAction\":[{\"@type\":\"ReadAction\",\"target\":[\"https:\/\/cyberoo.com\/pl\/privacy-policy\/\"]}]},{\"@type\":\"BreadcrumbList\",\"@id\":\"https:\/\/cyberoo.com\/pl\/privacy-policy\/#breadcrumb\",\"itemListElement\":[{\"@type\":\"ListItem\",\"position\":1,\"name\":\"Home\",\"item\":\"https:\/\/cyberoo.com\/pl\/\"},{\"@type\":\"ListItem\",\"position\":2,\"name\":\"Polityka prywatno\u015bci\"}]},{\"@type\":\"WebSite\",\"@id\":\"https:\/\/cyberoo.com\/pl\/#website\",\"url\":\"https:\/\/cyberoo.com\/pl\/\",\"name\":\"Cyberoo\",\"description\":\"Superheroes are always ready for action\",\"publisher\":{\"@id\":\"https:\/\/cyberoo.com\/pl\/#organization\"},\"potentialAction\":[{\"@type\":\"SearchAction\",\"target\":{\"@type\":\"EntryPoint\",\"urlTemplate\":\"https:\/\/cyberoo.com\/pl\/?s={search_term_string}\"},\"query-input\":{\"@type\":\"PropertyValueSpecification\",\"valueRequired\":true,\"valueName\":\"search_term_string\"}}],\"inLanguage\":\"pl-PL\"},{\"@type\":\"Organization\",\"@id\":\"https:\/\/cyberoo.com\/pl\/#organization\",\"name\":\"Cyberoo\",\"url\":\"https:\/\/cyberoo.com\/pl\/\",\"logo\":{\"@type\":\"ImageObject\",\"inLanguage\":\"pl-PL\",\"@id\":\"https:\/\/cyberoo.com\/pl\/#\/schema\/logo\/image\/\",\"url\":\"https:\/\/cyberoo.com\/wp-content\/uploads\/2023\/01\/CYBEROO-logo-dark.svg\",\"contentUrl\":\"https:\/\/cyberoo.com\/wp-content\/uploads\/2023\/01\/CYBEROO-logo-dark.svg\",\"width\":258,\"height\":38,\"caption\":\"Cyberoo\"},\"image\":{\"@id\":\"https:\/\/cyberoo.com\/pl\/#\/schema\/logo\/image\/\"},\"sameAs\":[\"https:\/\/x.com\/CYBEROO_ITALIA\",\"https:\/\/it.linkedin.com\/company\/cyberoo-italia\",\"https:\/\/www.youtube.com\/channel\/UC7AwVDG9Ngdwohk_zPd25xQ\"]}]}<\/script>\n<!-- \/ Yoast SEO plugin. -->","yoast_head_json":{"title":"Polityka prywatno\u015bci | Cyberoo","description":"Dowiedz si\u0119, jak chronimy Twoj\u0105 prywatno\u015b\u0107: zapoznaj si\u0119 z naszymi zasadami dotycz\u0105cymi danych i bezpiecze\u0144stwa na naszej stronie.","robots":{"index":"index","follow":"follow","max-snippet":"max-snippet:-1","max-image-preview":"max-image-preview:large","max-video-preview":"max-video-preview:-1"},"canonical":"https:\/\/cyberoo.com\/pl\/privacy-policy\/","og_locale":"pl_PL","og_type":"article","og_title":"Polityka prywatno\u015bci | Cyberoo","og_description":"Dowiedz si\u0119, jak chronimy Twoj\u0105 prywatno\u015b\u0107: zapoznaj si\u0119 z naszymi zasadami dotycz\u0105cymi danych i bezpiecze\u0144stwa na naszej stronie.","og_url":"https:\/\/cyberoo.com\/pl\/privacy-policy\/","og_site_name":"Cyberoo","article_modified_time":"2024-12-23T16:10:12+00:00","twitter_card":"summary_large_image","twitter_site":"@CYBEROO_ITALIA","twitter_misc":{"Szacowany czas czytania":"2 minuty"},"schema":{"@context":"https:\/\/schema.org","@graph":[{"@type":"WebPage","@id":"https:\/\/cyberoo.com\/pl\/privacy-policy\/","url":"https:\/\/cyberoo.com\/pl\/privacy-policy\/","name":"Polityka prywatno\u015bci | Cyberoo","isPartOf":{"@id":"https:\/\/cyberoo.com\/pl\/#website"},"datePublished":"2023-05-18T12:56:11+00:00","dateModified":"2024-12-23T16:10:12+00:00","description":"Dowiedz si\u0119, jak chronimy Twoj\u0105 prywatno\u015b\u0107: zapoznaj si\u0119 z naszymi zasadami dotycz\u0105cymi danych i bezpiecze\u0144stwa na naszej stronie.","breadcrumb":{"@id":"https:\/\/cyberoo.com\/pl\/privacy-policy\/#breadcrumb"},"inLanguage":"pl-PL","potentialAction":[{"@type":"ReadAction","target":["https:\/\/cyberoo.com\/pl\/privacy-policy\/"]}]},{"@type":"BreadcrumbList","@id":"https:\/\/cyberoo.com\/pl\/privacy-policy\/#breadcrumb","itemListElement":[{"@type":"ListItem","position":1,"name":"Home","item":"https:\/\/cyberoo.com\/pl\/"},{"@type":"ListItem","position":2,"name":"Polityka prywatno\u015bci"}]},{"@type":"WebSite","@id":"https:\/\/cyberoo.com\/pl\/#website","url":"https:\/\/cyberoo.com\/pl\/","name":"Cyberoo","description":"Superheroes are always ready for action","publisher":{"@id":"https:\/\/cyberoo.com\/pl\/#organization"},"potentialAction":[{"@type":"SearchAction","target":{"@type":"EntryPoint","urlTemplate":"https:\/\/cyberoo.com\/pl\/?s={search_term_string}"},"query-input":{"@type":"PropertyValueSpecification","valueRequired":true,"valueName":"search_term_string"}}],"inLanguage":"pl-PL"},{"@type":"Organization","@id":"https:\/\/cyberoo.com\/pl\/#organization","name":"Cyberoo","url":"https:\/\/cyberoo.com\/pl\/","logo":{"@type":"ImageObject","inLanguage":"pl-PL","@id":"https:\/\/cyberoo.com\/pl\/#\/schema\/logo\/image\/","url":"https:\/\/cyberoo.com\/wp-content\/uploads\/2023\/01\/CYBEROO-logo-dark.svg","contentUrl":"https:\/\/cyberoo.com\/wp-content\/uploads\/2023\/01\/CYBEROO-logo-dark.svg","width":258,"height":38,"caption":"Cyberoo"},"image":{"@id":"https:\/\/cyberoo.com\/pl\/#\/schema\/logo\/image\/"},"sameAs":["https:\/\/x.com\/CYBEROO_ITALIA","https:\/\/it.linkedin.com\/company\/cyberoo-italia","https:\/\/www.youtube.com\/channel\/UC7AwVDG9Ngdwohk_zPd25xQ"]}]}},"_links":{"self":[{"href":"https:\/\/cyberoo.com\/pl\/wp-json\/wp\/v2\/pages\/16983","targetHints":{"allow":["GET"]}}],"collection":[{"href":"https:\/\/cyberoo.com\/pl\/wp-json\/wp\/v2\/pages"}],"about":[{"href":"https:\/\/cyberoo.com\/pl\/wp-json\/wp\/v2\/types\/page"}],"author":[{"embeddable":true,"href":"https:\/\/cyberoo.com\/pl\/wp-json\/wp\/v2\/users\/2"}],"replies":[{"embeddable":true,"href":"https:\/\/cyberoo.com\/pl\/wp-json\/wp\/v2\/comments?post=16983"}],"version-history":[{"count":12,"href":"https:\/\/cyberoo.com\/pl\/wp-json\/wp\/v2\/pages\/16983\/revisions"}],"predecessor-version":[{"id":20906,"href":"https:\/\/cyberoo.com\/pl\/wp-json\/wp\/v2\/pages\/16983\/revisions\/20906"}],"wp:attachment":[{"href":"https:\/\/cyberoo.com\/pl\/wp-json\/wp\/v2\/media?parent=16983"}],"curies":[{"name":"wp","href":"https:\/\/api.w.org\/{rel}","templated":true}]}}