{"id":17525,"date":"2024-03-01T17:16:04","date_gmt":"2024-03-01T16:16:04","guid":{"rendered":"https:\/\/cyberoo.com\/choose-your-blog\/"},"modified":"2024-12-09T12:00:32","modified_gmt":"2024-12-09T11:00:32","slug":"choisissez-votre-blog-de-cybersecurite","status":"publish","type":"page","link":"https:\/\/cyberoo.com\/fr\/choisissez-votre-blog-de-cybersecurite\/","title":{"rendered":"Choisissez votre blog de cybers\u00e9curit\u00e9"},"content":{"rendered":"[vc_row type=\u00a0\u00bbin_container\u00a0\u00bb full_screen_row_position=\u00a0\u00bbmiddle\u00a0\u00bb column_margin=\u00a0\u00bbdefault\u00a0\u00bb column_direction=\u00a0\u00bbdefault\u00a0\u00bb column_direction_tablet=\u00a0\u00bbdefault\u00a0\u00bb column_direction_phone=\u00a0\u00bbdefault\u00a0\u00bb scene_position=\u00a0\u00bbcenter\u00a0\u00bb left_margin=\u00a0\u00bb10%\u00a0\u00bb constrain_group_8=\u00a0\u00bbyes\u00a0\u00bb right_margin=\u00a0\u00bb10%\u00a0\u00bb text_color=\u00a0\u00bbdark\u00a0\u00bb text_align=\u00a0\u00bbleft\u00a0\u00bb row_border_radius=\u00a0\u00bbnone\u00a0\u00bb row_border_radius_applies=\u00a0\u00bbbg\u00a0\u00bb overflow=\u00a0\u00bbvisible\u00a0\u00bb overlay_strength=\u00a0\u00bb0.3&Prime; gradient_direction=\u00a0\u00bbleft_to_right\u00a0\u00bb shape_divider_position=\u00a0\u00bbbottom\u00a0\u00bb bg_image_animation=\u00a0\u00bbnone\u00a0\u00bb gradient_type=\u00a0\u00bbdefault\u00a0\u00bb shape_type=\u00a0\u00bb\u00a0\u00bb][vc_column column_padding=\u00a0\u00bbno-extra-padding\u00a0\u00bb column_padding_tablet=\u00a0\u00bbinherit\u00a0\u00bb column_padding_phone=\u00a0\u00bbinherit\u00a0\u00bb column_padding_position=\u00a0\u00bball\u00a0\u00bb column_element_direction_desktop=\u00a0\u00bbdefault\u00a0\u00bb column_element_spacing=\u00a0\u00bbdefault\u00a0\u00bb desktop_text_alignment=\u00a0\u00bbdefault\u00a0\u00bb tablet_text_alignment=\u00a0\u00bbdefault\u00a0\u00bb phone_text_alignment=\u00a0\u00bbdefault\u00a0\u00bb background_color_opacity=\u00a0\u00bb1&Prime; background_hover_color_opacity=\u00a0\u00bb1&Prime; column_backdrop_filter=\u00a0\u00bbnone\u00a0\u00bb column_shadow=\u00a0\u00bbnone\u00a0\u00bb column_border_radius=\u00a0\u00bbnone\u00a0\u00bb column_link_target=\u00a0\u00bb_self\u00a0\u00bb column_position=\u00a0\u00bbdefault\u00a0\u00bb gradient_direction=\u00a0\u00bbleft_to_right\u00a0\u00bb overlay_strength=\u00a0\u00bb0.3&Prime; width=\u00a0\u00bb1\/1&Prime; tablet_width_inherit=\u00a0\u00bbdefault\u00a0\u00bb animation_type=\u00a0\u00bbdefault\u00a0\u00bb bg_image_animation=\u00a0\u00bbnone\u00a0\u00bb border_type=\u00a0\u00bbsimple\u00a0\u00bb column_border_width=\u00a0\u00bbnone\u00a0\u00bb column_border_style=\u00a0\u00bbsolid\u00a0\u00bb][split_line_heading animation_type=\u00a0\u00bbdefault\u00a0\u00bb]\n<h1 style=\"font-size: 50px;\">Choisissez votre blog de cybers\u00e9curit\u00e9<\/h1>\n[\/split_line_heading][vc_row_inner column_margin=\u00a0\u00bbdefault\u00a0\u00bb column_direction=\u00a0\u00bbdefault\u00a0\u00bb column_direction_tablet=\u00a0\u00bbdefault\u00a0\u00bb column_direction_phone=\u00a0\u00bbdefault\u00a0\u00bb text_align=\u00a0\u00bbleft\u00a0\u00bb row_position=\u00a0\u00bbdefault\u00a0\u00bb row_position_tablet=\u00a0\u00bbinherit\u00a0\u00bb row_position_phone=\u00a0\u00bbinherit\u00a0\u00bb overflow=\u00a0\u00bbvisible\u00a0\u00bb pointer_events=\u00a0\u00bball\u00a0\u00bb][vc_column_inner right_padding_desktop=\u00a0\u00bb20px\u00a0\u00bb right_padding_tablet=\u00a0\u00bb0&Prime; right_padding_phone=\u00a0\u00bb0&Prime; column_element_direction_desktop=\u00a0\u00bbdefault\u00a0\u00bb column_element_spacing=\u00a0\u00bbdefault\u00a0\u00bb desktop_text_alignment=\u00a0\u00bbdefault\u00a0\u00bb tablet_text_alignment=\u00a0\u00bbdefault\u00a0\u00bb phone_text_alignment=\u00a0\u00bbdefault\u00a0\u00bb background_color_opacity=\u00a0\u00bb1&Prime; background_hover_color_opacity=\u00a0\u00bb1&Prime; column_backdrop_filter=\u00a0\u00bbnone\u00a0\u00bb column_shadow=\u00a0\u00bbnone\u00a0\u00bb column_border_radius=\u00a0\u00bbnone\u00a0\u00bb column_link_target=\u00a0\u00bb_blank\u00a0\u00bb overflow=\u00a0\u00bbvisible\u00a0\u00bb gradient_direction=\u00a0\u00bbleft_to_right\u00a0\u00bb overlay_strength=\u00a0\u00bb0.3&Prime; width=\u00a0\u00bb1\/2&Prime; tablet_width_inherit=\u00a0\u00bbdefault\u00a0\u00bb animation_type=\u00a0\u00bbdefault\u00a0\u00bb bg_image_animation=\u00a0\u00bbnone\u00a0\u00bb border_type=\u00a0\u00bbsimple\u00a0\u00bb column_border_width=\u00a0\u00bbnone\u00a0\u00bb column_border_style=\u00a0\u00bbsolid\u00a0\u00bb column_padding_type=\u00a0\u00bbadvanced\u00a0\u00bb gradient_type=\u00a0\u00bbdefault\u00a0\u00bb column_link=\u00a0\u00bbhttps:\/\/blog.cyberoo.com\/en\/\u00a0\u00bb][divider line_type=\u00a0\u00bbNo Line\u00a0\u00bb custom_height=\u00a0\u00bb20px\u00a0\u00bb][nectar_video_player_self_hosted video_webm=\u00a0\u00bbhttps:\/\/content.cyberoo.com\/hubfs\/CYBEROO-azienda-1.webm\u00a0\u00bb player_functionality=\u00a0\u00bbdefault\u00a0\u00bb hide_controls=\u00a0\u00bbyes\u00a0\u00bb loop=\u00a0\u00bbyes\u00a0\u00bb autoplay=\u00a0\u00bbyes\u00a0\u00bb video_loading=\u00a0\u00bbdefault\u00a0\u00bb border_radius=\u00a0\u00bbnone\u00a0\u00bb box_shadow=\u00a0\u00bbnone\u00a0\u00bb advanced_gradient_display_type=\u00a0\u00bblinear\u00a0\u00bb][divider line_type=\u00a0\u00bbNo Line\u00a0\u00bb custom_height=\u00a0\u00bb20px\u00a0\u00bb][vc_column_text]\n<h3 style=\"text-align: left;\">Cyber Blog<\/h3>\n[\/vc_column_text][divider line_type=\u00a0\u00bbNo Line\u00a0\u00bb custom_height=\u00a0\u00bb20px\u00a0\u00bb][vc_column_text]D\u00e9couvrez tout ce que vous devez savoir sur la cybers\u00e9curit\u00e9 et la meilleure fa\u00e7on de prot\u00e9ger votre entreprise.[\/vc_column_text][nectar_cta btn_style=\u00a0\u00bbmaterial\u00a0\u00bb heading_tag=\u00a0\u00bbp\u00a0\u00bb link_type=\u00a0\u00bbnew_tab\u00a0\u00bb alignment=\u00a0\u00bbleft\u00a0\u00bb alignment_tablet=\u00a0\u00bbdefault\u00a0\u00bb alignment_phone=\u00a0\u00bbdefault\u00a0\u00bb display=\u00a0\u00bbblock\u00a0\u00bb display_tablet=\u00a0\u00bbinherit\u00a0\u00bb display_phone=\u00a0\u00bbinherit\u00a0\u00bb text=\u00a0\u00bbREAD THE CYBER BLOG (EN ANGLAIS)\u00a0\u00bb url=\u00a0\u00bbhttps:\/\/blog.cyberoo.com\/en\/\u00a0\u00bb][\/vc_column_inner][vc_column_inner left_padding_desktop=\u00a0\u00bb20px\u00a0\u00bb left_padding_tablet=\u00a0\u00bb0&Prime; left_padding_phone=\u00a0\u00bb0&Prime; column_element_direction_desktop=\u00a0\u00bbdefault\u00a0\u00bb column_element_spacing=\u00a0\u00bbdefault\u00a0\u00bb desktop_text_alignment=\u00a0\u00bbdefault\u00a0\u00bb tablet_text_alignment=\u00a0\u00bbdefault\u00a0\u00bb phone_text_alignment=\u00a0\u00bbdefault\u00a0\u00bb background_color_opacity=\u00a0\u00bb1&Prime; background_hover_color_opacity=\u00a0\u00bb1&Prime; column_backdrop_filter=\u00a0\u00bbnone\u00a0\u00bb column_shadow=\u00a0\u00bbnone\u00a0\u00bb column_border_radius=\u00a0\u00bbnone\u00a0\u00bb column_link_target=\u00a0\u00bb_blank\u00a0\u00bb overflow=\u00a0\u00bbvisible\u00a0\u00bb gradient_direction=\u00a0\u00bbleft_to_right\u00a0\u00bb overlay_strength=\u00a0\u00bb0.3&Prime; width=\u00a0\u00bb1\/2&Prime; tablet_width_inherit=\u00a0\u00bbdefault\u00a0\u00bb animation_type=\u00a0\u00bbdefault\u00a0\u00bb bg_image_animation=\u00a0\u00bbnone\u00a0\u00bb border_type=\u00a0\u00bbsimple\u00a0\u00bb column_border_width=\u00a0\u00bbnone\u00a0\u00bb column_border_style=\u00a0\u00bbsolid\u00a0\u00bb column_padding_type=\u00a0\u00bbadvanced\u00a0\u00bb gradient_type=\u00a0\u00bbdefault\u00a0\u00bb column_link=\u00a0\u00bbhttps:\/\/cert.cyberoo.com\/en\/\u00a0\u00bb][divider line_type=\u00a0\u00bbNo Line\u00a0\u00bb custom_height=\u00a0\u00bb20px\u00a0\u00bb custom_height_phone=\u00a0\u00bb45px\u00a0\u00bb][nectar_video_player_self_hosted video_webm=\u00a0\u00bbhttps:\/\/cert.cyberoo.com\/wp-content\/themes\/cyberoo-child\/video\/cyberoo-blog-video.webm\u00a0\u00bb player_functionality=\u00a0\u00bbdefault\u00a0\u00bb hide_controls=\u00a0\u00bbyes\u00a0\u00bb loop=\u00a0\u00bbyes\u00a0\u00bb autoplay=\u00a0\u00bbyes\u00a0\u00bb video_loading=\u00a0\u00bbdefault\u00a0\u00bb border_radius=\u00a0\u00bbnone\u00a0\u00bb box_shadow=\u00a0\u00bbnone\u00a0\u00bb advanced_gradient_display_type=\u00a0\u00bblinear\u00a0\u00bb][divider line_type=\u00a0\u00bbNo Line\u00a0\u00bb custom_height=\u00a0\u00bb20px\u00a0\u00bb][vc_column_text]\n<h3 style=\"text-align: left;\">Tech Blog<\/h3>\n[\/vc_column_text][divider line_type=\u00a0\u00bbNo Line\u00a0\u00bb custom_height=\u00a0\u00bb20px\u00a0\u00bb][vc_column_text]Un regard d&rsquo;expert sur les cyberincidents, les tendances \u00e9mergentes et les meilleures pratiques dans le monde num\u00e9rique.[\/vc_column_text][nectar_cta btn_style=\u00a0\u00bbmaterial\u00a0\u00bb heading_tag=\u00a0\u00bbp\u00a0\u00bb link_type=\u00a0\u00bbnew_tab\u00a0\u00bb alignment=\u00a0\u00bbleft\u00a0\u00bb alignment_tablet=\u00a0\u00bbdefault\u00a0\u00bb alignment_phone=\u00a0\u00bbdefault\u00a0\u00bb display=\u00a0\u00bbblock\u00a0\u00bb display_tablet=\u00a0\u00bbinherit\u00a0\u00bb display_phone=\u00a0\u00bbinherit\u00a0\u00bb text=\u00a0\u00bbREAD THE TECH BLOG (EN ANGLAIS)\u00a0\u00bb url=\u00a0\u00bbhttps:\/\/cert.cyberoo.com\/en\/\u00a0\u00bb][\/vc_column_inner][\/vc_row_inner][vc_row_inner disable_element=\u00a0\u00bbyes\u00a0\u00bb column_margin=\u00a0\u00bbdefault\u00a0\u00bb column_direction=\u00a0\u00bbdefault\u00a0\u00bb column_direction_tablet=\u00a0\u00bbdefault\u00a0\u00bb column_direction_phone=\u00a0\u00bbdefault\u00a0\u00bb text_align=\u00a0\u00bbleft\u00a0\u00bb row_position=\u00a0\u00bbdefault\u00a0\u00bb row_position_tablet=\u00a0\u00bbinherit\u00a0\u00bb row_position_phone=\u00a0\u00bbinherit\u00a0\u00bb overflow=\u00a0\u00bbvisible\u00a0\u00bb pointer_events=\u00a0\u00bball\u00a0\u00bb][vc_column_inner right_padding_desktop=\u00a0\u00bb20px\u00a0\u00bb right_padding_tablet=\u00a0\u00bb0&Prime; right_padding_phone=\u00a0\u00bb0&Prime; column_element_direction_desktop=\u00a0\u00bbdefault\u00a0\u00bb column_element_spacing=\u00a0\u00bbdefault\u00a0\u00bb desktop_text_alignment=\u00a0\u00bbdefault\u00a0\u00bb tablet_text_alignment=\u00a0\u00bbdefault\u00a0\u00bb phone_text_alignment=\u00a0\u00bbdefault\u00a0\u00bb background_color_opacity=\u00a0\u00bb1&Prime; background_hover_color_opacity=\u00a0\u00bb1&Prime; column_backdrop_filter=\u00a0\u00bbnone\u00a0\u00bb column_shadow=\u00a0\u00bbnone\u00a0\u00bb column_border_radius=\u00a0\u00bbnone\u00a0\u00bb column_link_target=\u00a0\u00bb_blank\u00a0\u00bb overflow=\u00a0\u00bbvisible\u00a0\u00bb gradient_direction=\u00a0\u00bbleft_to_right\u00a0\u00bb overlay_strength=\u00a0\u00bb0.3&Prime; width=\u00a0\u00bb1\/2&Prime; tablet_width_inherit=\u00a0\u00bbdefault\u00a0\u00bb animation_type=\u00a0\u00bbdefault\u00a0\u00bb bg_image_animation=\u00a0\u00bbnone\u00a0\u00bb border_type=\u00a0\u00bbsimple\u00a0\u00bb column_border_width=\u00a0\u00bbnone\u00a0\u00bb column_border_style=\u00a0\u00bbsolid\u00a0\u00bb column_padding_type=\u00a0\u00bbadvanced\u00a0\u00bb gradient_type=\u00a0\u00bbdefault\u00a0\u00bb][divider line_type=\u00a0\u00bbNo Line\u00a0\u00bb custom_height=\u00a0\u00bb20px\u00a0\u00bb][image_with_animation image_url=\u00a0\u00bb16543&Prime; image_size=\u00a0\u00bbfull\u00a0\u00bb animation_type=\u00a0\u00bbentrance\u00a0\u00bb animation=\u00a0\u00bbNone\u00a0\u00bb animation_movement_type=\u00a0\u00bbtransform_y\u00a0\u00bb hover_animation=\u00a0\u00bbnone\u00a0\u00bb alignment=\u00a0\u00bb\u00a0\u00bb img_link_target=\u00a0\u00bb_blank\u00a0\u00bb border_radius=\u00a0\u00bbnone\u00a0\u00bb box_shadow=\u00a0\u00bbnone\u00a0\u00bb image_loading=\u00a0\u00bbdefault\u00a0\u00bb max_width=\u00a0\u00bb100%\u00a0\u00bb max_width_mobile=\u00a0\u00bbdefault\u00a0\u00bb img_link=\u00a0\u00bbhttps:\/\/blog.cyberoo.com\/en\/\u00a0\u00bb][divider line_type=\u00a0\u00bbNo Line\u00a0\u00bb custom_height=\u00a0\u00bb20px\u00a0\u00bb][vc_column_text]\n<h3 style=\"text-align: left;\">Cyber Blog<\/h3>\n[\/vc_column_text][divider line_type=\u00a0\u00bbNo Line\u00a0\u00bb custom_height=\u00a0\u00bb20px\u00a0\u00bb][vc_column_text]Find out everything you need to know about Cyber Security and how best to protect your company.[\/vc_column_text][nectar_cta btn_style=\u00a0\u00bbmaterial\u00a0\u00bb heading_tag=\u00a0\u00bbp\u00a0\u00bb link_type=\u00a0\u00bbnew_tab\u00a0\u00bb alignment=\u00a0\u00bbleft\u00a0\u00bb alignment_tablet=\u00a0\u00bbdefault\u00a0\u00bb alignment_phone=\u00a0\u00bbdefault\u00a0\u00bb display=\u00a0\u00bbblock\u00a0\u00bb display_tablet=\u00a0\u00bbinherit\u00a0\u00bb display_phone=\u00a0\u00bbinherit\u00a0\u00bb text=\u00a0\u00bbREAD THE CYBER BLOG\u00a0\u00bb url=\u00a0\u00bbhttps:\/\/blog.cyberoo.com\/en\/\u00a0\u00bb][\/vc_column_inner][vc_column_inner left_padding_desktop=\u00a0\u00bb20px\u00a0\u00bb left_padding_tablet=\u00a0\u00bb0&Prime; left_padding_phone=\u00a0\u00bb0&Prime; column_element_direction_desktop=\u00a0\u00bbdefault\u00a0\u00bb column_element_spacing=\u00a0\u00bbdefault\u00a0\u00bb desktop_text_alignment=\u00a0\u00bbdefault\u00a0\u00bb tablet_text_alignment=\u00a0\u00bbdefault\u00a0\u00bb phone_text_alignment=\u00a0\u00bbdefault\u00a0\u00bb background_color_opacity=\u00a0\u00bb1&Prime; background_hover_color_opacity=\u00a0\u00bb1&Prime; column_backdrop_filter=\u00a0\u00bbnone\u00a0\u00bb column_shadow=\u00a0\u00bbnone\u00a0\u00bb column_border_radius=\u00a0\u00bbnone\u00a0\u00bb column_link_target=\u00a0\u00bb_blank\u00a0\u00bb overflow=\u00a0\u00bbvisible\u00a0\u00bb gradient_direction=\u00a0\u00bbleft_to_right\u00a0\u00bb overlay_strength=\u00a0\u00bb0.3&Prime; width=\u00a0\u00bb1\/2&Prime; tablet_width_inherit=\u00a0\u00bbdefault\u00a0\u00bb animation_type=\u00a0\u00bbdefault\u00a0\u00bb bg_image_animation=\u00a0\u00bbnone\u00a0\u00bb border_type=\u00a0\u00bbsimple\u00a0\u00bb column_border_width=\u00a0\u00bbnone\u00a0\u00bb column_border_style=\u00a0\u00bbsolid\u00a0\u00bb column_padding_type=\u00a0\u00bbadvanced\u00a0\u00bb gradient_type=\u00a0\u00bbdefault\u00a0\u00bb][divider line_type=\u00a0\u00bbNo Line\u00a0\u00bb custom_height=\u00a0\u00bb20px\u00a0\u00bb custom_height_phone=\u00a0\u00bb45px\u00a0\u00bb][image_with_animation image_url=\u00a0\u00bb16548&Prime; image_size=\u00a0\u00bbfull\u00a0\u00bb animation_type=\u00a0\u00bbentrance\u00a0\u00bb animation=\u00a0\u00bbNone\u00a0\u00bb animation_movement_type=\u00a0\u00bbtransform_y\u00a0\u00bb hover_animation=\u00a0\u00bbnone\u00a0\u00bb alignment=\u00a0\u00bb\u00a0\u00bb img_link_target=\u00a0\u00bb_blank\u00a0\u00bb border_radius=\u00a0\u00bbnone\u00a0\u00bb box_shadow=\u00a0\u00bbnone\u00a0\u00bb image_loading=\u00a0\u00bbdefault\u00a0\u00bb max_width=\u00a0\u00bb100%\u00a0\u00bb max_width_mobile=\u00a0\u00bbdefault\u00a0\u00bb img_link=\u00a0\u00bbhttps:\/\/cert.cyberoo.com\/en\/\u00a0\u00bb][divider line_type=\u00a0\u00bbNo Line\u00a0\u00bb custom_height=\u00a0\u00bb20px\u00a0\u00bb][vc_column_text]\n<h3 style=\"text-align: left;\">Tech Blog<\/h3>\n[\/vc_column_text][divider line_type=\u00a0\u00bbNo Line\u00a0\u00bb custom_height=\u00a0\u00bb20px\u00a0\u00bb][vc_column_text]An expert look at cyber incidents, emerging trends and best practices in the digital world.[\/vc_column_text][nectar_cta btn_style=\u00a0\u00bbmaterial\u00a0\u00bb heading_tag=\u00a0\u00bbp\u00a0\u00bb link_type=\u00a0\u00bbnew_tab\u00a0\u00bb alignment=\u00a0\u00bbleft\u00a0\u00bb alignment_tablet=\u00a0\u00bbdefault\u00a0\u00bb alignment_phone=\u00a0\u00bbdefault\u00a0\u00bb display=\u00a0\u00bbblock\u00a0\u00bb display_tablet=\u00a0\u00bbinherit\u00a0\u00bb display_phone=\u00a0\u00bbinherit\u00a0\u00bb text=\u00a0\u00bbREAD THE TECH BLOG\u00a0\u00bb url=\u00a0\u00bbhttps:\/\/cert.cyberoo.com\/en\/\u00a0\u00bb][\/vc_column_inner][\/vc_row_inner][divider line_type=\u00a0\u00bbNo Line\u00a0\u00bb custom_height=\u00a0\u00bb100px\u00a0\u00bb][\/vc_column][\/vc_row]\n","protected":false},"excerpt":{"rendered":"<p>[vc_row type=\u00a0\u00bbin_container\u00a0\u00bb full_screen_row_position=\u00a0\u00bbmiddle\u00a0\u00bb column_margin=\u00a0\u00bbdefault\u00a0\u00bb column_direction=\u00a0\u00bbdefault\u00a0\u00bb column_direction_tablet=\u00a0\u00bbdefault\u00a0\u00bb column_direction_phone=\u00a0\u00bbdefault\u00a0\u00bb scene_position=\u00a0\u00bbcenter\u00a0\u00bb left_margin=\u00a0\u00bb10%\u00a0\u00bb constrain_group_8=\u00a0\u00bbyes\u00a0\u00bb right_margin=\u00a0\u00bb10%\u00a0\u00bb text_color=\u00a0\u00bbdark\u00a0\u00bb text_align=\u00a0\u00bbleft\u00a0\u00bb row_border_radius=\u00a0\u00bbnone\u00a0\u00bb row_border_radius_applies=\u00a0\u00bbbg\u00a0\u00bb overflow=\u00a0\u00bbvisible\u00a0\u00bb overlay_strength=\u00a0\u00bb0.3&Prime; gradient_direction=\u00a0\u00bbleft_to_right\u00a0\u00bb shape_divider_position=\u00a0\u00bbbottom\u00a0\u00bb bg_image_animation=\u00a0\u00bbnone\u00a0\u00bb gradient_type=\u00a0\u00bbdefault\u00a0\u00bb shape_type=\u00a0\u00bb\u00a0\u00bb][vc_column column_padding=\u00a0\u00bbno-extra-padding\u00a0\u00bb column_padding_tablet=\u00a0\u00bbinherit\u00a0\u00bb column_padding_phone=\u00a0\u00bbinherit\u00a0\u00bb column_padding_position=\u00a0\u00bball\u00a0\u00bb column_element_direction_desktop=\u00a0\u00bbdefault\u00a0\u00bb column_element_spacing=\u00a0\u00bbdefault\u00a0\u00bb desktop_text_alignment=\u00a0\u00bbdefault\u00a0\u00bb tablet_text_alignment=\u00a0\u00bbdefault\u00a0\u00bb&#8230;<\/p>\n","protected":false},"author":2,"featured_media":0,"parent":0,"menu_order":0,"comment_status":"closed","ping_status":"closed","template":"","meta":{"inline_featured_image":false,"footnotes":""},"class_list":["post-17525","page","type-page","status-publish"],"yoast_head":"<!-- This site is optimized with the Yoast SEO plugin v26.4 - https:\/\/yoast.com\/wordpress\/plugins\/seo\/ -->\n<title>Choisissez votre blog de cybers\u00e9curit\u00e9 | Cybeoo<\/title>\n<meta name=\"description\" content=\"D\u00e9couvrez les meilleurs blogs de cybers\u00e9curit\u00e9. Choisissez le v\u00f4tre et restez inform\u00e9 des derni\u00e8res actualit\u00e9s du secteur!\" \/>\n<meta name=\"robots\" content=\"index, follow, max-snippet:-1, max-image-preview:large, max-video-preview:-1\" \/>\n<link rel=\"canonical\" href=\"https:\/\/cyberoo.com\/fr\/choisissez-votre-blog-de-cybersecurite\/\" \/>\n<meta property=\"og:locale\" content=\"fr_FR\" \/>\n<meta property=\"og:type\" content=\"article\" \/>\n<meta property=\"og:title\" content=\"Choisissez votre blog de cybers\u00e9curit\u00e9 | Cybeoo\" \/>\n<meta property=\"og:description\" content=\"D\u00e9couvrez les meilleurs blogs de cybers\u00e9curit\u00e9. Choisissez le v\u00f4tre et restez inform\u00e9 des derni\u00e8res actualit\u00e9s du secteur!\" \/>\n<meta property=\"og:url\" content=\"https:\/\/cyberoo.com\/fr\/choisissez-votre-blog-de-cybersecurite\/\" \/>\n<meta property=\"og:site_name\" content=\"Cyberoo\" \/>\n<meta property=\"article:modified_time\" content=\"2024-12-09T11:00:32+00:00\" \/>\n<meta name=\"twitter:card\" content=\"summary_large_image\" \/>\n<meta name=\"twitter:site\" content=\"@CYBEROO_ITALIA\" \/>\n<meta name=\"twitter:label1\" content=\"Dur\u00e9e de lecture estim\u00e9e\" \/>\n\t<meta name=\"twitter:data1\" content=\"3 minutes\" \/>\n<script type=\"application\/ld+json\" class=\"yoast-schema-graph\">{\"@context\":\"https:\/\/schema.org\",\"@graph\":[{\"@type\":\"WebPage\",\"@id\":\"https:\/\/cyberoo.com\/fr\/choisissez-votre-blog-de-cybersecurite\/\",\"url\":\"https:\/\/cyberoo.com\/fr\/choisissez-votre-blog-de-cybersecurite\/\",\"name\":\"Choisissez votre blog de cybers\u00e9curit\u00e9 | Cybeoo\",\"isPartOf\":{\"@id\":\"https:\/\/cyberoo.com\/fr\/#website\"},\"datePublished\":\"2024-03-01T16:16:04+00:00\",\"dateModified\":\"2024-12-09T11:00:32+00:00\",\"description\":\"D\u00e9couvrez les meilleurs blogs de cybers\u00e9curit\u00e9. Choisissez le v\u00f4tre et restez inform\u00e9 des derni\u00e8res actualit\u00e9s du secteur!\",\"breadcrumb\":{\"@id\":\"https:\/\/cyberoo.com\/fr\/choisissez-votre-blog-de-cybersecurite\/#breadcrumb\"},\"inLanguage\":\"fr-FR\",\"potentialAction\":[{\"@type\":\"ReadAction\",\"target\":[\"https:\/\/cyberoo.com\/fr\/choisissez-votre-blog-de-cybersecurite\/\"]}]},{\"@type\":\"BreadcrumbList\",\"@id\":\"https:\/\/cyberoo.com\/fr\/choisissez-votre-blog-de-cybersecurite\/#breadcrumb\",\"itemListElement\":[{\"@type\":\"ListItem\",\"position\":1,\"name\":\"Home\",\"item\":\"https:\/\/cyberoo.com\/fr\/\"},{\"@type\":\"ListItem\",\"position\":2,\"name\":\"Choisissez votre blog de cybers\u00e9curit\u00e9\"}]},{\"@type\":\"WebSite\",\"@id\":\"https:\/\/cyberoo.com\/fr\/#website\",\"url\":\"https:\/\/cyberoo.com\/fr\/\",\"name\":\"Cyberoo\",\"description\":\"Superheroes are always ready for action\",\"publisher\":{\"@id\":\"https:\/\/cyberoo.com\/fr\/#organization\"},\"potentialAction\":[{\"@type\":\"SearchAction\",\"target\":{\"@type\":\"EntryPoint\",\"urlTemplate\":\"https:\/\/cyberoo.com\/fr\/?s={search_term_string}\"},\"query-input\":{\"@type\":\"PropertyValueSpecification\",\"valueRequired\":true,\"valueName\":\"search_term_string\"}}],\"inLanguage\":\"fr-FR\"},{\"@type\":\"Organization\",\"@id\":\"https:\/\/cyberoo.com\/fr\/#organization\",\"name\":\"Cyberoo\",\"url\":\"https:\/\/cyberoo.com\/fr\/\",\"logo\":{\"@type\":\"ImageObject\",\"inLanguage\":\"fr-FR\",\"@id\":\"https:\/\/cyberoo.com\/fr\/#\/schema\/logo\/image\/\",\"url\":\"https:\/\/cyberoo.com\/wp-content\/uploads\/2023\/01\/CYBEROO-logo-dark.svg\",\"contentUrl\":\"https:\/\/cyberoo.com\/wp-content\/uploads\/2023\/01\/CYBEROO-logo-dark.svg\",\"width\":258,\"height\":38,\"caption\":\"Cyberoo\"},\"image\":{\"@id\":\"https:\/\/cyberoo.com\/fr\/#\/schema\/logo\/image\/\"},\"sameAs\":[\"https:\/\/x.com\/CYBEROO_ITALIA\",\"https:\/\/it.linkedin.com\/company\/cyberoo-italia\",\"https:\/\/www.youtube.com\/channel\/UC7AwVDG9Ngdwohk_zPd25xQ\"]}]}<\/script>\n<!-- \/ Yoast SEO plugin. -->","yoast_head_json":{"title":"Choisissez votre blog de cybers\u00e9curit\u00e9 | Cybeoo","description":"D\u00e9couvrez les meilleurs blogs de cybers\u00e9curit\u00e9. Choisissez le v\u00f4tre et restez inform\u00e9 des derni\u00e8res actualit\u00e9s du secteur!","robots":{"index":"index","follow":"follow","max-snippet":"max-snippet:-1","max-image-preview":"max-image-preview:large","max-video-preview":"max-video-preview:-1"},"canonical":"https:\/\/cyberoo.com\/fr\/choisissez-votre-blog-de-cybersecurite\/","og_locale":"fr_FR","og_type":"article","og_title":"Choisissez votre blog de cybers\u00e9curit\u00e9 | Cybeoo","og_description":"D\u00e9couvrez les meilleurs blogs de cybers\u00e9curit\u00e9. Choisissez le v\u00f4tre et restez inform\u00e9 des derni\u00e8res actualit\u00e9s du secteur!","og_url":"https:\/\/cyberoo.com\/fr\/choisissez-votre-blog-de-cybersecurite\/","og_site_name":"Cyberoo","article_modified_time":"2024-12-09T11:00:32+00:00","twitter_card":"summary_large_image","twitter_site":"@CYBEROO_ITALIA","twitter_misc":{"Dur\u00e9e de lecture estim\u00e9e":"3 minutes"},"schema":{"@context":"https:\/\/schema.org","@graph":[{"@type":"WebPage","@id":"https:\/\/cyberoo.com\/fr\/choisissez-votre-blog-de-cybersecurite\/","url":"https:\/\/cyberoo.com\/fr\/choisissez-votre-blog-de-cybersecurite\/","name":"Choisissez votre blog de cybers\u00e9curit\u00e9 | Cybeoo","isPartOf":{"@id":"https:\/\/cyberoo.com\/fr\/#website"},"datePublished":"2024-03-01T16:16:04+00:00","dateModified":"2024-12-09T11:00:32+00:00","description":"D\u00e9couvrez les meilleurs blogs de cybers\u00e9curit\u00e9. Choisissez le v\u00f4tre et restez inform\u00e9 des derni\u00e8res actualit\u00e9s du secteur!","breadcrumb":{"@id":"https:\/\/cyberoo.com\/fr\/choisissez-votre-blog-de-cybersecurite\/#breadcrumb"},"inLanguage":"fr-FR","potentialAction":[{"@type":"ReadAction","target":["https:\/\/cyberoo.com\/fr\/choisissez-votre-blog-de-cybersecurite\/"]}]},{"@type":"BreadcrumbList","@id":"https:\/\/cyberoo.com\/fr\/choisissez-votre-blog-de-cybersecurite\/#breadcrumb","itemListElement":[{"@type":"ListItem","position":1,"name":"Home","item":"https:\/\/cyberoo.com\/fr\/"},{"@type":"ListItem","position":2,"name":"Choisissez votre blog de cybers\u00e9curit\u00e9"}]},{"@type":"WebSite","@id":"https:\/\/cyberoo.com\/fr\/#website","url":"https:\/\/cyberoo.com\/fr\/","name":"Cyberoo","description":"Superheroes are always ready for action","publisher":{"@id":"https:\/\/cyberoo.com\/fr\/#organization"},"potentialAction":[{"@type":"SearchAction","target":{"@type":"EntryPoint","urlTemplate":"https:\/\/cyberoo.com\/fr\/?s={search_term_string}"},"query-input":{"@type":"PropertyValueSpecification","valueRequired":true,"valueName":"search_term_string"}}],"inLanguage":"fr-FR"},{"@type":"Organization","@id":"https:\/\/cyberoo.com\/fr\/#organization","name":"Cyberoo","url":"https:\/\/cyberoo.com\/fr\/","logo":{"@type":"ImageObject","inLanguage":"fr-FR","@id":"https:\/\/cyberoo.com\/fr\/#\/schema\/logo\/image\/","url":"https:\/\/cyberoo.com\/wp-content\/uploads\/2023\/01\/CYBEROO-logo-dark.svg","contentUrl":"https:\/\/cyberoo.com\/wp-content\/uploads\/2023\/01\/CYBEROO-logo-dark.svg","width":258,"height":38,"caption":"Cyberoo"},"image":{"@id":"https:\/\/cyberoo.com\/fr\/#\/schema\/logo\/image\/"},"sameAs":["https:\/\/x.com\/CYBEROO_ITALIA","https:\/\/it.linkedin.com\/company\/cyberoo-italia","https:\/\/www.youtube.com\/channel\/UC7AwVDG9Ngdwohk_zPd25xQ"]}]}},"_links":{"self":[{"href":"https:\/\/cyberoo.com\/fr\/wp-json\/wp\/v2\/pages\/17525","targetHints":{"allow":["GET"]}}],"collection":[{"href":"https:\/\/cyberoo.com\/fr\/wp-json\/wp\/v2\/pages"}],"about":[{"href":"https:\/\/cyberoo.com\/fr\/wp-json\/wp\/v2\/types\/page"}],"author":[{"embeddable":true,"href":"https:\/\/cyberoo.com\/fr\/wp-json\/wp\/v2\/users\/2"}],"replies":[{"embeddable":true,"href":"https:\/\/cyberoo.com\/fr\/wp-json\/wp\/v2\/comments?post=17525"}],"version-history":[{"count":4,"href":"https:\/\/cyberoo.com\/fr\/wp-json\/wp\/v2\/pages\/17525\/revisions"}],"predecessor-version":[{"id":20744,"href":"https:\/\/cyberoo.com\/fr\/wp-json\/wp\/v2\/pages\/17525\/revisions\/20744"}],"wp:attachment":[{"href":"https:\/\/cyberoo.com\/fr\/wp-json\/wp\/v2\/media?parent=17525"}],"curies":[{"name":"wp","href":"https:\/\/api.w.org\/{rel}","templated":true}]}}