{"id":16260,"date":"2023-05-19T11:19:14","date_gmt":"2023-05-19T09:19:14","guid":{"rendered":"https:\/\/cyberoo.com\/cert_at_cyberoo-com-asc\/"},"modified":"2024-01-18T17:30:20","modified_gmt":"2024-01-18T16:30:20","slug":"cert_at_cyberoo-com-asc","status":"publish","type":"page","link":"https:\/\/cyberoo.com\/fr\/cert_at_cyberoo-com-asc\/","title":{"rendered":"cert_at_cyberoo-com-asc"},"content":{"rendered":"[vc_row type=\u00a0\u00bbin_container\u00a0\u00bb full_screen_row_position=\u00a0\u00bbmiddle\u00a0\u00bb column_margin=\u00a0\u00bbdefault\u00a0\u00bb column_direction=\u00a0\u00bbdefault\u00a0\u00bb column_direction_tablet=\u00a0\u00bbdefault\u00a0\u00bb column_direction_phone=\u00a0\u00bbdefault\u00a0\u00bb scene_position=\u00a0\u00bbcenter\u00a0\u00bb text_color=\u00a0\u00bbdark\u00a0\u00bb text_align=\u00a0\u00bbleft\u00a0\u00bb row_border_radius=\u00a0\u00bbnone\u00a0\u00bb row_border_radius_applies=\u00a0\u00bbbg\u00a0\u00bb overflow=\u00a0\u00bbvisible\u00a0\u00bb overlay_strength=\u00a0\u00bb0.3&Prime; gradient_direction=\u00a0\u00bbleft_to_right\u00a0\u00bb shape_divider_position=\u00a0\u00bbbottom\u00a0\u00bb bg_image_animation=\u00a0\u00bbnone\u00a0\u00bb][vc_column column_padding=\u00a0\u00bbno-extra-padding\u00a0\u00bb column_padding_tablet=\u00a0\u00bbinherit\u00a0\u00bb column_padding_phone=\u00a0\u00bbinherit\u00a0\u00bb column_padding_position=\u00a0\u00bball\u00a0\u00bb column_element_direction_desktop=\u00a0\u00bbdefault\u00a0\u00bb column_element_spacing=\u00a0\u00bbdefault\u00a0\u00bb desktop_text_alignment=\u00a0\u00bbdefault\u00a0\u00bb tablet_text_alignment=\u00a0\u00bbdefault\u00a0\u00bb phone_text_alignment=\u00a0\u00bbdefault\u00a0\u00bb background_color_opacity=\u00a0\u00bb1&Prime; background_hover_color_opacity=\u00a0\u00bb1&Prime; column_backdrop_filter=\u00a0\u00bbnone\u00a0\u00bb column_shadow=\u00a0\u00bbnone\u00a0\u00bb column_border_radius=\u00a0\u00bbnone\u00a0\u00bb column_link_target=\u00a0\u00bb_self\u00a0\u00bb column_position=\u00a0\u00bbdefault\u00a0\u00bb gradient_direction=\u00a0\u00bbleft_to_right\u00a0\u00bb overlay_strength=\u00a0\u00bb0.3&Prime; width=\u00a0\u00bb1\/1&Prime; tablet_width_inherit=\u00a0\u00bbdefault\u00a0\u00bb animation_type=\u00a0\u00bbdefault\u00a0\u00bb bg_image_animation=\u00a0\u00bbnone\u00a0\u00bb border_type=\u00a0\u00bbsimple\u00a0\u00bb column_border_width=\u00a0\u00bbnone\u00a0\u00bb column_border_style=\u00a0\u00bbsolid\u00a0\u00bb][nectar_cta btn_style=\u00a0\u00bbmaterial\u00a0\u00bb heading_tag=\u00a0\u00bbp\u00a0\u00bb link_type=\u00a0\u00bbregular\u00a0\u00bb alignment=\u00a0\u00bbleft\u00a0\u00bb alignment_tablet=\u00a0\u00bbdefault\u00a0\u00bb alignment_phone=\u00a0\u00bbdefault\u00a0\u00bb display=\u00a0\u00bbblock\u00a0\u00bb display_tablet=\u00a0\u00bbinherit\u00a0\u00bb display_phone=\u00a0\u00bbinherit\u00a0\u00bb link_text=\u00a0\u00bbT\u00e9l\u00e9charger la cl\u00e9 PGP\u00a0\u00bb url=\u00a0\u00bbhttps:\/\/cyberoo.com\/wp-content\/themes\/cyberoo-child\/cert_at_cyberoo.com.asc\u00a0\u00bb][divider line_type=\u00a0\u00bbNo Line\u00a0\u00bb custom_height=\u00a0\u00bb50px\u00a0\u00bb][vc_column_text]&#8212;&#8211;BEGIN PGP PUBLIC KEY BLOCK&#8212;&#8211;<\/p>\n<p>mQGNBGAzlvABDADMvAglvNDUq2F5A6yc14TZP9oDIib8tRWKCfQHQaRVpznA5xz0<br \/>\nqhDCZgDeB3s89t2mNp8AyDLLtjEl2pxs061QIqS9Kf+SJqokvMzuSfXyo6pH66MV<br \/>\nnKOhjRU6dfGzFU5a5iY93COGfyRyp09EW0nOEF8ykHcG1GofQTeLamU8DlNxz2MB<br \/>\nniH17GOc5e0dW5\/mPods036QKUH3RAma0wxxyKFwiBtuRGjQiImgYleJBhbOuWN4<br \/>\n3gbUQYZQjIPqtImWAziX0pRHBo1X8pgANcjil1ImX\/tWLNiGwm66WIQkuKFHoClc<br \/>\n0DZRixG5K6Vxjs0mobmA7x1RkikK7TcZPvNcMkkKt\/jgoeBtEFWPCxQIItEFHsx1<br \/>\nSf6o8k6uuVupQ4NWNVCLTf2+Zcz93KpU8R34SgIjhL+244iyOknhaHWK9tNh5tJn<br \/>\nXsHDT4hYYWmz2lrMsb1i+8mll6YJDiaK4uzbeNn5t3GW68\/DyKhPP0MQ5zmZd1Wz<br \/>\nvI5ZqTw++o41iF0AEQEAAbQXY2VydCA8Y2VydEBjeWJlcm9vLmNvbT6JAc4EEwEI<br \/>\nADgCGwMFCwkIBwIGFQoJCAsCBBYCAwECHgECF4AWIQSZK3s5jG3rZroCrn6BYlqR<br \/>\noPPBBQUCZAOHbwAKCRCBYlqRoPPBBWNFDAC2HTA64OCj9mZYjhEVvRL7prUx8zOh<br \/>\nceBqs\/QgWy1AxtHXAf2kXGFhtbX4lwZneXCkRBNk0FvjSJ3uBVBsw74\/GN1rfg\/d<br \/>\npfucV0uLX7ie98e6EVLrLBQW+SNm3VxdjcgKSS\/\/n4qaHlqlfp8BndIJ9OSoD1WR<br \/>\npxE8g\/x1\/vZY3ShOeWNSDftGbwyPuSc5uWNvyoNSpJFx6bDXM4607IDhioQxLzlb<br \/>\nThqKXUyrpOXvW\/ix3SyZSTr3PDPh8XmvpNtAoirQoQ4eO8j3P4bBD5kfQX+mO1n\/<br \/>\njXWhkJCP\/gXc4S8v+1c2aIZaszKZGhFmyNCTUrhlRY0HyI9jF1fJXCYWff7b8J9L<br \/>\n\/z8ByUe8GOIIwXrEVDB0DfIA2t90KRabwvuyFR6GDCWCeYvHYcoB+MC7AMK6nQZh<br \/>\nE3fiSDugC4ysmDbOwxumxTpXW7x6F157Z\/V+32onxZB\/G2I5SWfEssiL6dD1414o<br \/>\n22x1aGUGqpxkA+\/3Px0xKK1VDSWL+FZEK9O5AY0EYDOW8AEMAMwnQkFHE3nzDki9<br \/>\ngK9ckkRHWjNWw+FZjbO+5xcV9lzKUeGl2Hgo3uB+bjU8Di+c0p81TXYr7MxJzpag<br \/>\n6JNH3kG9M\/PJ7Z\/CB4I9tZPoBwmBLbHHMwjrPmYzQ3o\/hnZRE4zVLjYB7gZkK0SI<br \/>\n6C3Y+INXmHX3u7wa1Sbo7\/j1yaFN6+J+G29flVB\/31oK46s+p4wYLXQPx7W9IZM3<br \/>\nsZZZOtxVY5VZ9\/PcUtIRJlvRO6iK8J\/VVQS4W8yXkYiWD+Ou4C2LFgafQX0l81\/L<br \/>\nRHqljXI5s8bQSqv9KL1dVA6m6oxopFJiKEYcWZlZN7j4Qfa2j\/f7WIY1IYNW0etL<br \/>\ndKwXCQ8MJ2z21c7VaxRTEZCqaEqFNnUvHaBRttd2Do24\/L9PxtyKHs9RBU3t702n<br \/>\nxRCesovEFkTjmJuP8p2gAKewVcgwUQ9\/ocyyXQ\/EGSIYwl2jTKKkVFjS5T\/zeyK6<br \/>\nKV\/TCrtjPFBhRtR\/\/rgQYob0LmbGrPHP3z6Z9QkUTtWrxLD0kwARAQABiQG8BBgB<br \/>\nCAAmAhsMFiEEmSt7OYxt62a6Aq5+gWJakaDzwQUFAmV7NmEFCQkLqn4ACgkQgWJa<br \/>\nkaDzwQUfkgv\/VvZeBU+O5Hgj6ITt4siOJF6Vt9cQLu+dLFRL5k87ngFV5RImF4Nl<br \/>\nL2p5QP5y0JKN2T+tqxj8paTUG2LdUbMRcTOWXgbhxJqq40oDoF0DFsVlMAG+C0AD<br \/>\nNfEAIbWNSJ0dgikWtC\/AMsbwaIzS2dr+3xzw91aOajwSVnrVowY7lj1nXqYmeD+1<br \/>\nf99SY30dZH7Eb33F7UJxvJV9\/AsEMKu0XJdWQaVv0H3Oyz6mOFqHvjyd20IVaRUE<br \/>\nS1REepyb9FH3U1cEYMcuok9JPC2Qj18eO4wwapo+LNN9SPNx+yrmZhzAMwvcaJdz<br \/>\n9gC+Rc3xQnCBKNXdmB6ErJDRrTiqnIIFfOA0GESIUgNN2ej8xEeQnNNS17+UlpZp<br \/>\nZ5gRtoPlV398Mgb785Gr4JsC2P4H30mT1aFBeAHGQ2AV5nypPw17mfaAGFJl5vEb<br \/>\naulSDhcjdrkRnKdb9fA1CM4AdqnQxDzYn\/P1dJ+z7C+s8Jjm4ywZmBzMLhntAj3j<br \/>\nQcVH2bEeGpYg<br \/>\n=8C+r<br \/>\n&#8212;&#8211;END PGP PUBLIC KEY BLOCK&#8212;&#8211;[\/vc_column_text][\/vc_column][\/vc_row]\n","protected":false},"excerpt":{"rendered":"<p>[vc_row type=\u00a0\u00bbin_container\u00a0\u00bb full_screen_row_position=\u00a0\u00bbmiddle\u00a0\u00bb column_margin=\u00a0\u00bbdefault\u00a0\u00bb column_direction=\u00a0\u00bbdefault\u00a0\u00bb column_direction_tablet=\u00a0\u00bbdefault\u00a0\u00bb column_direction_phone=\u00a0\u00bbdefault\u00a0\u00bb scene_position=\u00a0\u00bbcenter\u00a0\u00bb text_color=\u00a0\u00bbdark\u00a0\u00bb text_align=\u00a0\u00bbleft\u00a0\u00bb row_border_radius=\u00a0\u00bbnone\u00a0\u00bb row_border_radius_applies=\u00a0\u00bbbg\u00a0\u00bb overflow=\u00a0\u00bbvisible\u00a0\u00bb overlay_strength=\u00a0\u00bb0.3&Prime; gradient_direction=\u00a0\u00bbleft_to_right\u00a0\u00bb shape_divider_position=\u00a0\u00bbbottom\u00a0\u00bb bg_image_animation=\u00a0\u00bbnone\u00a0\u00bb][vc_column column_padding=\u00a0\u00bbno-extra-padding\u00a0\u00bb column_padding_tablet=\u00a0\u00bbinherit\u00a0\u00bb column_padding_phone=\u00a0\u00bbinherit\u00a0\u00bb column_padding_position=\u00a0\u00bball\u00a0\u00bb column_element_direction_desktop=\u00a0\u00bbdefault\u00a0\u00bb column_element_spacing=\u00a0\u00bbdefault\u00a0\u00bb desktop_text_alignment=\u00a0\u00bbdefault\u00a0\u00bb tablet_text_alignment=\u00a0\u00bbdefault\u00a0\u00bb phone_text_alignment=\u00a0\u00bbdefault\u00a0\u00bb background_color_opacity=\u00a0\u00bb1&Prime; background_hover_color_opacity=\u00a0\u00bb1&Prime; column_backdrop_filter=\u00a0\u00bbnone\u00a0\u00bb column_shadow=\u00a0\u00bbnone\u00a0\u00bb&#8230;<\/p>\n","protected":false},"author":2,"featured_media":0,"parent":0,"menu_order":0,"comment_status":"closed","ping_status":"closed","template":"","meta":{"inline_featured_image":false,"footnotes":""},"class_list":["post-16260","page","type-page","status-publish"],"yoast_head":"<!-- This site is optimized with the Yoast SEO plugin v27.4 - https:\/\/yoast.com\/product\/yoast-seo-wordpress\/ -->\n<title>cert_at_cyberoo-com-asc | Cyberoo<\/title>\n<meta name=\"robots\" content=\"index, follow, max-snippet:-1, max-image-preview:large, max-video-preview:-1\" \/>\n<link rel=\"canonical\" href=\"https:\/\/cyberoo.com\/fr\/cert_at_cyberoo-com-asc\/\" \/>\n<meta property=\"og:locale\" content=\"fr_FR\" \/>\n<meta property=\"og:type\" content=\"article\" \/>\n<meta property=\"og:title\" content=\"cert_at_cyberoo-com-asc | Cyberoo\" \/>\n<meta property=\"og:description\" content=\"[vc_row type=\u00a0\u00bbin_container\u00a0\u00bb full_screen_row_position=\u00a0\u00bbmiddle\u00a0\u00bb column_margin=\u00a0\u00bbdefault\u00a0\u00bb column_direction=\u00a0\u00bbdefault\u00a0\u00bb column_direction_tablet=\u00a0\u00bbdefault\u00a0\u00bb column_direction_phone=\u00a0\u00bbdefault\u00a0\u00bb scene_position=\u00a0\u00bbcenter\u00a0\u00bb text_color=\u00a0\u00bbdark\u00a0\u00bb text_align=\u00a0\u00bbleft\u00a0\u00bb row_border_radius=\u00a0\u00bbnone\u00a0\u00bb row_border_radius_applies=\u00a0\u00bbbg\u00a0\u00bb overflow=\u00a0\u00bbvisible\u00a0\u00bb overlay_strength=\u00a0\u00bb0.3&Prime; gradient_direction=\u00a0\u00bbleft_to_right\u00a0\u00bb shape_divider_position=\u00a0\u00bbbottom\u00a0\u00bb bg_image_animation=\u00a0\u00bbnone\u00a0\u00bb][vc_column column_padding=\u00a0\u00bbno-extra-padding\u00a0\u00bb column_padding_tablet=\u00a0\u00bbinherit\u00a0\u00bb column_padding_phone=\u00a0\u00bbinherit\u00a0\u00bb column_padding_position=\u00a0\u00bball\u00a0\u00bb column_element_direction_desktop=\u00a0\u00bbdefault\u00a0\u00bb column_element_spacing=\u00a0\u00bbdefault\u00a0\u00bb desktop_text_alignment=\u00a0\u00bbdefault\u00a0\u00bb tablet_text_alignment=\u00a0\u00bbdefault\u00a0\u00bb phone_text_alignment=\u00a0\u00bbdefault\u00a0\u00bb background_color_opacity=\u00a0\u00bb1&Prime; background_hover_color_opacity=\u00a0\u00bb1&Prime; column_backdrop_filter=\u00a0\u00bbnone\u00a0\u00bb column_shadow=\u00a0\u00bbnone\u00a0\u00bb...\" \/>\n<meta property=\"og:url\" content=\"https:\/\/cyberoo.com\/fr\/cert_at_cyberoo-com-asc\/\" \/>\n<meta property=\"og:site_name\" content=\"Cyberoo\" \/>\n<meta property=\"article:modified_time\" content=\"2024-01-18T16:30:20+00:00\" \/>\n<meta name=\"twitter:card\" content=\"summary_large_image\" \/>\n<meta name=\"twitter:site\" content=\"@CYBEROO_ITALIA\" \/>\n<meta name=\"twitter:label1\" content=\"Dur\u00e9e de lecture estim\u00e9e\" \/>\n\t<meta name=\"twitter:data1\" content=\"3 minutes\" \/>\n<script type=\"application\/ld+json\" class=\"yoast-schema-graph\">{\"@context\":\"https:\\\/\\\/schema.org\",\"@graph\":[{\"@type\":\"WebPage\",\"@id\":\"https:\\\/\\\/cyberoo.com\\\/fr\\\/cert_at_cyberoo-com-asc\\\/\",\"url\":\"https:\\\/\\\/cyberoo.com\\\/fr\\\/cert_at_cyberoo-com-asc\\\/\",\"name\":\"cert_at_cyberoo-com-asc | Cyberoo\",\"isPartOf\":{\"@id\":\"https:\\\/\\\/cyberoo.com\\\/fr\\\/#website\"},\"datePublished\":\"2023-05-19T09:19:14+00:00\",\"dateModified\":\"2024-01-18T16:30:20+00:00\",\"breadcrumb\":{\"@id\":\"https:\\\/\\\/cyberoo.com\\\/fr\\\/cert_at_cyberoo-com-asc\\\/#breadcrumb\"},\"inLanguage\":\"fr-FR\",\"potentialAction\":[{\"@type\":\"ReadAction\",\"target\":[\"https:\\\/\\\/cyberoo.com\\\/fr\\\/cert_at_cyberoo-com-asc\\\/\"]}]},{\"@type\":\"BreadcrumbList\",\"@id\":\"https:\\\/\\\/cyberoo.com\\\/fr\\\/cert_at_cyberoo-com-asc\\\/#breadcrumb\",\"itemListElement\":[{\"@type\":\"ListItem\",\"position\":1,\"name\":\"Home\",\"item\":\"https:\\\/\\\/cyberoo.com\\\/fr\\\/\"},{\"@type\":\"ListItem\",\"position\":2,\"name\":\"cert_at_cyberoo-com-asc\"}]},{\"@type\":\"WebSite\",\"@id\":\"https:\\\/\\\/cyberoo.com\\\/fr\\\/#website\",\"url\":\"https:\\\/\\\/cyberoo.com\\\/fr\\\/\",\"name\":\"Cyberoo\",\"description\":\"Superheroes are always ready for action\",\"publisher\":{\"@id\":\"https:\\\/\\\/cyberoo.com\\\/fr\\\/#organization\"},\"potentialAction\":[{\"@type\":\"SearchAction\",\"target\":{\"@type\":\"EntryPoint\",\"urlTemplate\":\"https:\\\/\\\/cyberoo.com\\\/fr\\\/?s={search_term_string}\"},\"query-input\":{\"@type\":\"PropertyValueSpecification\",\"valueRequired\":true,\"valueName\":\"search_term_string\"}}],\"inLanguage\":\"fr-FR\"},{\"@type\":\"Organization\",\"@id\":\"https:\\\/\\\/cyberoo.com\\\/fr\\\/#organization\",\"name\":\"Cyberoo\",\"url\":\"https:\\\/\\\/cyberoo.com\\\/fr\\\/\",\"logo\":{\"@type\":\"ImageObject\",\"inLanguage\":\"fr-FR\",\"@id\":\"https:\\\/\\\/cyberoo.com\\\/fr\\\/#\\\/schema\\\/logo\\\/image\\\/\",\"url\":\"https:\\\/\\\/cyberoo.com\\\/wp-content\\\/uploads\\\/2023\\\/01\\\/CYBEROO-logo-dark.svg\",\"contentUrl\":\"https:\\\/\\\/cyberoo.com\\\/wp-content\\\/uploads\\\/2023\\\/01\\\/CYBEROO-logo-dark.svg\",\"width\":258,\"height\":38,\"caption\":\"Cyberoo\"},\"image\":{\"@id\":\"https:\\\/\\\/cyberoo.com\\\/fr\\\/#\\\/schema\\\/logo\\\/image\\\/\"},\"sameAs\":[\"https:\\\/\\\/x.com\\\/CYBEROO_ITALIA\",\"https:\\\/\\\/it.linkedin.com\\\/company\\\/cyberoo-italia\",\"https:\\\/\\\/www.youtube.com\\\/channel\\\/UC7AwVDG9Ngdwohk_zPd25xQ\"]}]}<\/script>\n<!-- \/ Yoast SEO plugin. -->","yoast_head_json":{"title":"cert_at_cyberoo-com-asc | Cyberoo","robots":{"index":"index","follow":"follow","max-snippet":"max-snippet:-1","max-image-preview":"max-image-preview:large","max-video-preview":"max-video-preview:-1"},"canonical":"https:\/\/cyberoo.com\/fr\/cert_at_cyberoo-com-asc\/","og_locale":"fr_FR","og_type":"article","og_title":"cert_at_cyberoo-com-asc | Cyberoo","og_description":"[vc_row type=\u00a0\u00bbin_container\u00a0\u00bb full_screen_row_position=\u00a0\u00bbmiddle\u00a0\u00bb column_margin=\u00a0\u00bbdefault\u00a0\u00bb column_direction=\u00a0\u00bbdefault\u00a0\u00bb column_direction_tablet=\u00a0\u00bbdefault\u00a0\u00bb column_direction_phone=\u00a0\u00bbdefault\u00a0\u00bb scene_position=\u00a0\u00bbcenter\u00a0\u00bb text_color=\u00a0\u00bbdark\u00a0\u00bb text_align=\u00a0\u00bbleft\u00a0\u00bb row_border_radius=\u00a0\u00bbnone\u00a0\u00bb row_border_radius_applies=\u00a0\u00bbbg\u00a0\u00bb overflow=\u00a0\u00bbvisible\u00a0\u00bb overlay_strength=\u00a0\u00bb0.3&Prime; gradient_direction=\u00a0\u00bbleft_to_right\u00a0\u00bb shape_divider_position=\u00a0\u00bbbottom\u00a0\u00bb bg_image_animation=\u00a0\u00bbnone\u00a0\u00bb][vc_column column_padding=\u00a0\u00bbno-extra-padding\u00a0\u00bb column_padding_tablet=\u00a0\u00bbinherit\u00a0\u00bb column_padding_phone=\u00a0\u00bbinherit\u00a0\u00bb column_padding_position=\u00a0\u00bball\u00a0\u00bb column_element_direction_desktop=\u00a0\u00bbdefault\u00a0\u00bb column_element_spacing=\u00a0\u00bbdefault\u00a0\u00bb desktop_text_alignment=\u00a0\u00bbdefault\u00a0\u00bb tablet_text_alignment=\u00a0\u00bbdefault\u00a0\u00bb phone_text_alignment=\u00a0\u00bbdefault\u00a0\u00bb background_color_opacity=\u00a0\u00bb1&Prime; background_hover_color_opacity=\u00a0\u00bb1&Prime; column_backdrop_filter=\u00a0\u00bbnone\u00a0\u00bb column_shadow=\u00a0\u00bbnone\u00a0\u00bb...","og_url":"https:\/\/cyberoo.com\/fr\/cert_at_cyberoo-com-asc\/","og_site_name":"Cyberoo","article_modified_time":"2024-01-18T16:30:20+00:00","twitter_card":"summary_large_image","twitter_site":"@CYBEROO_ITALIA","twitter_misc":{"Dur\u00e9e de lecture estim\u00e9e":"3 minutes"},"schema":{"@context":"https:\/\/schema.org","@graph":[{"@type":"WebPage","@id":"https:\/\/cyberoo.com\/fr\/cert_at_cyberoo-com-asc\/","url":"https:\/\/cyberoo.com\/fr\/cert_at_cyberoo-com-asc\/","name":"cert_at_cyberoo-com-asc | Cyberoo","isPartOf":{"@id":"https:\/\/cyberoo.com\/fr\/#website"},"datePublished":"2023-05-19T09:19:14+00:00","dateModified":"2024-01-18T16:30:20+00:00","breadcrumb":{"@id":"https:\/\/cyberoo.com\/fr\/cert_at_cyberoo-com-asc\/#breadcrumb"},"inLanguage":"fr-FR","potentialAction":[{"@type":"ReadAction","target":["https:\/\/cyberoo.com\/fr\/cert_at_cyberoo-com-asc\/"]}]},{"@type":"BreadcrumbList","@id":"https:\/\/cyberoo.com\/fr\/cert_at_cyberoo-com-asc\/#breadcrumb","itemListElement":[{"@type":"ListItem","position":1,"name":"Home","item":"https:\/\/cyberoo.com\/fr\/"},{"@type":"ListItem","position":2,"name":"cert_at_cyberoo-com-asc"}]},{"@type":"WebSite","@id":"https:\/\/cyberoo.com\/fr\/#website","url":"https:\/\/cyberoo.com\/fr\/","name":"Cyberoo","description":"Superheroes are always ready for action","publisher":{"@id":"https:\/\/cyberoo.com\/fr\/#organization"},"potentialAction":[{"@type":"SearchAction","target":{"@type":"EntryPoint","urlTemplate":"https:\/\/cyberoo.com\/fr\/?s={search_term_string}"},"query-input":{"@type":"PropertyValueSpecification","valueRequired":true,"valueName":"search_term_string"}}],"inLanguage":"fr-FR"},{"@type":"Organization","@id":"https:\/\/cyberoo.com\/fr\/#organization","name":"Cyberoo","url":"https:\/\/cyberoo.com\/fr\/","logo":{"@type":"ImageObject","inLanguage":"fr-FR","@id":"https:\/\/cyberoo.com\/fr\/#\/schema\/logo\/image\/","url":"https:\/\/cyberoo.com\/wp-content\/uploads\/2023\/01\/CYBEROO-logo-dark.svg","contentUrl":"https:\/\/cyberoo.com\/wp-content\/uploads\/2023\/01\/CYBEROO-logo-dark.svg","width":258,"height":38,"caption":"Cyberoo"},"image":{"@id":"https:\/\/cyberoo.com\/fr\/#\/schema\/logo\/image\/"},"sameAs":["https:\/\/x.com\/CYBEROO_ITALIA","https:\/\/it.linkedin.com\/company\/cyberoo-italia","https:\/\/www.youtube.com\/channel\/UC7AwVDG9Ngdwohk_zPd25xQ"]}]}},"_links":{"self":[{"href":"https:\/\/cyberoo.com\/fr\/wp-json\/wp\/v2\/pages\/16260","targetHints":{"allow":["GET"]}}],"collection":[{"href":"https:\/\/cyberoo.com\/fr\/wp-json\/wp\/v2\/pages"}],"about":[{"href":"https:\/\/cyberoo.com\/fr\/wp-json\/wp\/v2\/types\/page"}],"author":[{"embeddable":true,"href":"https:\/\/cyberoo.com\/fr\/wp-json\/wp\/v2\/users\/2"}],"replies":[{"embeddable":true,"href":"https:\/\/cyberoo.com\/fr\/wp-json\/wp\/v2\/comments?post=16260"}],"version-history":[{"count":2,"href":"https:\/\/cyberoo.com\/fr\/wp-json\/wp\/v2\/pages\/16260\/revisions"}],"predecessor-version":[{"id":16262,"href":"https:\/\/cyberoo.com\/fr\/wp-json\/wp\/v2\/pages\/16260\/revisions\/16262"}],"wp:attachment":[{"href":"https:\/\/cyberoo.com\/fr\/wp-json\/wp\/v2\/media?parent=16260"}],"curies":[{"name":"wp","href":"https:\/\/api.w.org\/{rel}","templated":true}]}}