{"id":17604,"date":"2023-05-18T14:56:11","date_gmt":"2023-05-18T12:56:11","guid":{"rendered":"https:\/\/cyberoo.com\/privacy-policy\/"},"modified":"2024-12-23T17:09:07","modified_gmt":"2024-12-23T16:09:07","slug":"privacy-policy","status":"publish","type":"page","link":"https:\/\/cyberoo.com\/es\/privacy-policy\/","title":{"rendered":"Pol\u00edtica de privacidad"},"content":{"rendered":"[vc_row type=\u00bbin_container\u00bb full_screen_row_position=\u00bbmiddle\u00bb column_margin=\u00bbdefault\u00bb column_direction=\u00bbdefault\u00bb column_direction_tablet=\u00bbdefault\u00bb column_direction_phone=\u00bbdefault\u00bb scene_position=\u00bbcenter\u00bb text_color=\u00bbdark\u00bb text_align=\u00bbleft\u00bb row_border_radius=\u00bbnone\u00bb row_border_radius_applies=\u00bbbg\u00bb overflow=\u00bbvisible\u00bb overlay_strength=\u00bb0.3&#8243; gradient_direction=\u00bbleft_to_right\u00bb shape_divider_position=\u00bbbottom\u00bb bg_image_animation=\u00bbnone\u00bb][vc_column column_padding=\u00bbno-extra-padding\u00bb column_padding_tablet=\u00bbinherit\u00bb column_padding_phone=\u00bbinherit\u00bb column_padding_position=\u00bball\u00bb column_element_direction_desktop=\u00bbdefault\u00bb column_element_spacing=\u00bbdefault\u00bb desktop_text_alignment=\u00bbdefault\u00bb tablet_text_alignment=\u00bbdefault\u00bb phone_text_alignment=\u00bbdefault\u00bb background_color_opacity=\u00bb1&#8243; background_hover_color_opacity=\u00bb1&#8243; column_backdrop_filter=\u00bbnone\u00bb column_shadow=\u00bbnone\u00bb column_border_radius=\u00bbnone\u00bb column_link_target=\u00bb_self\u00bb column_position=\u00bbdefault\u00bb gradient_direction=\u00bbleft_to_right\u00bb overlay_strength=\u00bb0.3&#8243; width=\u00bb1\/1&#8243; tablet_width_inherit=\u00bbdefault\u00bb animation_type=\u00bbdefault\u00bb bg_image_animation=\u00bbnone\u00bb border_type=\u00bbsimple\u00bb column_border_width=\u00bbnone\u00bb column_border_style=\u00bbsolid\u00bb][divider line_type=\u00bbNo Line\u00bb custom_height=\u00bb40&#8243;][split_line_heading animation_type=\u00bbline-reveal-by-space\u00bb font_style=\u00bbh1&#8243; line_reveal_by_space_text_effect=\u00bbdefault\u00bb content_alignment=\u00bbdefault\u00bb mobile_content_alignment=\u00bbinherit\u00bb link_target=\u00bb_self\u00bb text_content=\u00bbPol\u00edtica de privacidad\u00bb][\/split_line_heading][divider line_type=\u00bbNo Line\u00bb custom_height=\u00bb20&#8243; custom_height_tablet=\u00bb0&#8243; custom_height_phone=\u00bb0&#8243;][vc_column_text]\n<h6>En esta secci\u00f3n podr\u00e1 consultar toda nuestra Pol\u00edtica de privacidad<\/h6>\n[\/vc_column_text][divider line_type=\u00bbNo Line\u00bb custom_height=\u00bb40&#8243;][\/vc_column][\/vc_row][vc_row type=\u00bbin_container\u00bb full_screen_row_position=\u00bbmiddle\u00bb column_margin=\u00bbdefault\u00bb column_direction=\u00bbdefault\u00bb column_direction_tablet=\u00bbdefault\u00bb column_direction_phone=\u00bbdefault\u00bb scene_position=\u00bbcenter\u00bb text_color=\u00bbdark\u00bb text_align=\u00bbleft\u00bb row_border_radius=\u00bbnone\u00bb row_border_radius_applies=\u00bbbg\u00bb overflow=\u00bbvisible\u00bb overlay_strength=\u00bb0.3&#8243; gradient_direction=\u00bbleft_to_right\u00bb shape_divider_position=\u00bbbottom\u00bb bg_image_animation=\u00bbnone\u00bb][vc_column column_padding=\u00bbno-extra-padding\u00bb column_padding_tablet=\u00bbinherit\u00bb column_padding_phone=\u00bbinherit\u00bb column_padding_position=\u00bball\u00bb column_element_direction_desktop=\u00bbdefault\u00bb column_element_spacing=\u00bbdefault\u00bb desktop_text_alignment=\u00bbdefault\u00bb tablet_text_alignment=\u00bbdefault\u00bb phone_text_alignment=\u00bbdefault\u00bb background_color_opacity=\u00bb1&#8243; background_hover_color_opacity=\u00bb1&#8243; column_backdrop_filter=\u00bbnone\u00bb column_shadow=\u00bbnone\u00bb column_border_radius=\u00bbnone\u00bb column_link_target=\u00bb_self\u00bb column_position=\u00bbdefault\u00bb gradient_direction=\u00bbleft_to_right\u00bb overlay_strength=\u00bb0.3&#8243; width=\u00bb1\/1&#8243; tablet_width_inherit=\u00bbdefault\u00bb animation_type=\u00bbdefault\u00bb bg_image_animation=\u00bbnone\u00bb border_type=\u00bbsimple\u00bb column_border_width=\u00bbnone\u00bb column_border_style=\u00bbsolid\u00bb][nectar_cta btn_style=\u00bbmaterial\u00bb heading_tag=\u00bbp\u00bb link_type=\u00bbnew_tab\u00bb alignment=\u00bbleft\u00bb alignment_tablet=\u00bbdefault\u00bb alignment_phone=\u00bbdefault\u00bb display=\u00bbblock\u00bb display_tablet=\u00bbinherit\u00bb display_phone=\u00bbinherit\u00bb link_text=\u00bbVisitantes del portal www.cyberoo.com\u00bb url=\u00bbhttps:\/\/cyberoo.com\/wp-content\/uploads\/2024\/06\/PR3975_9703_51_449440_2687801_Informativa-a_-Navigatori-del-portale-www.cyberoo.com_ES.pdf\u00bb][divider line_type=\u00bbFull Width Line\u00bb line_thickness=\u00bb1&#8243; divider_color=\u00bbextra-color-1&#8243; divider_opacity=\u00bb45&#8243; custom_height=\u00bb40&#8243;][nectar_cta btn_style=\u00bbmaterial\u00bb heading_tag=\u00bbp\u00bb link_type=\u00bbnew_tab\u00bb alignment=\u00bbleft\u00bb alignment_tablet=\u00bbdefault\u00bb alignment_phone=\u00bbdefault\u00bb display=\u00bbblock\u00bb display_tablet=\u00bbinherit\u00bb display_phone=\u00bbinherit\u00bb link_text=\u00bbInformaci\u00f3n a los clientes\u00bb url=\u00bbhttps:\/\/cyberoo.com\/wp-content\/uploads\/2024\/06\/PR3975_9703_51_317215_2687810_Informativa-a_-clienti-e-loro-referenti_ES.pdf\u00bb][divider line_type=\u00bbFull Width Line\u00bb line_thickness=\u00bb1&#8243; divider_color=\u00bbextra-color-1&#8243; divider_opacity=\u00bb45&#8243; custom_height=\u00bb40&#8243;][nectar_cta btn_style=\u00bbmaterial\u00bb heading_tag=\u00bbp\u00bb link_type=\u00bbnew_tab\u00bb alignment=\u00bbleft\u00bb alignment_tablet=\u00bbdefault\u00bb alignment_phone=\u00bbdefault\u00bb display=\u00bbblock\u00bb display_tablet=\u00bbinherit\u00bb display_phone=\u00bbinherit\u00bb link_text=\u00bbProveedores y sus personas de contacto\u00bb url=\u00bbhttps:\/\/cyberoo.com\/wp-content\/uploads\/2024\/06\/PR3975_9703_51_317217_2687808_Informativa-a_-fornitori-e-loro-referenti_ES.pdf\u00bb][divider line_type=\u00bbFull Width Line\u00bb line_thickness=\u00bb1&#8243; divider_color=\u00bbextra-color-1&#8243; divider_opacity=\u00bb45&#8243; custom_height=\u00bb40&#8243;][nectar_cta btn_style=\u00bbmaterial\u00bb heading_tag=\u00bbp\u00bb link_type=\u00bbnew_tab\u00bb alignment=\u00bbleft\u00bb alignment_tablet=\u00bbdefault\u00bb alignment_phone=\u00bbdefault\u00bb display=\u00bbblock\u00bb display_tablet=\u00bbinherit\u00bb display_phone=\u00bbinherit\u00bb link_text=\u00bbPosibles candidatos para una relaci\u00f3n laboral\u00bb url=\u00bbhttps:\/\/cyberoo.com\/wp-content\/uploads\/2024\/06\/PR3975_9703_51_317214_2687811_Informativa-a_-candidati-da-considerare-per-l_instaurazione-di-un-rapporto_ES.pdf\u00bb][divider line_type=\u00bbFull Width Line\u00bb line_thickness=\u00bb1&#8243; divider_color=\u00bbextra-color-1&#8243; divider_opacity=\u00bb45&#8243; custom_height=\u00bb40&#8243;][nectar_cta btn_style=\u00bbmaterial\u00bb heading_tag=\u00bbp\u00bb link_type=\u00bbnew_tab\u00bb alignment=\u00bbleft\u00bb alignment_tablet=\u00bbdefault\u00bb alignment_phone=\u00bbdefault\u00bb display=\u00bbblock\u00bb display_tablet=\u00bbinherit\u00bb display_phone=\u00bbinherit\u00bb link_text=\u00bbInteresados que acceden a los locales de la empresa\u00bb url=\u00bbhttps:\/\/cyberoo.com\/wp-content\/uploads\/2024\/06\/PR3975_9703_51_426120_2687803_Informativa-a_-Interessati-che-accedono-ai-locali-aziendali_ES.pdf\u00bb][divider line_type=\u00bbFull Width Line\u00bb line_thickness=\u00bb1&#8243; divider_color=\u00bbextra-color-1&#8243; divider_opacity=\u00bb45&#8243; custom_height=\u00bb40&#8243;][divider line_type=\u00bbNo Line\u00bb custom_height=\u00bb120&#8243; custom_height_tablet=\u00bb80&#8243; custom_height_phone=\u00bb60&#8243;][\/vc_column][\/vc_row]\n","protected":false},"excerpt":{"rendered":"<p>[vc_row type=\u00bbin_container\u00bb full_screen_row_position=\u00bbmiddle\u00bb column_margin=\u00bbdefault\u00bb column_direction=\u00bbdefault\u00bb column_direction_tablet=\u00bbdefault\u00bb column_direction_phone=\u00bbdefault\u00bb scene_position=\u00bbcenter\u00bb text_color=\u00bbdark\u00bb text_align=\u00bbleft\u00bb row_border_radius=\u00bbnone\u00bb row_border_radius_applies=\u00bbbg\u00bb overflow=\u00bbvisible\u00bb overlay_strength=\u00bb0.3&#8243; gradient_direction=\u00bbleft_to_right\u00bb shape_divider_position=\u00bbbottom\u00bb bg_image_animation=\u00bbnone\u00bb][vc_column column_padding=\u00bbno-extra-padding\u00bb column_padding_tablet=\u00bbinherit\u00bb column_padding_phone=\u00bbinherit\u00bb column_padding_position=\u00bball\u00bb column_element_direction_desktop=\u00bbdefault\u00bb column_element_spacing=\u00bbdefault\u00bb desktop_text_alignment=\u00bbdefault\u00bb tablet_text_alignment=\u00bbdefault\u00bb phone_text_alignment=\u00bbdefault\u00bb background_color_opacity=\u00bb1&#8243; background_hover_color_opacity=\u00bb1&#8243; column_backdrop_filter=\u00bbnone\u00bb column_shadow=\u00bbnone\u00bb&#8230;<\/p>\n","protected":false},"author":2,"featured_media":0,"parent":0,"menu_order":0,"comment_status":"closed","ping_status":"closed","template":"","meta":{"inline_featured_image":false,"footnotes":""},"class_list":["post-17604","page","type-page","status-publish"],"yoast_head":"<!-- This site is optimized with the Yoast SEO plugin v26.4 - https:\/\/yoast.com\/wordpress\/plugins\/seo\/ -->\n<title>Pol\u00edtica de privacidad | Cyberoo<\/title>\n<meta name=\"description\" content=\"Descubre c\u00f3mo protegemos tu privacidad: revisa nuestras pol\u00edticas de datos y seguridad en nuestro sitio de ciberseguridad.\" \/>\n<meta name=\"robots\" content=\"index, follow, max-snippet:-1, max-image-preview:large, max-video-preview:-1\" \/>\n<link rel=\"canonical\" href=\"https:\/\/cyberoo.com\/es\/privacy-policy\/\" \/>\n<meta property=\"og:locale\" content=\"es_ES\" \/>\n<meta property=\"og:type\" content=\"article\" \/>\n<meta property=\"og:title\" content=\"Pol\u00edtica de privacidad | Cyberoo\" \/>\n<meta property=\"og:description\" content=\"Descubre c\u00f3mo protegemos tu privacidad: revisa nuestras pol\u00edticas de datos y seguridad en nuestro sitio de ciberseguridad.\" \/>\n<meta property=\"og:url\" content=\"https:\/\/cyberoo.com\/es\/privacy-policy\/\" \/>\n<meta property=\"og:site_name\" content=\"Cyberoo\" \/>\n<meta property=\"article:modified_time\" content=\"2024-12-23T16:09:07+00:00\" \/>\n<meta name=\"twitter:card\" content=\"summary_large_image\" \/>\n<meta name=\"twitter:site\" content=\"@CYBEROO_ITALIA\" \/>\n<meta name=\"twitter:label1\" content=\"Tiempo de lectura\" \/>\n\t<meta name=\"twitter:data1\" content=\"2 minutos\" \/>\n<script type=\"application\/ld+json\" class=\"yoast-schema-graph\">{\"@context\":\"https:\/\/schema.org\",\"@graph\":[{\"@type\":\"WebPage\",\"@id\":\"https:\/\/cyberoo.com\/es\/privacy-policy\/\",\"url\":\"https:\/\/cyberoo.com\/es\/privacy-policy\/\",\"name\":\"Pol\u00edtica de privacidad | Cyberoo\",\"isPartOf\":{\"@id\":\"https:\/\/cyberoo.com\/es\/#website\"},\"datePublished\":\"2023-05-18T12:56:11+00:00\",\"dateModified\":\"2024-12-23T16:09:07+00:00\",\"description\":\"Descubre c\u00f3mo protegemos tu privacidad: revisa nuestras pol\u00edticas de datos y seguridad en nuestro sitio de ciberseguridad.\",\"breadcrumb\":{\"@id\":\"https:\/\/cyberoo.com\/es\/privacy-policy\/#breadcrumb\"},\"inLanguage\":\"es\",\"potentialAction\":[{\"@type\":\"ReadAction\",\"target\":[\"https:\/\/cyberoo.com\/es\/privacy-policy\/\"]}]},{\"@type\":\"BreadcrumbList\",\"@id\":\"https:\/\/cyberoo.com\/es\/privacy-policy\/#breadcrumb\",\"itemListElement\":[{\"@type\":\"ListItem\",\"position\":1,\"name\":\"Home\",\"item\":\"https:\/\/cyberoo.com\/es\/\"},{\"@type\":\"ListItem\",\"position\":2,\"name\":\"Pol\u00edtica de privacidad\"}]},{\"@type\":\"WebSite\",\"@id\":\"https:\/\/cyberoo.com\/es\/#website\",\"url\":\"https:\/\/cyberoo.com\/es\/\",\"name\":\"Cyberoo\",\"description\":\"Superheroes are always ready for action\",\"publisher\":{\"@id\":\"https:\/\/cyberoo.com\/es\/#organization\"},\"potentialAction\":[{\"@type\":\"SearchAction\",\"target\":{\"@type\":\"EntryPoint\",\"urlTemplate\":\"https:\/\/cyberoo.com\/es\/?s={search_term_string}\"},\"query-input\":{\"@type\":\"PropertyValueSpecification\",\"valueRequired\":true,\"valueName\":\"search_term_string\"}}],\"inLanguage\":\"es\"},{\"@type\":\"Organization\",\"@id\":\"https:\/\/cyberoo.com\/es\/#organization\",\"name\":\"Cyberoo\",\"url\":\"https:\/\/cyberoo.com\/es\/\",\"logo\":{\"@type\":\"ImageObject\",\"inLanguage\":\"es\",\"@id\":\"https:\/\/cyberoo.com\/es\/#\/schema\/logo\/image\/\",\"url\":\"https:\/\/cyberoo.com\/wp-content\/uploads\/2023\/01\/CYBEROO-logo-dark.svg\",\"contentUrl\":\"https:\/\/cyberoo.com\/wp-content\/uploads\/2023\/01\/CYBEROO-logo-dark.svg\",\"width\":258,\"height\":38,\"caption\":\"Cyberoo\"},\"image\":{\"@id\":\"https:\/\/cyberoo.com\/es\/#\/schema\/logo\/image\/\"},\"sameAs\":[\"https:\/\/x.com\/CYBEROO_ITALIA\",\"https:\/\/it.linkedin.com\/company\/cyberoo-italia\",\"https:\/\/www.youtube.com\/channel\/UC7AwVDG9Ngdwohk_zPd25xQ\"]}]}<\/script>\n<!-- \/ Yoast SEO plugin. -->","yoast_head_json":{"title":"Pol\u00edtica de privacidad | Cyberoo","description":"Descubre c\u00f3mo protegemos tu privacidad: revisa nuestras pol\u00edticas de datos y seguridad en nuestro sitio de ciberseguridad.","robots":{"index":"index","follow":"follow","max-snippet":"max-snippet:-1","max-image-preview":"max-image-preview:large","max-video-preview":"max-video-preview:-1"},"canonical":"https:\/\/cyberoo.com\/es\/privacy-policy\/","og_locale":"es_ES","og_type":"article","og_title":"Pol\u00edtica de privacidad | Cyberoo","og_description":"Descubre c\u00f3mo protegemos tu privacidad: revisa nuestras pol\u00edticas de datos y seguridad en nuestro sitio de ciberseguridad.","og_url":"https:\/\/cyberoo.com\/es\/privacy-policy\/","og_site_name":"Cyberoo","article_modified_time":"2024-12-23T16:09:07+00:00","twitter_card":"summary_large_image","twitter_site":"@CYBEROO_ITALIA","twitter_misc":{"Tiempo de lectura":"2 minutos"},"schema":{"@context":"https:\/\/schema.org","@graph":[{"@type":"WebPage","@id":"https:\/\/cyberoo.com\/es\/privacy-policy\/","url":"https:\/\/cyberoo.com\/es\/privacy-policy\/","name":"Pol\u00edtica de privacidad | Cyberoo","isPartOf":{"@id":"https:\/\/cyberoo.com\/es\/#website"},"datePublished":"2023-05-18T12:56:11+00:00","dateModified":"2024-12-23T16:09:07+00:00","description":"Descubre c\u00f3mo protegemos tu privacidad: revisa nuestras pol\u00edticas de datos y seguridad en nuestro sitio de ciberseguridad.","breadcrumb":{"@id":"https:\/\/cyberoo.com\/es\/privacy-policy\/#breadcrumb"},"inLanguage":"es","potentialAction":[{"@type":"ReadAction","target":["https:\/\/cyberoo.com\/es\/privacy-policy\/"]}]},{"@type":"BreadcrumbList","@id":"https:\/\/cyberoo.com\/es\/privacy-policy\/#breadcrumb","itemListElement":[{"@type":"ListItem","position":1,"name":"Home","item":"https:\/\/cyberoo.com\/es\/"},{"@type":"ListItem","position":2,"name":"Pol\u00edtica de privacidad"}]},{"@type":"WebSite","@id":"https:\/\/cyberoo.com\/es\/#website","url":"https:\/\/cyberoo.com\/es\/","name":"Cyberoo","description":"Superheroes are always ready for action","publisher":{"@id":"https:\/\/cyberoo.com\/es\/#organization"},"potentialAction":[{"@type":"SearchAction","target":{"@type":"EntryPoint","urlTemplate":"https:\/\/cyberoo.com\/es\/?s={search_term_string}"},"query-input":{"@type":"PropertyValueSpecification","valueRequired":true,"valueName":"search_term_string"}}],"inLanguage":"es"},{"@type":"Organization","@id":"https:\/\/cyberoo.com\/es\/#organization","name":"Cyberoo","url":"https:\/\/cyberoo.com\/es\/","logo":{"@type":"ImageObject","inLanguage":"es","@id":"https:\/\/cyberoo.com\/es\/#\/schema\/logo\/image\/","url":"https:\/\/cyberoo.com\/wp-content\/uploads\/2023\/01\/CYBEROO-logo-dark.svg","contentUrl":"https:\/\/cyberoo.com\/wp-content\/uploads\/2023\/01\/CYBEROO-logo-dark.svg","width":258,"height":38,"caption":"Cyberoo"},"image":{"@id":"https:\/\/cyberoo.com\/es\/#\/schema\/logo\/image\/"},"sameAs":["https:\/\/x.com\/CYBEROO_ITALIA","https:\/\/it.linkedin.com\/company\/cyberoo-italia","https:\/\/www.youtube.com\/channel\/UC7AwVDG9Ngdwohk_zPd25xQ"]}]}},"_links":{"self":[{"href":"https:\/\/cyberoo.com\/es\/wp-json\/wp\/v2\/pages\/17604","targetHints":{"allow":["GET"]}}],"collection":[{"href":"https:\/\/cyberoo.com\/es\/wp-json\/wp\/v2\/pages"}],"about":[{"href":"https:\/\/cyberoo.com\/es\/wp-json\/wp\/v2\/types\/page"}],"author":[{"embeddable":true,"href":"https:\/\/cyberoo.com\/es\/wp-json\/wp\/v2\/users\/2"}],"replies":[{"embeddable":true,"href":"https:\/\/cyberoo.com\/es\/wp-json\/wp\/v2\/comments?post=17604"}],"version-history":[{"count":2,"href":"https:\/\/cyberoo.com\/es\/wp-json\/wp\/v2\/pages\/17604\/revisions"}],"predecessor-version":[{"id":17636,"href":"https:\/\/cyberoo.com\/es\/wp-json\/wp\/v2\/pages\/17604\/revisions\/17636"}],"wp:attachment":[{"href":"https:\/\/cyberoo.com\/es\/wp-json\/wp\/v2\/media?parent=17604"}],"curies":[{"name":"wp","href":"https:\/\/api.w.org\/{rel}","templated":true}]}}