{"id":17528,"date":"2024-03-01T17:16:04","date_gmt":"2024-03-01T16:16:04","guid":{"rendered":"https:\/\/cyberoo.com\/choose-your-blog\/"},"modified":"2024-12-09T12:26:23","modified_gmt":"2024-12-09T11:26:23","slug":"elige-tu-blog-de-ciberseguridad","status":"publish","type":"page","link":"https:\/\/cyberoo.com\/es\/elige-tu-blog-de-ciberseguridad\/","title":{"rendered":"Elige tu blog de ciberseguridad"},"content":{"rendered":"[vc_row type=\u00bbin_container\u00bb full_screen_row_position=\u00bbmiddle\u00bb column_margin=\u00bbdefault\u00bb column_direction=\u00bbdefault\u00bb column_direction_tablet=\u00bbdefault\u00bb column_direction_phone=\u00bbdefault\u00bb scene_position=\u00bbcenter\u00bb left_margin=\u00bb10%\u00bb constrain_group_8=\u00bbyes\u00bb right_margin=\u00bb10%\u00bb text_color=\u00bbdark\u00bb text_align=\u00bbleft\u00bb row_border_radius=\u00bbnone\u00bb row_border_radius_applies=\u00bbbg\u00bb overflow=\u00bbvisible\u00bb overlay_strength=\u00bb0.3&#8243; gradient_direction=\u00bbleft_to_right\u00bb shape_divider_position=\u00bbbottom\u00bb bg_image_animation=\u00bbnone\u00bb gradient_type=\u00bbdefault\u00bb shape_type=\u00bb\u00bb][vc_column column_padding=\u00bbno-extra-padding\u00bb column_padding_tablet=\u00bbinherit\u00bb column_padding_phone=\u00bbinherit\u00bb column_padding_position=\u00bball\u00bb column_element_direction_desktop=\u00bbdefault\u00bb column_element_spacing=\u00bbdefault\u00bb desktop_text_alignment=\u00bbdefault\u00bb tablet_text_alignment=\u00bbdefault\u00bb phone_text_alignment=\u00bbdefault\u00bb background_color_opacity=\u00bb1&#8243; background_hover_color_opacity=\u00bb1&#8243; column_backdrop_filter=\u00bbnone\u00bb column_shadow=\u00bbnone\u00bb column_border_radius=\u00bbnone\u00bb column_link_target=\u00bb_self\u00bb column_position=\u00bbdefault\u00bb gradient_direction=\u00bbleft_to_right\u00bb overlay_strength=\u00bb0.3&#8243; width=\u00bb1\/1&#8243; tablet_width_inherit=\u00bbdefault\u00bb animation_type=\u00bbdefault\u00bb bg_image_animation=\u00bbnone\u00bb border_type=\u00bbsimple\u00bb column_border_width=\u00bbnone\u00bb column_border_style=\u00bbsolid\u00bb][split_line_heading animation_type=\u00bbdefault\u00bb]\n<h1 style=\"font-size: 50px;\">Elige tu blog de ciberseguridad<\/h1>\n[\/split_line_heading][vc_row_inner column_margin=\u00bbdefault\u00bb column_direction=\u00bbdefault\u00bb column_direction_tablet=\u00bbdefault\u00bb column_direction_phone=\u00bbdefault\u00bb text_align=\u00bbleft\u00bb row_position=\u00bbdefault\u00bb row_position_tablet=\u00bbinherit\u00bb row_position_phone=\u00bbinherit\u00bb overflow=\u00bbvisible\u00bb pointer_events=\u00bball\u00bb][vc_column_inner right_padding_desktop=\u00bb20px\u00bb right_padding_tablet=\u00bb0&#8243; right_padding_phone=\u00bb0&#8243; column_element_direction_desktop=\u00bbdefault\u00bb column_element_spacing=\u00bbdefault\u00bb desktop_text_alignment=\u00bbdefault\u00bb tablet_text_alignment=\u00bbdefault\u00bb phone_text_alignment=\u00bbdefault\u00bb background_color_opacity=\u00bb1&#8243; background_hover_color_opacity=\u00bb1&#8243; column_backdrop_filter=\u00bbnone\u00bb column_shadow=\u00bbnone\u00bb column_border_radius=\u00bbnone\u00bb column_link_target=\u00bb_blank\u00bb overflow=\u00bbvisible\u00bb gradient_direction=\u00bbleft_to_right\u00bb overlay_strength=\u00bb0.3&#8243; width=\u00bb1\/2&#8243; tablet_width_inherit=\u00bbdefault\u00bb animation_type=\u00bbdefault\u00bb bg_image_animation=\u00bbnone\u00bb border_type=\u00bbsimple\u00bb column_border_width=\u00bbnone\u00bb column_border_style=\u00bbsolid\u00bb column_padding_type=\u00bbadvanced\u00bb gradient_type=\u00bbdefault\u00bb column_link=\u00bbhttps:\/\/blog.cyberoo.com\/en\/\u00bb][divider line_type=\u00bbNo Line\u00bb custom_height=\u00bb20px\u00bb][nectar_video_player_self_hosted video_webm=\u00bbhttps:\/\/content.cyberoo.com\/hubfs\/CYBEROO-azienda-1.webm\u00bb player_functionality=\u00bbdefault\u00bb hide_controls=\u00bbyes\u00bb loop=\u00bbyes\u00bb autoplay=\u00bbyes\u00bb video_loading=\u00bbdefault\u00bb border_radius=\u00bbnone\u00bb box_shadow=\u00bbnone\u00bb advanced_gradient_display_type=\u00bblinear\u00bb][divider line_type=\u00bbNo Line\u00bb custom_height=\u00bb20px\u00bb][vc_column_text]\n<h3 style=\"text-align: left;\">Cyber Blog<\/h3>\n[\/vc_column_text][divider line_type=\u00bbNo Line\u00bb custom_height=\u00bb20px\u00bb][vc_column_text]Descubre todo lo que necesitas saber sobre Ciberseguridad y la mejor forma de proteger tu empresa.[\/vc_column_text][nectar_cta btn_style=\u00bbmaterial\u00bb heading_tag=\u00bbp\u00bb link_type=\u00bbnew_tab\u00bb alignment=\u00bbleft\u00bb alignment_tablet=\u00bbdefault\u00bb alignment_phone=\u00bbdefault\u00bb display=\u00bbblock\u00bb display_tablet=\u00bbinherit\u00bb display_phone=\u00bbinherit\u00bb text=\u00bbREAD THE CYBER BLOG (EN INGL\u00c9S)\u00bb url=\u00bbhttps:\/\/blog.cyberoo.com\/en\/\u00bb][\/vc_column_inner][vc_column_inner left_padding_desktop=\u00bb20px\u00bb left_padding_tablet=\u00bb0&#8243; left_padding_phone=\u00bb0&#8243; column_element_direction_desktop=\u00bbdefault\u00bb column_element_spacing=\u00bbdefault\u00bb desktop_text_alignment=\u00bbdefault\u00bb tablet_text_alignment=\u00bbdefault\u00bb phone_text_alignment=\u00bbdefault\u00bb background_color_opacity=\u00bb1&#8243; background_hover_color_opacity=\u00bb1&#8243; column_backdrop_filter=\u00bbnone\u00bb column_shadow=\u00bbnone\u00bb column_border_radius=\u00bbnone\u00bb column_link_target=\u00bb_blank\u00bb overflow=\u00bbvisible\u00bb gradient_direction=\u00bbleft_to_right\u00bb overlay_strength=\u00bb0.3&#8243; width=\u00bb1\/2&#8243; tablet_width_inherit=\u00bbdefault\u00bb animation_type=\u00bbdefault\u00bb bg_image_animation=\u00bbnone\u00bb border_type=\u00bbsimple\u00bb column_border_width=\u00bbnone\u00bb column_border_style=\u00bbsolid\u00bb column_padding_type=\u00bbadvanced\u00bb gradient_type=\u00bbdefault\u00bb column_link=\u00bbhttps:\/\/cert.cyberoo.com\/en\/\u00bb][divider line_type=\u00bbNo Line\u00bb custom_height=\u00bb20px\u00bb custom_height_phone=\u00bb45px\u00bb][nectar_video_player_self_hosted video_webm=\u00bbhttps:\/\/cert.cyberoo.com\/wp-content\/themes\/cyberoo-child\/video\/cyberoo-blog-video.webm\u00bb player_functionality=\u00bbdefault\u00bb hide_controls=\u00bbyes\u00bb loop=\u00bbyes\u00bb autoplay=\u00bbyes\u00bb video_loading=\u00bbdefault\u00bb border_radius=\u00bbnone\u00bb box_shadow=\u00bbnone\u00bb advanced_gradient_display_type=\u00bblinear\u00bb][divider line_type=\u00bbNo Line\u00bb custom_height=\u00bb20px\u00bb][vc_column_text]\n<h3 style=\"text-align: left;\">Tech Blog<\/h3>\n[\/vc_column_text][divider line_type=\u00bbNo Line\u00bb custom_height=\u00bb20px\u00bb][vc_column_text]Una mirada experta a los incidentes cibern\u00e9ticos, las tendencias emergentes y las mejores pr\u00e1cticas en el mundo digital.[\/vc_column_text][nectar_cta btn_style=\u00bbmaterial\u00bb heading_tag=\u00bbp\u00bb link_type=\u00bbnew_tab\u00bb alignment=\u00bbleft\u00bb alignment_tablet=\u00bbdefault\u00bb alignment_phone=\u00bbdefault\u00bb display=\u00bbblock\u00bb display_tablet=\u00bbinherit\u00bb display_phone=\u00bbinherit\u00bb text=\u00bbREAD THE TECH BLOG (EN INGL\u00c9S)\u00bb url=\u00bbhttps:\/\/cert.cyberoo.com\/en\/\u00bb][\/vc_column_inner][\/vc_row_inner][vc_row_inner disable_element=\u00bbyes\u00bb column_margin=\u00bbdefault\u00bb column_direction=\u00bbdefault\u00bb column_direction_tablet=\u00bbdefault\u00bb column_direction_phone=\u00bbdefault\u00bb text_align=\u00bbleft\u00bb row_position=\u00bbdefault\u00bb row_position_tablet=\u00bbinherit\u00bb row_position_phone=\u00bbinherit\u00bb overflow=\u00bbvisible\u00bb pointer_events=\u00bball\u00bb][vc_column_inner right_padding_desktop=\u00bb20px\u00bb right_padding_tablet=\u00bb0&#8243; right_padding_phone=\u00bb0&#8243; column_element_direction_desktop=\u00bbdefault\u00bb column_element_spacing=\u00bbdefault\u00bb desktop_text_alignment=\u00bbdefault\u00bb tablet_text_alignment=\u00bbdefault\u00bb phone_text_alignment=\u00bbdefault\u00bb background_color_opacity=\u00bb1&#8243; background_hover_color_opacity=\u00bb1&#8243; column_backdrop_filter=\u00bbnone\u00bb column_shadow=\u00bbnone\u00bb column_border_radius=\u00bbnone\u00bb column_link_target=\u00bb_blank\u00bb overflow=\u00bbvisible\u00bb gradient_direction=\u00bbleft_to_right\u00bb overlay_strength=\u00bb0.3&#8243; width=\u00bb1\/2&#8243; tablet_width_inherit=\u00bbdefault\u00bb animation_type=\u00bbdefault\u00bb bg_image_animation=\u00bbnone\u00bb border_type=\u00bbsimple\u00bb column_border_width=\u00bbnone\u00bb column_border_style=\u00bbsolid\u00bb column_padding_type=\u00bbadvanced\u00bb gradient_type=\u00bbdefault\u00bb][divider line_type=\u00bbNo Line\u00bb custom_height=\u00bb20px\u00bb][image_with_animation image_url=\u00bb16543&#8243; image_size=\u00bbfull\u00bb animation_type=\u00bbentrance\u00bb animation=\u00bbNone\u00bb animation_movement_type=\u00bbtransform_y\u00bb hover_animation=\u00bbnone\u00bb alignment=\u00bb\u00bb img_link_target=\u00bb_blank\u00bb border_radius=\u00bbnone\u00bb box_shadow=\u00bbnone\u00bb image_loading=\u00bbdefault\u00bb max_width=\u00bb100%\u00bb max_width_mobile=\u00bbdefault\u00bb img_link=\u00bbhttps:\/\/blog.cyberoo.com\/en\/\u00bb][divider line_type=\u00bbNo Line\u00bb custom_height=\u00bb20px\u00bb][vc_column_text]\n<h3 style=\"text-align: left;\">Cyber Blog<\/h3>\n[\/vc_column_text][divider line_type=\u00bbNo Line\u00bb custom_height=\u00bb20px\u00bb][vc_column_text]Find out everything you need to know about Cyber Security and how best to protect your company.[\/vc_column_text][nectar_cta btn_style=\u00bbmaterial\u00bb heading_tag=\u00bbp\u00bb link_type=\u00bbnew_tab\u00bb alignment=\u00bbleft\u00bb alignment_tablet=\u00bbdefault\u00bb alignment_phone=\u00bbdefault\u00bb display=\u00bbblock\u00bb display_tablet=\u00bbinherit\u00bb display_phone=\u00bbinherit\u00bb text=\u00bbREAD THE CYBER BLOG\u00bb url=\u00bbhttps:\/\/blog.cyberoo.com\/en\/\u00bb][\/vc_column_inner][vc_column_inner left_padding_desktop=\u00bb20px\u00bb left_padding_tablet=\u00bb0&#8243; left_padding_phone=\u00bb0&#8243; column_element_direction_desktop=\u00bbdefault\u00bb column_element_spacing=\u00bbdefault\u00bb desktop_text_alignment=\u00bbdefault\u00bb tablet_text_alignment=\u00bbdefault\u00bb phone_text_alignment=\u00bbdefault\u00bb background_color_opacity=\u00bb1&#8243; background_hover_color_opacity=\u00bb1&#8243; column_backdrop_filter=\u00bbnone\u00bb column_shadow=\u00bbnone\u00bb column_border_radius=\u00bbnone\u00bb column_link_target=\u00bb_blank\u00bb overflow=\u00bbvisible\u00bb gradient_direction=\u00bbleft_to_right\u00bb overlay_strength=\u00bb0.3&#8243; width=\u00bb1\/2&#8243; tablet_width_inherit=\u00bbdefault\u00bb animation_type=\u00bbdefault\u00bb bg_image_animation=\u00bbnone\u00bb border_type=\u00bbsimple\u00bb column_border_width=\u00bbnone\u00bb column_border_style=\u00bbsolid\u00bb column_padding_type=\u00bbadvanced\u00bb gradient_type=\u00bbdefault\u00bb][divider line_type=\u00bbNo Line\u00bb custom_height=\u00bb20px\u00bb custom_height_phone=\u00bb45px\u00bb][image_with_animation image_url=\u00bb16548&#8243; image_size=\u00bbfull\u00bb animation_type=\u00bbentrance\u00bb animation=\u00bbNone\u00bb animation_movement_type=\u00bbtransform_y\u00bb hover_animation=\u00bbnone\u00bb alignment=\u00bb\u00bb img_link_target=\u00bb_blank\u00bb border_radius=\u00bbnone\u00bb box_shadow=\u00bbnone\u00bb image_loading=\u00bbdefault\u00bb max_width=\u00bb100%\u00bb max_width_mobile=\u00bbdefault\u00bb img_link=\u00bbhttps:\/\/cert.cyberoo.com\/en\/\u00bb][divider line_type=\u00bbNo Line\u00bb custom_height=\u00bb20px\u00bb][vc_column_text]\n<h3 style=\"text-align: left;\">Tech Blog<\/h3>\n[\/vc_column_text][divider line_type=\u00bbNo Line\u00bb custom_height=\u00bb20px\u00bb][vc_column_text]An expert look at cyber incidents, emerging trends and best practices in the digital world.[\/vc_column_text][nectar_cta btn_style=\u00bbmaterial\u00bb heading_tag=\u00bbp\u00bb link_type=\u00bbnew_tab\u00bb alignment=\u00bbleft\u00bb alignment_tablet=\u00bbdefault\u00bb alignment_phone=\u00bbdefault\u00bb display=\u00bbblock\u00bb display_tablet=\u00bbinherit\u00bb display_phone=\u00bbinherit\u00bb text=\u00bbREAD THE TECH BLOG\u00bb url=\u00bbhttps:\/\/cert.cyberoo.com\/en\/\u00bb][\/vc_column_inner][\/vc_row_inner][divider line_type=\u00bbNo Line\u00bb custom_height=\u00bb100px\u00bb][\/vc_column][\/vc_row]\n","protected":false},"excerpt":{"rendered":"<p>[vc_row type=\u00bbin_container\u00bb full_screen_row_position=\u00bbmiddle\u00bb column_margin=\u00bbdefault\u00bb column_direction=\u00bbdefault\u00bb column_direction_tablet=\u00bbdefault\u00bb column_direction_phone=\u00bbdefault\u00bb scene_position=\u00bbcenter\u00bb left_margin=\u00bb10%\u00bb constrain_group_8=\u00bbyes\u00bb right_margin=\u00bb10%\u00bb text_color=\u00bbdark\u00bb text_align=\u00bbleft\u00bb row_border_radius=\u00bbnone\u00bb row_border_radius_applies=\u00bbbg\u00bb overflow=\u00bbvisible\u00bb overlay_strength=\u00bb0.3&#8243; gradient_direction=\u00bbleft_to_right\u00bb shape_divider_position=\u00bbbottom\u00bb bg_image_animation=\u00bbnone\u00bb gradient_type=\u00bbdefault\u00bb shape_type=\u00bb\u00bb][vc_column column_padding=\u00bbno-extra-padding\u00bb column_padding_tablet=\u00bbinherit\u00bb column_padding_phone=\u00bbinherit\u00bb column_padding_position=\u00bball\u00bb column_element_direction_desktop=\u00bbdefault\u00bb column_element_spacing=\u00bbdefault\u00bb desktop_text_alignment=\u00bbdefault\u00bb tablet_text_alignment=\u00bbdefault\u00bb&#8230;<\/p>\n","protected":false},"author":2,"featured_media":0,"parent":0,"menu_order":0,"comment_status":"closed","ping_status":"closed","template":"","meta":{"inline_featured_image":false,"footnotes":""},"class_list":["post-17528","page","type-page","status-publish"],"yoast_head":"<!-- This site is optimized with the Yoast SEO plugin v26.4 - https:\/\/yoast.com\/wordpress\/plugins\/seo\/ -->\n<title>Elige tu blog de ciberseguridad | Cybeoo<\/title>\n<meta name=\"description\" content=\"Noticias, an\u00e1lisis, gu\u00edas y consejos sobre ciberseguridad para profesionales y aficionados. Explora las \u00faltimas amenazas y defensas.\" \/>\n<meta name=\"robots\" content=\"index, follow, max-snippet:-1, max-image-preview:large, max-video-preview:-1\" \/>\n<link rel=\"canonical\" href=\"https:\/\/cyberoo.com\/es\/elige-tu-blog-de-ciberseguridad\/\" \/>\n<meta property=\"og:locale\" content=\"es_ES\" \/>\n<meta property=\"og:type\" content=\"article\" \/>\n<meta property=\"og:title\" content=\"Elige tu blog de ciberseguridad | Cybeoo\" \/>\n<meta property=\"og:description\" content=\"Noticias, an\u00e1lisis, gu\u00edas y consejos sobre ciberseguridad para profesionales y aficionados. Explora las \u00faltimas amenazas y defensas.\" \/>\n<meta property=\"og:url\" content=\"https:\/\/cyberoo.com\/es\/elige-tu-blog-de-ciberseguridad\/\" \/>\n<meta property=\"og:site_name\" content=\"Cyberoo\" \/>\n<meta property=\"article:modified_time\" content=\"2024-12-09T11:26:23+00:00\" \/>\n<meta name=\"twitter:card\" content=\"summary_large_image\" \/>\n<meta name=\"twitter:site\" content=\"@CYBEROO_ITALIA\" \/>\n<meta name=\"twitter:label1\" content=\"Tiempo de lectura\" \/>\n\t<meta name=\"twitter:data1\" content=\"3 minutos\" \/>\n<script type=\"application\/ld+json\" class=\"yoast-schema-graph\">{\"@context\":\"https:\/\/schema.org\",\"@graph\":[{\"@type\":\"WebPage\",\"@id\":\"https:\/\/cyberoo.com\/es\/elige-tu-blog-de-ciberseguridad\/\",\"url\":\"https:\/\/cyberoo.com\/es\/elige-tu-blog-de-ciberseguridad\/\",\"name\":\"Elige tu blog de ciberseguridad | Cybeoo\",\"isPartOf\":{\"@id\":\"https:\/\/cyberoo.com\/es\/#website\"},\"datePublished\":\"2024-03-01T16:16:04+00:00\",\"dateModified\":\"2024-12-09T11:26:23+00:00\",\"description\":\"Noticias, an\u00e1lisis, gu\u00edas y consejos sobre ciberseguridad para profesionales y aficionados. Explora las \u00faltimas amenazas y defensas.\",\"breadcrumb\":{\"@id\":\"https:\/\/cyberoo.com\/es\/elige-tu-blog-de-ciberseguridad\/#breadcrumb\"},\"inLanguage\":\"es\",\"potentialAction\":[{\"@type\":\"ReadAction\",\"target\":[\"https:\/\/cyberoo.com\/es\/elige-tu-blog-de-ciberseguridad\/\"]}]},{\"@type\":\"BreadcrumbList\",\"@id\":\"https:\/\/cyberoo.com\/es\/elige-tu-blog-de-ciberseguridad\/#breadcrumb\",\"itemListElement\":[{\"@type\":\"ListItem\",\"position\":1,\"name\":\"Home\",\"item\":\"https:\/\/cyberoo.com\/es\/\"},{\"@type\":\"ListItem\",\"position\":2,\"name\":\"Elige tu blog de ciberseguridad\"}]},{\"@type\":\"WebSite\",\"@id\":\"https:\/\/cyberoo.com\/es\/#website\",\"url\":\"https:\/\/cyberoo.com\/es\/\",\"name\":\"Cyberoo\",\"description\":\"Superheroes are always ready for action\",\"publisher\":{\"@id\":\"https:\/\/cyberoo.com\/es\/#organization\"},\"potentialAction\":[{\"@type\":\"SearchAction\",\"target\":{\"@type\":\"EntryPoint\",\"urlTemplate\":\"https:\/\/cyberoo.com\/es\/?s={search_term_string}\"},\"query-input\":{\"@type\":\"PropertyValueSpecification\",\"valueRequired\":true,\"valueName\":\"search_term_string\"}}],\"inLanguage\":\"es\"},{\"@type\":\"Organization\",\"@id\":\"https:\/\/cyberoo.com\/es\/#organization\",\"name\":\"Cyberoo\",\"url\":\"https:\/\/cyberoo.com\/es\/\",\"logo\":{\"@type\":\"ImageObject\",\"inLanguage\":\"es\",\"@id\":\"https:\/\/cyberoo.com\/es\/#\/schema\/logo\/image\/\",\"url\":\"https:\/\/cyberoo.com\/wp-content\/uploads\/2023\/01\/CYBEROO-logo-dark.svg\",\"contentUrl\":\"https:\/\/cyberoo.com\/wp-content\/uploads\/2023\/01\/CYBEROO-logo-dark.svg\",\"width\":258,\"height\":38,\"caption\":\"Cyberoo\"},\"image\":{\"@id\":\"https:\/\/cyberoo.com\/es\/#\/schema\/logo\/image\/\"},\"sameAs\":[\"https:\/\/x.com\/CYBEROO_ITALIA\",\"https:\/\/it.linkedin.com\/company\/cyberoo-italia\",\"https:\/\/www.youtube.com\/channel\/UC7AwVDG9Ngdwohk_zPd25xQ\"]}]}<\/script>\n<!-- \/ Yoast SEO plugin. -->","yoast_head_json":{"title":"Elige tu blog de ciberseguridad | Cybeoo","description":"Noticias, an\u00e1lisis, gu\u00edas y consejos sobre ciberseguridad para profesionales y aficionados. Explora las \u00faltimas amenazas y defensas.","robots":{"index":"index","follow":"follow","max-snippet":"max-snippet:-1","max-image-preview":"max-image-preview:large","max-video-preview":"max-video-preview:-1"},"canonical":"https:\/\/cyberoo.com\/es\/elige-tu-blog-de-ciberseguridad\/","og_locale":"es_ES","og_type":"article","og_title":"Elige tu blog de ciberseguridad | Cybeoo","og_description":"Noticias, an\u00e1lisis, gu\u00edas y consejos sobre ciberseguridad para profesionales y aficionados. Explora las \u00faltimas amenazas y defensas.","og_url":"https:\/\/cyberoo.com\/es\/elige-tu-blog-de-ciberseguridad\/","og_site_name":"Cyberoo","article_modified_time":"2024-12-09T11:26:23+00:00","twitter_card":"summary_large_image","twitter_site":"@CYBEROO_ITALIA","twitter_misc":{"Tiempo de lectura":"3 minutos"},"schema":{"@context":"https:\/\/schema.org","@graph":[{"@type":"WebPage","@id":"https:\/\/cyberoo.com\/es\/elige-tu-blog-de-ciberseguridad\/","url":"https:\/\/cyberoo.com\/es\/elige-tu-blog-de-ciberseguridad\/","name":"Elige tu blog de ciberseguridad | Cybeoo","isPartOf":{"@id":"https:\/\/cyberoo.com\/es\/#website"},"datePublished":"2024-03-01T16:16:04+00:00","dateModified":"2024-12-09T11:26:23+00:00","description":"Noticias, an\u00e1lisis, gu\u00edas y consejos sobre ciberseguridad para profesionales y aficionados. Explora las \u00faltimas amenazas y defensas.","breadcrumb":{"@id":"https:\/\/cyberoo.com\/es\/elige-tu-blog-de-ciberseguridad\/#breadcrumb"},"inLanguage":"es","potentialAction":[{"@type":"ReadAction","target":["https:\/\/cyberoo.com\/es\/elige-tu-blog-de-ciberseguridad\/"]}]},{"@type":"BreadcrumbList","@id":"https:\/\/cyberoo.com\/es\/elige-tu-blog-de-ciberseguridad\/#breadcrumb","itemListElement":[{"@type":"ListItem","position":1,"name":"Home","item":"https:\/\/cyberoo.com\/es\/"},{"@type":"ListItem","position":2,"name":"Elige tu blog de ciberseguridad"}]},{"@type":"WebSite","@id":"https:\/\/cyberoo.com\/es\/#website","url":"https:\/\/cyberoo.com\/es\/","name":"Cyberoo","description":"Superheroes are always ready for action","publisher":{"@id":"https:\/\/cyberoo.com\/es\/#organization"},"potentialAction":[{"@type":"SearchAction","target":{"@type":"EntryPoint","urlTemplate":"https:\/\/cyberoo.com\/es\/?s={search_term_string}"},"query-input":{"@type":"PropertyValueSpecification","valueRequired":true,"valueName":"search_term_string"}}],"inLanguage":"es"},{"@type":"Organization","@id":"https:\/\/cyberoo.com\/es\/#organization","name":"Cyberoo","url":"https:\/\/cyberoo.com\/es\/","logo":{"@type":"ImageObject","inLanguage":"es","@id":"https:\/\/cyberoo.com\/es\/#\/schema\/logo\/image\/","url":"https:\/\/cyberoo.com\/wp-content\/uploads\/2023\/01\/CYBEROO-logo-dark.svg","contentUrl":"https:\/\/cyberoo.com\/wp-content\/uploads\/2023\/01\/CYBEROO-logo-dark.svg","width":258,"height":38,"caption":"Cyberoo"},"image":{"@id":"https:\/\/cyberoo.com\/es\/#\/schema\/logo\/image\/"},"sameAs":["https:\/\/x.com\/CYBEROO_ITALIA","https:\/\/it.linkedin.com\/company\/cyberoo-italia","https:\/\/www.youtube.com\/channel\/UC7AwVDG9Ngdwohk_zPd25xQ"]}]}},"_links":{"self":[{"href":"https:\/\/cyberoo.com\/es\/wp-json\/wp\/v2\/pages\/17528","targetHints":{"allow":["GET"]}}],"collection":[{"href":"https:\/\/cyberoo.com\/es\/wp-json\/wp\/v2\/pages"}],"about":[{"href":"https:\/\/cyberoo.com\/es\/wp-json\/wp\/v2\/types\/page"}],"author":[{"embeddable":true,"href":"https:\/\/cyberoo.com\/es\/wp-json\/wp\/v2\/users\/2"}],"replies":[{"embeddable":true,"href":"https:\/\/cyberoo.com\/es\/wp-json\/wp\/v2\/comments?post=17528"}],"version-history":[{"count":4,"href":"https:\/\/cyberoo.com\/es\/wp-json\/wp\/v2\/pages\/17528\/revisions"}],"predecessor-version":[{"id":20753,"href":"https:\/\/cyberoo.com\/es\/wp-json\/wp\/v2\/pages\/17528\/revisions\/20753"}],"wp:attachment":[{"href":"https:\/\/cyberoo.com\/es\/wp-json\/wp\/v2\/media?parent=17528"}],"curies":[{"name":"wp","href":"https:\/\/api.w.org\/{rel}","templated":true}]}}