{"id":17491,"date":"2023-02-01T14:49:19","date_gmt":"2023-02-01T13:49:19","guid":{"rendered":"https:\/\/cyberoo.com\/black-club\/"},"modified":"2024-11-21T17:49:21","modified_gmt":"2024-11-21T16:49:21","slug":"black-club","status":"publish","type":"page","link":"https:\/\/cyberoo.com\/es\/black-club\/","title":{"rendered":"Black Club"},"content":{"rendered":"[vc_row type=\u00bbfull_width_background\u00bb full_screen_row_position=\u00bbmiddle\u00bb column_margin=\u00bbdefault\u00bb column_direction=\u00bbdefault\u00bb column_direction_tablet=\u00bbdefault\u00bb column_direction_phone=\u00bbdefault\u00bb bg_image=\u00bb248&#8243; bg_position=\u00bbcenter center\u00bb background_image_loading=\u00bbdefault\u00bb bg_repeat=\u00bbno-repeat\u00bb full_height=\u00bbyes\u00bb columns_placement=\u00bbbottom\u00bb scene_position=\u00bbcenter\u00bb text_color=\u00bbdark\u00bb text_align=\u00bbleft\u00bb row_border_radius=\u00bbnone\u00bb row_border_radius_applies=\u00bbbg\u00bb overflow=\u00bbvisible\u00bb enable_gradient=\u00bbtrue\u00bb color_overlay=\u00bb#000000&#8243; overlay_strength=\u00bb0.5&#8243; gradient_direction=\u00bbleft_to_right\u00bb shape_divider_position=\u00bbbottom\u00bb bg_image_animation=\u00bbzoom-out-slow\u00bb mobile_disable_bg_image_animation=\u00bbtrue\u00bb gradient_type=\u00bbdefault\u00bb shape_type=\u00bb\u00bb][vc_column column_padding=\u00bbno-extra-padding\u00bb column_padding_tablet=\u00bbinherit\u00bb column_padding_phone=\u00bbinherit\u00bb column_padding_position=\u00bball\u00bb column_element_direction_desktop=\u00bbdefault\u00bb column_element_spacing=\u00bbdefault\u00bb desktop_text_alignment=\u00bbdefault\u00bb tablet_text_alignment=\u00bbdefault\u00bb phone_text_alignment=\u00bbdefault\u00bb background_color_opacity=\u00bb1&#8243; background_hover_color_opacity=\u00bb1&#8243; column_backdrop_filter=\u00bbnone\u00bb column_shadow=\u00bbnone\u00bb column_border_radius=\u00bbnone\u00bb column_link_target=\u00bb_self\u00bb column_position=\u00bbdefault\u00bb gradient_direction=\u00bbleft_to_right\u00bb overlay_strength=\u00bb0.3&#8243; width=\u00bb1\/1&#8243; tablet_width_inherit=\u00bbdefault\u00bb animation_type=\u00bbdefault\u00bb bg_image_animation=\u00bbnone\u00bb border_type=\u00bbsimple\u00bb column_border_width=\u00bbnone\u00bb column_border_style=\u00bbsolid\u00bb][split_line_heading animation_type=\u00bbdefault\u00bb]\n<h1>\u00danase al Cyberoo\u00a0Black Club<\/h1>\n[\/split_line_heading][divider line_type=\u00bbNo Line\u00bb custom_height=\u00bb20&#8243; custom_height_tablet=\u00bb0&#8243; custom_height_phone=\u00bb0&#8243;][vc_row_inner equal_height=\u00bbyes\u00bb content_placement=\u00bbbottom\u00bb column_margin=\u00bbdefault\u00bb column_direction=\u00bbdefault\u00bb column_direction_tablet=\u00bbdefault\u00bb column_direction_phone=\u00bbdefault\u00bb text_align=\u00bbleft\u00bb row_position=\u00bbdefault\u00bb row_position_tablet=\u00bbinherit\u00bb row_position_phone=\u00bbinherit\u00bb overflow=\u00bbvisible\u00bb pointer_events=\u00bball\u00bb][vc_column_inner column_padding=\u00bbno-extra-padding\u00bb column_padding_tablet=\u00bbinherit\u00bb column_padding_phone=\u00bbinherit\u00bb column_padding_position=\u00bball\u00bb column_element_direction_desktop=\u00bbdefault\u00bb column_element_spacing=\u00bbdefault\u00bb desktop_text_alignment=\u00bbdefault\u00bb tablet_text_alignment=\u00bbdefault\u00bb phone_text_alignment=\u00bbdefault\u00bb background_color_opacity=\u00bb1&#8243; background_hover_color_opacity=\u00bb1&#8243; column_backdrop_filter=\u00bbnone\u00bb column_shadow=\u00bbnone\u00bb column_border_radius=\u00bbnone\u00bb column_link_target=\u00bb_self\u00bb overflow=\u00bbvisible\u00bb gradient_direction=\u00bbleft_to_right\u00bb overlay_strength=\u00bb0.3&#8243; width=\u00bb1\/2&#8243; tablet_width_inherit=\u00bbdefault\u00bb animation_type=\u00bbdefault\u00bb bg_image_animation=\u00bbnone\u00bb border_type=\u00bbsimple\u00bb column_border_width=\u00bbnone\u00bb column_border_style=\u00bbsolid\u00bb][vc_column_text]\n<h6>Nuestros Partners de Ciberseguridad juegan un papel muy importante en nuestra estrategia de comercializaci\u00f3n y en nuestra capacidad de \u00e9xito.<\/h6>\n[\/vc_column_text][\/vc_column_inner][vc_column_inner column_padding=\u00bbno-extra-padding\u00bb column_padding_tablet=\u00bbinherit\u00bb column_padding_phone=\u00bbinherit\u00bb column_padding_position=\u00bball\u00bb column_element_direction_desktop=\u00bbdefault\u00bb column_element_spacing=\u00bbdefault\u00bb desktop_text_alignment=\u00bbdefault\u00bb tablet_text_alignment=\u00bbdefault\u00bb phone_text_alignment=\u00bbdefault\u00bb background_color_opacity=\u00bb1&#8243; background_hover_color_opacity=\u00bb1&#8243; column_backdrop_filter=\u00bbnone\u00bb column_shadow=\u00bbnone\u00bb column_border_radius=\u00bbnone\u00bb column_link_target=\u00bb_self\u00bb overflow=\u00bbvisible\u00bb gradient_direction=\u00bbleft_to_right\u00bb overlay_strength=\u00bb0.3&#8243; width=\u00bb1\/2&#8243; tablet_width_inherit=\u00bbdefault\u00bb animation_type=\u00bbdefault\u00bb bg_image_animation=\u00bbnone\u00bb border_type=\u00bbsimple\u00bb column_border_width=\u00bbnone\u00bb column_border_style=\u00bbsolid\u00bb][nectar_cta btn_style=\u00bbnext-section\u00bb btn_type=\u00bbminimal-arrow\u00bb next_section_color=\u00bb#ffffff\u00bb alignment=\u00bbright\u00bb alignment_tablet=\u00bbdefault\u00bb alignment_phone=\u00bbdefault\u00bb display_tablet=\u00bbinherit\u00bb display_phone=\u00bbinherit\u00bb][\/vc_column_inner][\/vc_row_inner][divider line_type=\u00bbNo Line\u00bb custom_height=\u00bb80&#8243;][\/vc_column][\/vc_row][vc_row type=\u00bbfull_width_background\u00bb full_screen_row_position=\u00bbmiddle\u00bb column_margin=\u00bbdefault\u00bb column_direction=\u00bbdefault\u00bb column_direction_tablet=\u00bbdefault\u00bb column_direction_phone=\u00bbdefault\u00bb scene_position=\u00bbcenter\u00bb text_color=\u00bbdark\u00bb text_align=\u00bbleft\u00bb row_border_radius=\u00bbnone\u00bb row_border_radius_applies=\u00bbbg\u00bb overflow=\u00bbvisible\u00bb overlay_strength=\u00bb0.3&#8243; gradient_direction=\u00bbleft_to_right\u00bb shape_divider_position=\u00bbbottom\u00bb bg_image_animation=\u00bbnone\u00bb gradient_type=\u00bbdefault\u00bb shape_type=\u00bb\u00bb][vc_column column_padding=\u00bbno-extra-padding\u00bb column_padding_tablet=\u00bbinherit\u00bb column_padding_phone=\u00bbinherit\u00bb column_padding_position=\u00bball\u00bb column_element_direction_desktop=\u00bbdefault\u00bb column_element_spacing=\u00bbdefault\u00bb desktop_text_alignment=\u00bbdefault\u00bb tablet_text_alignment=\u00bbdefault\u00bb phone_text_alignment=\u00bbdefault\u00bb background_color_opacity=\u00bb1&#8243; background_hover_color_opacity=\u00bb1&#8243; column_backdrop_filter=\u00bbnone\u00bb column_shadow=\u00bbnone\u00bb column_border_radius=\u00bbnone\u00bb column_link_target=\u00bb_self\u00bb column_position=\u00bbdefault\u00bb gradient_direction=\u00bbleft_to_right\u00bb overlay_strength=\u00bb0.3&#8243; width=\u00bb1\/1&#8243; tablet_width_inherit=\u00bbdefault\u00bb animation_type=\u00bbdefault\u00bb bg_image_animation=\u00bbnone\u00bb border_type=\u00bbsimple\u00bb column_border_width=\u00bbnone\u00bb column_border_style=\u00bbsolid\u00bb][divider line_type=\u00bbNo Line\u00bb custom_height=\u00bb160&#8243; custom_height_tablet=\u00bb50&#8243; custom_height_phone=\u00bb50&#8243;][vc_row_inner equal_height=\u00bbyes\u00bb content_placement=\u00bbtop\u00bb column_margin=\u00bb100px\u00bb column_direction=\u00bbdefault\u00bb column_direction_tablet=\u00bbdefault\u00bb column_direction_phone=\u00bbdefault\u00bb text_align=\u00bbleft\u00bb row_position=\u00bbdefault\u00bb row_position_tablet=\u00bbinherit\u00bb row_position_phone=\u00bbinherit\u00bb overflow=\u00bbvisible\u00bb pointer_events=\u00bball\u00bb][vc_column_inner column_padding=\u00bbpadding-6-percent\u00bb column_padding_tablet=\u00bbinherit\u00bb column_padding_phone=\u00bbinherit\u00bb column_padding_position=\u00bbtop\u00bb column_element_direction_desktop=\u00bbdefault\u00bb column_element_spacing=\u00bbdefault\u00bb desktop_text_alignment=\u00bbdefault\u00bb tablet_text_alignment=\u00bbdefault\u00bb phone_text_alignment=\u00bbdefault\u00bb background_color_opacity=\u00bb1&#8243; background_hover_color_opacity=\u00bb1&#8243; column_backdrop_filter=\u00bbnone\u00bb font_color=\u00bb#ffffff\u00bb column_shadow=\u00bbnone\u00bb column_border_radius=\u00bbnone\u00bb column_link_target=\u00bb_self\u00bb overflow=\u00bbvisible\u00bb gradient_direction=\u00bbleft_to_right\u00bb overlay_strength=\u00bb0.3&#8243; width=\u00bb1\/2&#8243; tablet_width_inherit=\u00bbdefault\u00bb animation_type=\u00bbdefault\u00bb bg_image_animation=\u00bbnone\u00bb border_type=\u00bbsimple\u00bb column_border_width=\u00bbnone\u00bb column_border_style=\u00bbsolid\u00bb column_padding_type=\u00bbdefault\u00bb gradient_type=\u00bbdefault\u00bb][divider line_type=\u00bbNo Line\u00bb custom_height=\u00bb10&#8243; custom_height_phone=\u00bb30&#8243; custom_height_tablet=\u00bb30&#8243;][vc_column_text]\n<h3>\u00bfPor qu\u00e9 unirse al<br \/>\nCyberoo Black Club?<\/h3>\n[\/vc_column_text][divider line_type=\u00bbNo Line\u00bb custom_height=\u00bb30&#8243; custom_height_phone=\u00bb20&#8243;][vc_column_text css=\u00bb.vc_custom_1718610856397{margin-bottom: 10px !important;}\u00bb]\n<h4>VALOR<\/h4>\n[\/vc_column_text][vc_column_text]Ampliar su cartera de ofertas con servicios de Ciberseguridad de alto valor a\u00f1adido, gestionados las 24 horas del d\u00eda con iSOC altamente especializados.<br \/>\n[\/vc_column_text][divider line_type=\u00bbNo Line\u00bb custom_height=\u00bb30&#8243; custom_height_phone=\u00bb20&#8243;][vc_column_text css=\u00bb.vc_custom_1718610869043{margin-bottom: 10px !important;}\u00bb]\n<h4>LEALTAD<\/h4>\n[\/vc_column_text][vc_column_text]Seguir al cliente de forma proactiva y continua, aumentando su fidelidad con servicios siempre disponibles.<br \/>\n[\/vc_column_text][divider line_type=\u00bbNo Line\u00bb custom_height=\u00bb30&#8243; custom_height_phone=\u00bb20&#8243;][vc_column_text css=\u00bb.vc_custom_1718610880051{margin-bottom: 10px !important;}\u00bb]\n<h4>INGRESOS RECURRENTES<\/h4>\n[\/vc_column_text][vc_column_text]Nuestros servicios aportan el beneficio econ\u00f3mico de los ingresos recurrentes, haciendo m\u00e1s s\u00f3lida la econom\u00eda de la empresa.<br \/>\n[\/vc_column_text][divider line_type=\u00bbNo Line\u00bb custom_height=\u00bb30&#8243; custom_height_phone=\u00bb20&#8243;][\/vc_column_inner][vc_column_inner column_padding=\u00bbpadding-6-percent\u00bb column_padding_tablet=\u00bbinherit\u00bb column_padding_phone=\u00bbinherit\u00bb column_padding_position=\u00bball\u00bb column_element_direction_desktop=\u00bbdefault\u00bb column_element_spacing=\u00bbdefault\u00bb desktop_text_alignment=\u00bbdefault\u00bb tablet_text_alignment=\u00bbdefault\u00bb phone_text_alignment=\u00bbdefault\u00bb background_color=\u00bb#ffffff\u00bb background_color_opacity=\u00bb1&#8243; background_hover_color_opacity=\u00bb1&#8243; column_backdrop_filter=\u00bbnone\u00bb font_color=\u00bb#000000&#8243; column_shadow=\u00bbnone\u00bb column_border_radius=\u00bbnone\u00bb column_link_target=\u00bb_self\u00bb overflow=\u00bbvisible\u00bb gradient_direction=\u00bbleft_to_right\u00bb overlay_strength=\u00bb0.3&#8243; width=\u00bb1\/2&#8243; tablet_width_inherit=\u00bbdefault\u00bb animation_type=\u00bbdefault\u00bb bg_image_animation=\u00bbnone\u00bb border_type=\u00bbsimple\u00bb column_border_width=\u00bbnone\u00bb column_border_style=\u00bbsolid\u00bb column_padding_type=\u00bbdefault\u00bb gradient_type=\u00bbdefault\u00bb][divider line_type=\u00bbNo Line\u00bb custom_height=\u00bb10&#8243; custom_height_phone=\u00bb30&#8243; custom_height_tablet=\u00bb30&#8243;][split_line_heading animation_type=\u00bbline-reveal-by-space\u00bb font_style=\u00bbh3&#8243; text_color=\u00bb#000000&#8243; line_reveal_by_space_text_effect=\u00bbdefault\u00bb content_alignment=\u00bbdefault\u00bb mobile_content_alignment=\u00bbinherit\u00bb link_target=\u00bb_self\u00bb font_line_height=\u00bb1.1&#8243; text_content=\u00bbRellene el formulario para recibir m\u00e1s informaci\u00f3n\u00bb][\/split_line_heading][divider line_type=\u00bbNo Line\u00bb custom_height=\u00bb30&#8243; custom_height_phone=\u00bb20&#8243;][vc_raw_js]JTNDc2NyaXB0JTIwY2hhcnNldCUzRCUyMnV0Zi04JTIyJTIwdHlwZSUzRCUyMnRleHQlMkZqYXZhc2NyaXB0JTIyJTIwc3JjJTNEJTIyJTJGJTJGanMuaHNmb3Jtcy5uZXQlMkZmb3JtcyUyRmVtYmVkJTJGdjIuanMlMjIlM0UlM0MlMkZzY3JpcHQlM0UlMEElM0NzY3JpcHQlM0UlMEElMjAlMjBoYnNwdC5mb3Jtcy5jcmVhdGUlMjglN0IlMEElMjAlMjAlMjAlMjByZWdpb24lM0ElMjAlMjJuYTElMjIlMkMlMEElMjAlMjAlMjAlMjBwb3J0YWxJZCUzQSUyMCUyMjY4OTIyMzElMjIlMkMlMEElMjAlMjAlMjAlMjBmb3JtSWQlM0ElMjAlMjJkM2NiMTY0Mi01ZjY3LTQ1NjktYTFiNi1jY2EwMjM2YjQzZDIlMjIlMEElMjAlMjAlN0QlMjklM0IlMEElM0MlMkZzY3JpcHQlM0U=[\/vc_raw_js][divider line_type=\u00bbNo Line\u00bb custom_height=\u00bb10&#8243; custom_height_phone=\u00bb30&#8243; custom_height_tablet=\u00bb30&#8243;][\/vc_column_inner][\/vc_row_inner][divider line_type=\u00bbNo Line\u00bb custom_height=\u00bb80&#8243;][\/vc_column][\/vc_row]\n","protected":false},"excerpt":{"rendered":"<p>[vc_row type=\u00bbfull_width_background\u00bb full_screen_row_position=\u00bbmiddle\u00bb column_margin=\u00bbdefault\u00bb column_direction=\u00bbdefault\u00bb column_direction_tablet=\u00bbdefault\u00bb column_direction_phone=\u00bbdefault\u00bb bg_image=\u00bb248&#8243; bg_position=\u00bbcenter center\u00bb background_image_loading=\u00bbdefault\u00bb bg_repeat=\u00bbno-repeat\u00bb full_height=\u00bbyes\u00bb columns_placement=\u00bbbottom\u00bb scene_position=\u00bbcenter\u00bb text_color=\u00bbdark\u00bb text_align=\u00bbleft\u00bb row_border_radius=\u00bbnone\u00bb row_border_radius_applies=\u00bbbg\u00bb overflow=\u00bbvisible\u00bb enable_gradient=\u00bbtrue\u00bb color_overlay=\u00bb#000000&#8243; overlay_strength=\u00bb0.5&#8243; gradient_direction=\u00bbleft_to_right\u00bb shape_divider_position=\u00bbbottom\u00bb bg_image_animation=\u00bbzoom-out-slow\u00bb mobile_disable_bg_image_animation=\u00bbtrue\u00bb gradient_type=\u00bbdefault\u00bb shape_type=\u00bb\u00bb][vc_column column_padding=\u00bbno-extra-padding\u00bb&#8230;<\/p>\n","protected":false},"author":2,"featured_media":0,"parent":0,"menu_order":0,"comment_status":"closed","ping_status":"closed","template":"","meta":{"inline_featured_image":false,"footnotes":""},"class_list":["post-17491","page","type-page","status-publish"],"yoast_head":"<!-- This site is optimized with the Yoast SEO plugin v27.4 - https:\/\/yoast.com\/product\/yoast-seo-wordpress\/ -->\n<title>Join the CYBEROO Black Club | Cyberoo<\/title>\n<meta name=\"description\" content=\"CYBEROO Black Club: una red de socios de ciberseguridad que trabajan por la ciberseguridad en Italia. \u00a1\u00danase a nosotros!\" \/>\n<meta name=\"robots\" content=\"index, follow, max-snippet:-1, max-image-preview:large, max-video-preview:-1\" \/>\n<link rel=\"canonical\" href=\"https:\/\/cyberoo.com\/es\/black-club\/\" \/>\n<meta property=\"og:locale\" content=\"es_ES\" \/>\n<meta property=\"og:type\" content=\"article\" \/>\n<meta property=\"og:title\" content=\"Join the CYBEROO Black Club | Cyberoo\" \/>\n<meta property=\"og:description\" content=\"CYBEROO Black Club: una red de socios de ciberseguridad que trabajan por la ciberseguridad en Italia. \u00a1\u00danase a nosotros!\" \/>\n<meta property=\"og:url\" content=\"https:\/\/cyberoo.com\/es\/black-club\/\" \/>\n<meta property=\"og:site_name\" content=\"Cyberoo\" \/>\n<meta property=\"article:modified_time\" content=\"2024-11-21T16:49:21+00:00\" \/>\n<meta name=\"twitter:card\" content=\"summary_large_image\" \/>\n<meta name=\"twitter:site\" content=\"@CYBEROO_ITALIA\" \/>\n<meta name=\"twitter:label1\" content=\"Tiempo de lectura\" \/>\n\t<meta name=\"twitter:data1\" content=\"3 minutos\" \/>\n<script type=\"application\/ld+json\" class=\"yoast-schema-graph\">{\"@context\":\"https:\\\/\\\/schema.org\",\"@graph\":[{\"@type\":\"WebPage\",\"@id\":\"https:\\\/\\\/cyberoo.com\\\/es\\\/black-club\\\/\",\"url\":\"https:\\\/\\\/cyberoo.com\\\/es\\\/black-club\\\/\",\"name\":\"Join the CYBEROO Black Club | Cyberoo\",\"isPartOf\":{\"@id\":\"https:\\\/\\\/cyberoo.com\\\/es\\\/#website\"},\"datePublished\":\"2023-02-01T13:49:19+00:00\",\"dateModified\":\"2024-11-21T16:49:21+00:00\",\"description\":\"CYBEROO Black Club: una red de socios de ciberseguridad que trabajan por la ciberseguridad en Italia. \u00a1\u00danase a nosotros!\",\"breadcrumb\":{\"@id\":\"https:\\\/\\\/cyberoo.com\\\/es\\\/black-club\\\/#breadcrumb\"},\"inLanguage\":\"es\",\"potentialAction\":[{\"@type\":\"ReadAction\",\"target\":[\"https:\\\/\\\/cyberoo.com\\\/es\\\/black-club\\\/\"]}]},{\"@type\":\"BreadcrumbList\",\"@id\":\"https:\\\/\\\/cyberoo.com\\\/es\\\/black-club\\\/#breadcrumb\",\"itemListElement\":[{\"@type\":\"ListItem\",\"position\":1,\"name\":\"Home\",\"item\":\"https:\\\/\\\/cyberoo.com\\\/es\\\/\"},{\"@type\":\"ListItem\",\"position\":2,\"name\":\"Black Club\"}]},{\"@type\":\"WebSite\",\"@id\":\"https:\\\/\\\/cyberoo.com\\\/es\\\/#website\",\"url\":\"https:\\\/\\\/cyberoo.com\\\/es\\\/\",\"name\":\"Cyberoo\",\"description\":\"Superheroes are always ready for action\",\"publisher\":{\"@id\":\"https:\\\/\\\/cyberoo.com\\\/es\\\/#organization\"},\"potentialAction\":[{\"@type\":\"SearchAction\",\"target\":{\"@type\":\"EntryPoint\",\"urlTemplate\":\"https:\\\/\\\/cyberoo.com\\\/es\\\/?s={search_term_string}\"},\"query-input\":{\"@type\":\"PropertyValueSpecification\",\"valueRequired\":true,\"valueName\":\"search_term_string\"}}],\"inLanguage\":\"es\"},{\"@type\":\"Organization\",\"@id\":\"https:\\\/\\\/cyberoo.com\\\/es\\\/#organization\",\"name\":\"Cyberoo\",\"url\":\"https:\\\/\\\/cyberoo.com\\\/es\\\/\",\"logo\":{\"@type\":\"ImageObject\",\"inLanguage\":\"es\",\"@id\":\"https:\\\/\\\/cyberoo.com\\\/es\\\/#\\\/schema\\\/logo\\\/image\\\/\",\"url\":\"https:\\\/\\\/cyberoo.com\\\/wp-content\\\/uploads\\\/2023\\\/01\\\/CYBEROO-logo-dark.svg\",\"contentUrl\":\"https:\\\/\\\/cyberoo.com\\\/wp-content\\\/uploads\\\/2023\\\/01\\\/CYBEROO-logo-dark.svg\",\"width\":258,\"height\":38,\"caption\":\"Cyberoo\"},\"image\":{\"@id\":\"https:\\\/\\\/cyberoo.com\\\/es\\\/#\\\/schema\\\/logo\\\/image\\\/\"},\"sameAs\":[\"https:\\\/\\\/x.com\\\/CYBEROO_ITALIA\",\"https:\\\/\\\/it.linkedin.com\\\/company\\\/cyberoo-italia\",\"https:\\\/\\\/www.youtube.com\\\/channel\\\/UC7AwVDG9Ngdwohk_zPd25xQ\"]}]}<\/script>\n<!-- \/ Yoast SEO plugin. -->","yoast_head_json":{"title":"Join the CYBEROO Black Club | Cyberoo","description":"CYBEROO Black Club: una red de socios de ciberseguridad que trabajan por la ciberseguridad en Italia. \u00a1\u00danase a nosotros!","robots":{"index":"index","follow":"follow","max-snippet":"max-snippet:-1","max-image-preview":"max-image-preview:large","max-video-preview":"max-video-preview:-1"},"canonical":"https:\/\/cyberoo.com\/es\/black-club\/","og_locale":"es_ES","og_type":"article","og_title":"Join the CYBEROO Black Club | Cyberoo","og_description":"CYBEROO Black Club: una red de socios de ciberseguridad que trabajan por la ciberseguridad en Italia. \u00a1\u00danase a nosotros!","og_url":"https:\/\/cyberoo.com\/es\/black-club\/","og_site_name":"Cyberoo","article_modified_time":"2024-11-21T16:49:21+00:00","twitter_card":"summary_large_image","twitter_site":"@CYBEROO_ITALIA","twitter_misc":{"Tiempo de lectura":"3 minutos"},"schema":{"@context":"https:\/\/schema.org","@graph":[{"@type":"WebPage","@id":"https:\/\/cyberoo.com\/es\/black-club\/","url":"https:\/\/cyberoo.com\/es\/black-club\/","name":"Join the CYBEROO Black Club | Cyberoo","isPartOf":{"@id":"https:\/\/cyberoo.com\/es\/#website"},"datePublished":"2023-02-01T13:49:19+00:00","dateModified":"2024-11-21T16:49:21+00:00","description":"CYBEROO Black Club: una red de socios de ciberseguridad que trabajan por la ciberseguridad en Italia. \u00a1\u00danase a nosotros!","breadcrumb":{"@id":"https:\/\/cyberoo.com\/es\/black-club\/#breadcrumb"},"inLanguage":"es","potentialAction":[{"@type":"ReadAction","target":["https:\/\/cyberoo.com\/es\/black-club\/"]}]},{"@type":"BreadcrumbList","@id":"https:\/\/cyberoo.com\/es\/black-club\/#breadcrumb","itemListElement":[{"@type":"ListItem","position":1,"name":"Home","item":"https:\/\/cyberoo.com\/es\/"},{"@type":"ListItem","position":2,"name":"Black Club"}]},{"@type":"WebSite","@id":"https:\/\/cyberoo.com\/es\/#website","url":"https:\/\/cyberoo.com\/es\/","name":"Cyberoo","description":"Superheroes are always ready for action","publisher":{"@id":"https:\/\/cyberoo.com\/es\/#organization"},"potentialAction":[{"@type":"SearchAction","target":{"@type":"EntryPoint","urlTemplate":"https:\/\/cyberoo.com\/es\/?s={search_term_string}"},"query-input":{"@type":"PropertyValueSpecification","valueRequired":true,"valueName":"search_term_string"}}],"inLanguage":"es"},{"@type":"Organization","@id":"https:\/\/cyberoo.com\/es\/#organization","name":"Cyberoo","url":"https:\/\/cyberoo.com\/es\/","logo":{"@type":"ImageObject","inLanguage":"es","@id":"https:\/\/cyberoo.com\/es\/#\/schema\/logo\/image\/","url":"https:\/\/cyberoo.com\/wp-content\/uploads\/2023\/01\/CYBEROO-logo-dark.svg","contentUrl":"https:\/\/cyberoo.com\/wp-content\/uploads\/2023\/01\/CYBEROO-logo-dark.svg","width":258,"height":38,"caption":"Cyberoo"},"image":{"@id":"https:\/\/cyberoo.com\/es\/#\/schema\/logo\/image\/"},"sameAs":["https:\/\/x.com\/CYBEROO_ITALIA","https:\/\/it.linkedin.com\/company\/cyberoo-italia","https:\/\/www.youtube.com\/channel\/UC7AwVDG9Ngdwohk_zPd25xQ"]}]}},"_links":{"self":[{"href":"https:\/\/cyberoo.com\/es\/wp-json\/wp\/v2\/pages\/17491","targetHints":{"allow":["GET"]}}],"collection":[{"href":"https:\/\/cyberoo.com\/es\/wp-json\/wp\/v2\/pages"}],"about":[{"href":"https:\/\/cyberoo.com\/es\/wp-json\/wp\/v2\/types\/page"}],"author":[{"embeddable":true,"href":"https:\/\/cyberoo.com\/es\/wp-json\/wp\/v2\/users\/2"}],"replies":[{"embeddable":true,"href":"https:\/\/cyberoo.com\/es\/wp-json\/wp\/v2\/comments?post=17491"}],"version-history":[{"count":5,"href":"https:\/\/cyberoo.com\/es\/wp-json\/wp\/v2\/pages\/17491\/revisions"}],"predecessor-version":[{"id":20423,"href":"https:\/\/cyberoo.com\/es\/wp-json\/wp\/v2\/pages\/17491\/revisions\/20423"}],"wp:attachment":[{"href":"https:\/\/cyberoo.com\/es\/wp-json\/wp\/v2\/media?parent=17491"}],"curies":[{"name":"wp","href":"https:\/\/api.w.org\/{rel}","templated":true}]}}