{"id":17424,"date":"2023-05-18T11:12:16","date_gmt":"2023-05-18T09:12:16","guid":{"rendered":"https:\/\/cyberoo.com\/certificazioni\/"},"modified":"2025-10-24T10:46:49","modified_gmt":"2025-10-24T08:46:49","slug":"certificaciones","status":"publish","type":"page","link":"https:\/\/cyberoo.com\/es\/certificaciones\/","title":{"rendered":"Certificaciones"},"content":{"rendered":"[vc_row type=\u00bbfull_width_background\u00bb full_screen_row_position=\u00bbmiddle\u00bb column_margin=\u00bbdefault\u00bb column_direction=\u00bbdefault\u00bb column_direction_tablet=\u00bbdefault\u00bb column_direction_phone=\u00bbdefault\u00bb bg_image=\u00bb1477&#8243; bg_image_phone=\u00bb13011&#8243; bg_position=\u00bbright center\u00bb background_image_loading=\u00bbdefault\u00bb bg_repeat=\u00bbno-repeat\u00bb full_height=\u00bbyes\u00bb columns_placement=\u00bbbottom\u00bb scene_position=\u00bbcenter\u00bb text_color=\u00bbdark\u00bb text_align=\u00bbleft\u00bb row_border_radius=\u00bbnone\u00bb row_border_radius_applies=\u00bbbg\u00bb overflow=\u00bbvisible\u00bb color_overlay=\u00bbrgba(0,0,0,0.01)\u00bb color_overlay_2=\u00bb#000000&#8243; overlay_strength=\u00bb0.8&#8243; gradient_direction=\u00bbtop_to_bottom\u00bb shape_divider_position=\u00bbbottom\u00bb bg_image_animation=\u00bbzoom-out-slow\u00bb gradient_type=\u00bbdefault\u00bb shape_type=\u00bb\u00bb][vc_column column_padding=\u00bbno-extra-padding\u00bb column_padding_tablet=\u00bbinherit\u00bb column_padding_phone=\u00bbinherit\u00bb column_padding_position=\u00bball\u00bb column_element_direction_desktop=\u00bbdefault\u00bb column_element_spacing=\u00bbdefault\u00bb desktop_text_alignment=\u00bbdefault\u00bb tablet_text_alignment=\u00bbdefault\u00bb phone_text_alignment=\u00bbdefault\u00bb background_color_opacity=\u00bb1&#8243; background_hover_color_opacity=\u00bb1&#8243; column_backdrop_filter=\u00bbnone\u00bb column_shadow=\u00bbnone\u00bb column_border_radius=\u00bbnone\u00bb column_link_target=\u00bb_self\u00bb column_position=\u00bbdefault\u00bb gradient_direction=\u00bbleft_to_right\u00bb overlay_strength=\u00bb0.3&#8243; width=\u00bb1\/1&#8243; tablet_width_inherit=\u00bbdefault\u00bb animation_type=\u00bbdefault\u00bb bg_image_animation=\u00bbnone\u00bb border_type=\u00bbsimple\u00bb column_border_width=\u00bbnone\u00bb column_border_style=\u00bbsolid\u00bb][split_line_heading animation_type=\u00bbline-reveal-by-space\u00bb font_style=\u00bbh1&#8243; line_reveal_by_space_text_effect=\u00bbdefault\u00bb content_alignment=\u00bbdefault\u00bb mobile_content_alignment=\u00bbinherit\u00bb link_target=\u00bb_self\u00bb text_content=\u00bbCertificaciones\u00bb][\/split_line_heading][divider line_type=\u00bbNo Line\u00bb custom_height=\u00bb20&#8243; custom_height_tablet=\u00bb0&#8243; custom_height_phone=\u00bb0&#8243;][vc_row_inner equal_height=\u00bbyes\u00bb content_placement=\u00bbbottom\u00bb column_margin=\u00bbdefault\u00bb column_direction=\u00bbdefault\u00bb column_direction_tablet=\u00bbdefault\u00bb column_direction_phone=\u00bbdefault\u00bb text_align=\u00bbleft\u00bb row_position=\u00bbdefault\u00bb row_position_tablet=\u00bbinherit\u00bb row_position_phone=\u00bbinherit\u00bb overflow=\u00bbvisible\u00bb pointer_events=\u00bball\u00bb][vc_column_inner column_padding=\u00bbno-extra-padding\u00bb column_padding_tablet=\u00bbinherit\u00bb column_padding_phone=\u00bbinherit\u00bb column_padding_position=\u00bball\u00bb column_element_direction_desktop=\u00bbdefault\u00bb column_element_spacing=\u00bbdefault\u00bb desktop_text_alignment=\u00bbdefault\u00bb tablet_text_alignment=\u00bbdefault\u00bb phone_text_alignment=\u00bbdefault\u00bb background_color_opacity=\u00bb1&#8243; background_hover_color_opacity=\u00bb1&#8243; column_backdrop_filter=\u00bbnone\u00bb column_shadow=\u00bbnone\u00bb column_border_radius=\u00bbnone\u00bb column_link_target=\u00bb_self\u00bb overflow=\u00bbvisible\u00bb gradient_direction=\u00bbleft_to_right\u00bb overlay_strength=\u00bb0.3&#8243; width=\u00bb2\/3&#8243; tablet_width_inherit=\u00bbdefault\u00bb animation_type=\u00bbdefault\u00bb bg_image_animation=\u00bbnone\u00bb border_type=\u00bbsimple\u00bb column_border_width=\u00bbnone\u00bb column_border_style=\u00bbsolid\u00bb][vc_column_text]\n<h6>La satisfacci\u00f3n y tranquilidad de nuestros clientes es la primera garant\u00eda de la calidad de nuestro trabajo. Pero las certificaciones tambi\u00e9n son importantes.<\/h6>\n[\/vc_column_text][\/vc_column_inner][vc_column_inner column_padding=\u00bbno-extra-padding\u00bb column_padding_tablet=\u00bbinherit\u00bb column_padding_phone=\u00bbinherit\u00bb column_padding_position=\u00bball\u00bb column_element_direction_desktop=\u00bbdefault\u00bb column_element_spacing=\u00bbdefault\u00bb desktop_text_alignment=\u00bbdefault\u00bb tablet_text_alignment=\u00bbdefault\u00bb phone_text_alignment=\u00bbdefault\u00bb background_color_opacity=\u00bb1&#8243; background_hover_color_opacity=\u00bb1&#8243; column_backdrop_filter=\u00bbnone\u00bb column_shadow=\u00bbnone\u00bb column_border_radius=\u00bbnone\u00bb column_link_target=\u00bb_self\u00bb overflow=\u00bbvisible\u00bb gradient_direction=\u00bbleft_to_right\u00bb overlay_strength=\u00bb0.3&#8243; width=\u00bb1\/3&#8243; tablet_width_inherit=\u00bbdefault\u00bb animation_type=\u00bbdefault\u00bb bg_image_animation=\u00bbnone\u00bb border_type=\u00bbsimple\u00bb column_border_width=\u00bbnone\u00bb column_border_style=\u00bbsolid\u00bb][nectar_cta btn_style=\u00bbnext-section\u00bb btn_type=\u00bbminimal-arrow\u00bb next_section_color=\u00bb#ffffff\u00bb alignment=\u00bbright\u00bb alignment_tablet=\u00bbdefault\u00bb alignment_phone=\u00bbdefault\u00bb display_tablet=\u00bbinherit\u00bb display_phone=\u00bbinherit\u00bb][\/vc_column_inner][\/vc_row_inner][divider line_type=\u00bbNo Line\u00bb custom_height=\u00bb80&#8243;][\/vc_column][\/vc_row][vc_row type=\u00bbfull_width_background\u00bb full_screen_row_position=\u00bbmiddle\u00bb column_margin=\u00bbdefault\u00bb column_direction=\u00bbdefault\u00bb column_direction_tablet=\u00bbdefault\u00bb column_direction_phone=\u00bbdefault\u00bb scene_position=\u00bbcenter\u00bb text_color=\u00bbdark\u00bb text_align=\u00bbleft\u00bb row_border_radius=\u00bbnone\u00bb row_border_radius_applies=\u00bbbg\u00bb overflow=\u00bbvisible\u00bb overlay_strength=\u00bb0.3&#8243; gradient_direction=\u00bbleft_to_right\u00bb shape_divider_position=\u00bbbottom\u00bb bg_image_animation=\u00bbnone\u00bb gradient_type=\u00bbdefault\u00bb shape_type=\u00bb\u00bb][vc_column column_padding=\u00bbno-extra-padding\u00bb column_padding_tablet=\u00bbinherit\u00bb column_padding_phone=\u00bbinherit\u00bb column_padding_position=\u00bball\u00bb column_element_direction_desktop=\u00bbdefault\u00bb column_element_spacing=\u00bbdefault\u00bb desktop_text_alignment=\u00bbdefault\u00bb tablet_text_alignment=\u00bbdefault\u00bb phone_text_alignment=\u00bbdefault\u00bb background_color_opacity=\u00bb1&#8243; background_hover_color_opacity=\u00bb1&#8243; column_backdrop_filter=\u00bbnone\u00bb column_shadow=\u00bbnone\u00bb column_border_radius=\u00bbnone\u00bb column_link_target=\u00bb_self\u00bb column_position=\u00bbdefault\u00bb gradient_direction=\u00bbleft_to_right\u00bb overlay_strength=\u00bb0.3&#8243; width=\u00bb1\/1&#8243; tablet_width_inherit=\u00bbdefault\u00bb animation_type=\u00bbdefault\u00bb bg_image_animation=\u00bbnone\u00bb border_type=\u00bbsimple\u00bb column_border_width=\u00bbnone\u00bb column_border_style=\u00bbsolid\u00bb][divider line_type=\u00bbNo Line\u00bb custom_height=\u00bb160&#8243; custom_height_tablet=\u00bb80&#8243; custom_height_phone=\u00bb80&#8243;][vc_row_inner column_margin=\u00bb80px\u00bb column_direction=\u00bbdefault\u00bb column_direction_tablet=\u00bbdefault\u00bb column_direction_phone=\u00bbdefault\u00bb text_align=\u00bbleft\u00bb row_position=\u00bbdefault\u00bb row_position_tablet=\u00bbinherit\u00bb row_position_phone=\u00bbinherit\u00bb overflow=\u00bbvisible\u00bb pointer_events=\u00bball\u00bb][vc_column_inner column_padding=\u00bbno-extra-padding\u00bb column_padding_tablet=\u00bbinherit\u00bb column_padding_phone=\u00bbinherit\u00bb column_padding_position=\u00bball\u00bb column_element_direction_desktop=\u00bbdefault\u00bb column_element_spacing=\u00bbdefault\u00bb desktop_text_alignment=\u00bbdefault\u00bb tablet_text_alignment=\u00bbdefault\u00bb phone_text_alignment=\u00bbdefault\u00bb background_color_opacity=\u00bb1&#8243; background_hover_color_opacity=\u00bb1&#8243; column_backdrop_filter=\u00bbnone\u00bb column_shadow=\u00bbnone\u00bb column_border_radius=\u00bbnone\u00bb column_link_target=\u00bb_self\u00bb overflow=\u00bbvisible\u00bb gradient_direction=\u00bbleft_to_right\u00bb overlay_strength=\u00bb0.3&#8243; width=\u00bb1\/2&#8243; tablet_width_inherit=\u00bbdefault\u00bb animation_type=\u00bbdefault\u00bb bg_image_animation=\u00bbnone\u00bb border_type=\u00bbsimple\u00bb column_border_width=\u00bbnone\u00bb column_border_style=\u00bbsolid\u00bb][image_with_animation image_url=\u00bb1471&#8243; image_size=\u00bbfull\u00bb animation_type=\u00bbentrance\u00bb animation=\u00bbNone\u00bb animation_movement_type=\u00bbtransform_y\u00bb hover_animation=\u00bbnone\u00bb alignment=\u00bb\u00bb border_radius=\u00bbnone\u00bb box_shadow=\u00bbnone\u00bb image_loading=\u00bbdefault\u00bb max_width=\u00bb100%\u00bb max_width_mobile=\u00bbdefault\u00bb][divider line_type=\u00bbNo Line\u00bb custom_height=\u00bb20&#8243; custom_height_tablet=\u00bb0&#8243; custom_height_phone=\u00bb0&#8243;][vc_column_text]Primera y \u00fanica empresa italiana reconocida \u00abProveedor Representativo\u00bb en la \u00abGu\u00eda de mercado de Gartner para servicios MDR\u00bb en 2021, 2023 y 2024 e incluida en la investigaci\u00f3n de Gartner \u00abTecnolog\u00eda Emergente para MDR 2022\u00bb.[\/vc_column_text][nectar_cta btn_style=\u00bbmaterial\u00bb heading_tag=\u00bbp\u00bb link_type=\u00bbnew_tab\u00bb alignment=\u00bbleft\u00bb alignment_tablet=\u00bbdefault\u00bb alignment_phone=\u00bbdefault\u00bb display=\u00bbblock\u00bb display_tablet=\u00bbinherit\u00bb display_phone=\u00bbinherit\u00bb link_text=\u00bbGU\u00cdA DE MERCADO DE GARTNER\u00bb url=\u00bbhttps:\/\/content.cyberoo.com\/en\/2024-gartner-market-guide-for-mdr-services\u00bb][divider line_type=\u00bbNo Line\u00bb custom_height=\u00bb0&#8243; custom_height_tablet=\u00bb60&#8243; custom_height_phone=\u00bb60&#8243;][\/vc_column_inner][vc_column_inner column_padding=\u00bbno-extra-padding\u00bb column_padding_tablet=\u00bbinherit\u00bb column_padding_phone=\u00bbinherit\u00bb column_padding_position=\u00bball\u00bb column_element_direction_desktop=\u00bbdefault\u00bb column_element_spacing=\u00bbdefault\u00bb desktop_text_alignment=\u00bbdefault\u00bb tablet_text_alignment=\u00bbdefault\u00bb phone_text_alignment=\u00bbdefault\u00bb background_color_opacity=\u00bb1&#8243; background_hover_color_opacity=\u00bb1&#8243; column_backdrop_filter=\u00bbnone\u00bb column_shadow=\u00bbnone\u00bb column_border_radius=\u00bbnone\u00bb column_link_target=\u00bb_self\u00bb overflow=\u00bbvisible\u00bb gradient_direction=\u00bbleft_to_right\u00bb overlay_strength=\u00bb0.3&#8243; width=\u00bb1\/2&#8243; tablet_width_inherit=\u00bbdefault\u00bb animation_type=\u00bbdefault\u00bb bg_image_animation=\u00bbnone\u00bb border_type=\u00bbsimple\u00bb column_border_width=\u00bbnone\u00bb column_border_style=\u00bbsolid\u00bb][image_with_animation image_url=\u00bb1472&#8243; image_size=\u00bbfull\u00bb animation_type=\u00bbentrance\u00bb animation=\u00bbNone\u00bb animation_movement_type=\u00bbtransform_y\u00bb hover_animation=\u00bbnone\u00bb alignment=\u00bb\u00bb border_radius=\u00bbnone\u00bb box_shadow=\u00bbnone\u00bb image_loading=\u00bbdefault\u00bb max_width=\u00bb100%\u00bb max_width_mobile=\u00bbdefault\u00bb][divider line_type=\u00bbNo Line\u00bb custom_height=\u00bb20&#8243; custom_height_tablet=\u00bb0&#8243; custom_height_phone=\u00bb0&#8243;][vc_column_text]La certificaci\u00f3n ISO 27001 garantiza que la gesti\u00f3n de riesgos dentro de la cadena de servicios que ofrecemos est\u00e1 debidamente controlada y asegurada. Para obtenerla, es necesario contar con sistemas de monitorizaci\u00f3n avanzados que van m\u00e1s all\u00e1 de las herramientas de defensa tradicionales.[\/vc_column_text][nectar_cta btn_style=\u00bbmaterial\u00bb heading_tag=\u00bbp\u00bb link_type=\u00bbnew_tab\u00bb alignment=\u00bbleft\u00bb alignment_tablet=\u00bbdefault\u00bb alignment_phone=\u00bbdefault\u00bb display=\u00bbblock\u00bb display_tablet=\u00bbinherit\u00bb display_phone=\u00bbinherit\u00bb link_text=\u00bbDESCARGAR PDF\u00bb url=\u00bbhttps:\/\/cyberoo.com\/wp-content\/uploads\/2025\/10\/ISO-IEC_27001-ENG-10000375538-MSC-ACCREDIA-ITA-3-20251020.pdf\u00bb][divider line_type=\u00bbNo Line\u00bb custom_height=\u00bb0&#8243; custom_height_tablet=\u00bb60&#8243; custom_height_phone=\u00bb60&#8243;][\/vc_column_inner][\/vc_row_inner][vc_row_inner column_margin=\u00bb80px\u00bb column_direction=\u00bbdefault\u00bb column_direction_tablet=\u00bbdefault\u00bb column_direction_phone=\u00bbdefault\u00bb text_align=\u00bbleft\u00bb row_position=\u00bbdefault\u00bb row_position_tablet=\u00bbinherit\u00bb row_position_phone=\u00bbinherit\u00bb overflow=\u00bbvisible\u00bb pointer_events=\u00bball\u00bb][vc_column_inner column_padding=\u00bbno-extra-padding\u00bb column_padding_tablet=\u00bbinherit\u00bb column_padding_phone=\u00bbinherit\u00bb column_padding_position=\u00bball\u00bb column_element_direction_desktop=\u00bbdefault\u00bb column_element_spacing=\u00bbdefault\u00bb desktop_text_alignment=\u00bbdefault\u00bb tablet_text_alignment=\u00bbdefault\u00bb phone_text_alignment=\u00bbdefault\u00bb background_color_opacity=\u00bb1&#8243; background_hover_color_opacity=\u00bb1&#8243; column_backdrop_filter=\u00bbnone\u00bb column_shadow=\u00bbnone\u00bb column_border_radius=\u00bbnone\u00bb column_link_target=\u00bb_self\u00bb overflow=\u00bbvisible\u00bb gradient_direction=\u00bbleft_to_right\u00bb overlay_strength=\u00bb0.3&#8243; width=\u00bb1\/2&#8243; tablet_width_inherit=\u00bbdefault\u00bb animation_type=\u00bbdefault\u00bb bg_image_animation=\u00bbnone\u00bb border_type=\u00bbsimple\u00bb column_border_width=\u00bbnone\u00bb column_border_style=\u00bbsolid\u00bb][image_with_animation image_url=\u00bb22681&#8243; image_size=\u00bbfull\u00bb animation_type=\u00bbentrance\u00bb animation=\u00bbNone\u00bb animation_movement_type=\u00bbtransform_y\u00bb hover_animation=\u00bbnone\u00bb alignment=\u00bb\u00bb border_radius=\u00bbnone\u00bb box_shadow=\u00bbnone\u00bb image_loading=\u00bbdefault\u00bb max_width=\u00bb100%\u00bb max_width_mobile=\u00bbdefault\u00bb][divider line_type=\u00bbNo Line\u00bb custom_height=\u00bb20&#8243; custom_height_tablet=\u00bb0&#8243; custom_height_phone=\u00bb0&#8243;][vc_column_text]Cyberoo obtiene la marca Cybersecurity Made in Europe de ECSO, que certifica la calidad, la estabilidad y el origen europeo de los servicios ofrecidos, promoviendo una Europa independiente y resiliente.[\/vc_column_text][nectar_cta btn_style=\u00bbmaterial\u00bb heading_tag=\u00bbp\u00bb link_type=\u00bbnew_tab\u00bb alignment=\u00bbleft\u00bb alignment_tablet=\u00bbdefault\u00bb alignment_phone=\u00bbdefault\u00bb display=\u00bbblock\u00bb display_tablet=\u00bbinherit\u00bb display_phone=\u00bbinherit\u00bb link_text=\u00bbLEE LA NOTICIA DE PRENSA\u00bb url=\u00bbhttps:\/\/cyberoo.com\/en\/news\/cyberoo-obtains-the-cybersecurity-made-in-europe-label\/\u00bb][divider line_type=\u00bbNo Line\u00bb custom_height=\u00bb0&#8243; custom_height_tablet=\u00bb60&#8243; custom_height_phone=\u00bb60&#8243;][\/vc_column_inner][vc_column_inner column_padding=\u00bbno-extra-padding\u00bb column_padding_tablet=\u00bbinherit\u00bb column_padding_phone=\u00bbinherit\u00bb column_padding_position=\u00bball\u00bb column_element_direction_desktop=\u00bbdefault\u00bb column_element_spacing=\u00bbdefault\u00bb desktop_text_alignment=\u00bbdefault\u00bb tablet_text_alignment=\u00bbdefault\u00bb phone_text_alignment=\u00bbdefault\u00bb background_color_opacity=\u00bb1&#8243; background_hover_color_opacity=\u00bb1&#8243; column_backdrop_filter=\u00bbnone\u00bb column_shadow=\u00bbnone\u00bb column_border_radius=\u00bbnone\u00bb column_link_target=\u00bb_self\u00bb overflow=\u00bbvisible\u00bb gradient_direction=\u00bbleft_to_right\u00bb overlay_strength=\u00bb0.3&#8243; width=\u00bb1\/2&#8243; tablet_width_inherit=\u00bbdefault\u00bb animation_type=\u00bbdefault\u00bb bg_image_animation=\u00bbnone\u00bb border_type=\u00bbsimple\u00bb column_border_width=\u00bbnone\u00bb column_border_style=\u00bbsolid\u00bb][image_with_animation image_url=\u00bb1470&#8243; image_size=\u00bbfull\u00bb animation_type=\u00bbentrance\u00bb animation=\u00bbNone\u00bb animation_movement_type=\u00bbtransform_y\u00bb hover_animation=\u00bbnone\u00bb alignment=\u00bb\u00bb border_radius=\u00bbnone\u00bb box_shadow=\u00bbnone\u00bb image_loading=\u00bbdefault\u00bb max_width=\u00bb100%\u00bb max_width_mobile=\u00bbdefault\u00bb][divider line_type=\u00bbNo Line\u00bb custom_height=\u00bb20&#8243; custom_height_tablet=\u00bb0&#8243; custom_height_phone=\u00bb0&#8243;][vc_column_text]Cyberoo es CYB-CERT, acreditado por TF-CSIRT\/Trusted Introducer. Una confirmaci\u00f3n m\u00e1s de nuestra capacidad para garantizar la prevenci\u00f3n y respuesta a incidentes inform\u00e1ticos 24\/7. La ciberdelincuencia nunca duerme, \u00a1nosotros tampoco![\/vc_column_text][nectar_cta btn_style=\u00bbmaterial\u00bb heading_tag=\u00bbp\u00bb link_type=\u00bbnew_tab\u00bb alignment=\u00bbleft\u00bb alignment_tablet=\u00bbdefault\u00bb alignment_phone=\u00bbdefault\u00bb display=\u00bbblock\u00bb display_tablet=\u00bbinherit\u00bb display_phone=\u00bbinherit\u00bb link_text=\u00bbRFC 2350&#8243; url=\u00bbhttps:\/\/cyberoo.com\/rfc-2350\/\u00bb][\/vc_column_inner][\/vc_row_inner][\/vc_column][\/vc_row]\n","protected":false},"excerpt":{"rendered":"<p>[vc_row type=\u00bbfull_width_background\u00bb full_screen_row_position=\u00bbmiddle\u00bb column_margin=\u00bbdefault\u00bb column_direction=\u00bbdefault\u00bb column_direction_tablet=\u00bbdefault\u00bb column_direction_phone=\u00bbdefault\u00bb bg_image=\u00bb1477&#8243; bg_image_phone=\u00bb13011&#8243; bg_position=\u00bbright center\u00bb background_image_loading=\u00bbdefault\u00bb bg_repeat=\u00bbno-repeat\u00bb full_height=\u00bbyes\u00bb columns_placement=\u00bbbottom\u00bb scene_position=\u00bbcenter\u00bb text_color=\u00bbdark\u00bb text_align=\u00bbleft\u00bb row_border_radius=\u00bbnone\u00bb row_border_radius_applies=\u00bbbg\u00bb overflow=\u00bbvisible\u00bb color_overlay=\u00bbrgba(0,0,0,0.01)\u00bb color_overlay_2=\u00bb#000000&#8243; overlay_strength=\u00bb0.8&#8243; gradient_direction=\u00bbtop_to_bottom\u00bb shape_divider_position=\u00bbbottom\u00bb bg_image_animation=\u00bbzoom-out-slow\u00bb gradient_type=\u00bbdefault\u00bb shape_type=\u00bb\u00bb][vc_column column_padding=\u00bbno-extra-padding\u00bb&#8230;<\/p>\n","protected":false},"author":2,"featured_media":0,"parent":0,"menu_order":0,"comment_status":"closed","ping_status":"closed","template":"","meta":{"inline_featured_image":false,"footnotes":""},"class_list":["post-17424","page","type-page","status-publish"],"yoast_head":"<!-- This site is optimized with the Yoast SEO plugin v27.4 - https:\/\/yoast.com\/product\/yoast-seo-wordpress\/ -->\n<title>Certificaciones | Cyberoo<\/title>\n<meta name=\"description\" content=\"La satisfacci\u00f3n de nuestros clientes garantiza la calidad del trabajo en la ciberseguridad, pero las certificaciones tambi\u00e9n son clave.\" \/>\n<meta name=\"robots\" content=\"index, follow, max-snippet:-1, max-image-preview:large, max-video-preview:-1\" \/>\n<link rel=\"canonical\" href=\"https:\/\/cyberoo.com\/es\/certificaciones\/\" \/>\n<meta property=\"og:locale\" content=\"es_ES\" \/>\n<meta property=\"og:type\" content=\"article\" \/>\n<meta property=\"og:title\" content=\"Certificaciones | Cyberoo\" \/>\n<meta property=\"og:description\" content=\"La satisfacci\u00f3n de nuestros clientes garantiza la calidad del trabajo en la ciberseguridad, pero las certificaciones tambi\u00e9n son clave.\" \/>\n<meta property=\"og:url\" content=\"https:\/\/cyberoo.com\/es\/certificaciones\/\" \/>\n<meta property=\"og:site_name\" content=\"Cyberoo\" \/>\n<meta property=\"article:modified_time\" content=\"2025-10-24T08:46:49+00:00\" \/>\n<meta name=\"twitter:card\" content=\"summary_large_image\" \/>\n<meta name=\"twitter:site\" content=\"@CYBEROO_ITALIA\" \/>\n<meta name=\"twitter:label1\" content=\"Tiempo de lectura\" \/>\n\t<meta name=\"twitter:data1\" content=\"5 minutos\" \/>\n<script type=\"application\/ld+json\" class=\"yoast-schema-graph\">{\"@context\":\"https:\\\/\\\/schema.org\",\"@graph\":[{\"@type\":\"WebPage\",\"@id\":\"https:\\\/\\\/cyberoo.com\\\/es\\\/certificaciones\\\/\",\"url\":\"https:\\\/\\\/cyberoo.com\\\/es\\\/certificaciones\\\/\",\"name\":\"Certificaciones | Cyberoo\",\"isPartOf\":{\"@id\":\"https:\\\/\\\/cyberoo.com\\\/es\\\/#website\"},\"datePublished\":\"2023-05-18T09:12:16+00:00\",\"dateModified\":\"2025-10-24T08:46:49+00:00\",\"description\":\"La satisfacci\u00f3n de nuestros clientes garantiza la calidad del trabajo en la ciberseguridad, pero las certificaciones tambi\u00e9n son clave.\",\"breadcrumb\":{\"@id\":\"https:\\\/\\\/cyberoo.com\\\/es\\\/certificaciones\\\/#breadcrumb\"},\"inLanguage\":\"es\",\"potentialAction\":[{\"@type\":\"ReadAction\",\"target\":[\"https:\\\/\\\/cyberoo.com\\\/es\\\/certificaciones\\\/\"]}]},{\"@type\":\"BreadcrumbList\",\"@id\":\"https:\\\/\\\/cyberoo.com\\\/es\\\/certificaciones\\\/#breadcrumb\",\"itemListElement\":[{\"@type\":\"ListItem\",\"position\":1,\"name\":\"Home\",\"item\":\"https:\\\/\\\/cyberoo.com\\\/es\\\/\"},{\"@type\":\"ListItem\",\"position\":2,\"name\":\"Certificaciones\"}]},{\"@type\":\"WebSite\",\"@id\":\"https:\\\/\\\/cyberoo.com\\\/es\\\/#website\",\"url\":\"https:\\\/\\\/cyberoo.com\\\/es\\\/\",\"name\":\"Cyberoo\",\"description\":\"Superheroes are always ready for action\",\"publisher\":{\"@id\":\"https:\\\/\\\/cyberoo.com\\\/es\\\/#organization\"},\"potentialAction\":[{\"@type\":\"SearchAction\",\"target\":{\"@type\":\"EntryPoint\",\"urlTemplate\":\"https:\\\/\\\/cyberoo.com\\\/es\\\/?s={search_term_string}\"},\"query-input\":{\"@type\":\"PropertyValueSpecification\",\"valueRequired\":true,\"valueName\":\"search_term_string\"}}],\"inLanguage\":\"es\"},{\"@type\":\"Organization\",\"@id\":\"https:\\\/\\\/cyberoo.com\\\/es\\\/#organization\",\"name\":\"Cyberoo\",\"url\":\"https:\\\/\\\/cyberoo.com\\\/es\\\/\",\"logo\":{\"@type\":\"ImageObject\",\"inLanguage\":\"es\",\"@id\":\"https:\\\/\\\/cyberoo.com\\\/es\\\/#\\\/schema\\\/logo\\\/image\\\/\",\"url\":\"https:\\\/\\\/cyberoo.com\\\/wp-content\\\/uploads\\\/2023\\\/01\\\/CYBEROO-logo-dark.svg\",\"contentUrl\":\"https:\\\/\\\/cyberoo.com\\\/wp-content\\\/uploads\\\/2023\\\/01\\\/CYBEROO-logo-dark.svg\",\"width\":258,\"height\":38,\"caption\":\"Cyberoo\"},\"image\":{\"@id\":\"https:\\\/\\\/cyberoo.com\\\/es\\\/#\\\/schema\\\/logo\\\/image\\\/\"},\"sameAs\":[\"https:\\\/\\\/x.com\\\/CYBEROO_ITALIA\",\"https:\\\/\\\/it.linkedin.com\\\/company\\\/cyberoo-italia\",\"https:\\\/\\\/www.youtube.com\\\/channel\\\/UC7AwVDG9Ngdwohk_zPd25xQ\"]}]}<\/script>\n<!-- \/ Yoast SEO plugin. -->","yoast_head_json":{"title":"Certificaciones | Cyberoo","description":"La satisfacci\u00f3n de nuestros clientes garantiza la calidad del trabajo en la ciberseguridad, pero las certificaciones tambi\u00e9n son clave.","robots":{"index":"index","follow":"follow","max-snippet":"max-snippet:-1","max-image-preview":"max-image-preview:large","max-video-preview":"max-video-preview:-1"},"canonical":"https:\/\/cyberoo.com\/es\/certificaciones\/","og_locale":"es_ES","og_type":"article","og_title":"Certificaciones | Cyberoo","og_description":"La satisfacci\u00f3n de nuestros clientes garantiza la calidad del trabajo en la ciberseguridad, pero las certificaciones tambi\u00e9n son clave.","og_url":"https:\/\/cyberoo.com\/es\/certificaciones\/","og_site_name":"Cyberoo","article_modified_time":"2025-10-24T08:46:49+00:00","twitter_card":"summary_large_image","twitter_site":"@CYBEROO_ITALIA","twitter_misc":{"Tiempo de lectura":"5 minutos"},"schema":{"@context":"https:\/\/schema.org","@graph":[{"@type":"WebPage","@id":"https:\/\/cyberoo.com\/es\/certificaciones\/","url":"https:\/\/cyberoo.com\/es\/certificaciones\/","name":"Certificaciones | Cyberoo","isPartOf":{"@id":"https:\/\/cyberoo.com\/es\/#website"},"datePublished":"2023-05-18T09:12:16+00:00","dateModified":"2025-10-24T08:46:49+00:00","description":"La satisfacci\u00f3n de nuestros clientes garantiza la calidad del trabajo en la ciberseguridad, pero las certificaciones tambi\u00e9n son clave.","breadcrumb":{"@id":"https:\/\/cyberoo.com\/es\/certificaciones\/#breadcrumb"},"inLanguage":"es","potentialAction":[{"@type":"ReadAction","target":["https:\/\/cyberoo.com\/es\/certificaciones\/"]}]},{"@type":"BreadcrumbList","@id":"https:\/\/cyberoo.com\/es\/certificaciones\/#breadcrumb","itemListElement":[{"@type":"ListItem","position":1,"name":"Home","item":"https:\/\/cyberoo.com\/es\/"},{"@type":"ListItem","position":2,"name":"Certificaciones"}]},{"@type":"WebSite","@id":"https:\/\/cyberoo.com\/es\/#website","url":"https:\/\/cyberoo.com\/es\/","name":"Cyberoo","description":"Superheroes are always ready for action","publisher":{"@id":"https:\/\/cyberoo.com\/es\/#organization"},"potentialAction":[{"@type":"SearchAction","target":{"@type":"EntryPoint","urlTemplate":"https:\/\/cyberoo.com\/es\/?s={search_term_string}"},"query-input":{"@type":"PropertyValueSpecification","valueRequired":true,"valueName":"search_term_string"}}],"inLanguage":"es"},{"@type":"Organization","@id":"https:\/\/cyberoo.com\/es\/#organization","name":"Cyberoo","url":"https:\/\/cyberoo.com\/es\/","logo":{"@type":"ImageObject","inLanguage":"es","@id":"https:\/\/cyberoo.com\/es\/#\/schema\/logo\/image\/","url":"https:\/\/cyberoo.com\/wp-content\/uploads\/2023\/01\/CYBEROO-logo-dark.svg","contentUrl":"https:\/\/cyberoo.com\/wp-content\/uploads\/2023\/01\/CYBEROO-logo-dark.svg","width":258,"height":38,"caption":"Cyberoo"},"image":{"@id":"https:\/\/cyberoo.com\/es\/#\/schema\/logo\/image\/"},"sameAs":["https:\/\/x.com\/CYBEROO_ITALIA","https:\/\/it.linkedin.com\/company\/cyberoo-italia","https:\/\/www.youtube.com\/channel\/UC7AwVDG9Ngdwohk_zPd25xQ"]}]}},"_links":{"self":[{"href":"https:\/\/cyberoo.com\/es\/wp-json\/wp\/v2\/pages\/17424","targetHints":{"allow":["GET"]}}],"collection":[{"href":"https:\/\/cyberoo.com\/es\/wp-json\/wp\/v2\/pages"}],"about":[{"href":"https:\/\/cyberoo.com\/es\/wp-json\/wp\/v2\/types\/page"}],"author":[{"embeddable":true,"href":"https:\/\/cyberoo.com\/es\/wp-json\/wp\/v2\/users\/2"}],"replies":[{"embeddable":true,"href":"https:\/\/cyberoo.com\/es\/wp-json\/wp\/v2\/comments?post=17424"}],"version-history":[{"count":13,"href":"https:\/\/cyberoo.com\/es\/wp-json\/wp\/v2\/pages\/17424\/revisions"}],"predecessor-version":[{"id":23904,"href":"https:\/\/cyberoo.com\/es\/wp-json\/wp\/v2\/pages\/17424\/revisions\/23904"}],"wp:attachment":[{"href":"https:\/\/cyberoo.com\/es\/wp-json\/wp\/v2\/media?parent=17424"}],"curies":[{"name":"wp","href":"https:\/\/api.w.org\/{rel}","templated":true}]}}